{"id":9895,"date":"2024-03-28T16:56:01","date_gmt":"2024-03-28T15:56:01","guid":{"rendered":"https:\/\/negevdesert.ch\/?post_type=product&#038;p=9895"},"modified":"2026-03-14T12:54:53","modified_gmt":"2026-03-14T11:54:53","slug":"yaffo-hommage-mlabec","status":"publish","type":"product","link":"https:\/\/negevdesert.ch\/fr\/produit\/yaffo-hommage-mlabec\/","title":{"rendered":"Yaffo &#8211; Hommage Malbec"},"content":{"rendered":"<h4 class=\"uppercase\"><span class=\"fancy-underline\" style=\"color: #f99b1c; font-size: 100%;\">YAFFO wineRY<\/span><\/h4>\n<p><span style=\"font-size: 120%;\" data-text-color=\"primary\"><em><strong>Hommage &#8211; Malbec<\/strong><\/em><\/span><\/p>\n<p><strong>Ann\u00e9e<\/strong> : 2022<\/p>\n<p dir=\"ltr\"><strong>Alcool:<\/strong>\u00a013.5%<\/p>\n<p dir=\"ltr\"><strong>Volume<\/strong>\u00a0: 750ml<\/p>\n<p dir=\"ltr\"><strong>Maturit\u00e9:<\/strong>\u00a0<strong>12 mois<\/strong> dans des f\u00fbts en ch\u00eane fran\u00e7ais et am\u00e9ricains.<\/p>\n<p dir=\"ltr\"><strong>Caract\u00e8re:<\/strong> Ce Merlot est velout\u00e9, de bon corps et agr\u00e9ablement tannique. Ar\u00f4mes de prunes m\u00fbres avec fin de bouche tr\u00e8s persistante, le c\u00e9page apporte au vin corps et structure.<\/p>\n<p dir=\"ltr\"><strong>Suggestions d&rsquo;accompagnements:<\/strong> Un excellent accompagnement pour la viande rouge, en particulier l&rsquo;agneau r\u00f4ti au four, la volaille et d&rsquo;autres plats riches en saveurs.<\/p>\n<p><em>Casher\/cacher le\u2019Pessah\/Pessach\/Pessa\u2019h<\/em><\/p>\n<p><strong><a href=\"https:\/\/en.wikipedia.org\/wiki\/Israel\" rel=\"nofollow noopener\" target=\"_blank\"><em>PRODUIT EN ISRA\u00cbL \u2013 vall\u00e9e de Ella<\/em><\/a><\/strong><\/p>\n<p>&nbsp;<\/p>\n<h5 class=\"alt-font\" style=\"text-align: center;\"><em><strong>Negev Desert \u2013<\/strong>\u00a0Vins et \u00e9picerie fine cacher\/casher de niche d\u2019Isra\u00ebl<\/em><\/h5>\n<h5 class=\"alt-font\" style=\"text-align: center;\"><em><strong>Suisse \u2013\u00a0<\/strong>Gen\u00e8ve \u2013 Zurich \u2013 B\u00e2le<\/em><\/h5>\n<h5><\/h5>\n<div style='text-align:left' class='yasr-auto-insert-overall'><\/div><div style='text-align:left' class='yasr-auto-insert-visitor'><!--Yasr Visitor Votes Shortcode--><div id='yasr_visitor_votes_5e4e626548f9e' class='yasr-visitor-votes'><div class=\"yasr-custom-text-vv-before yasr-custom-text-vv-before-9895\">Click to rate this post!<\/div><div id='yasr-vv-second-row-container-5e4e626548f9e'\r\n                                        class='yasr-vv-second-row-container'><div id='yasr-visitor-votes-rater-5e4e626548f9e'\r\n                                      class='yasr-rater-stars-vv'\r\n                                      data-rater-postid='9895'\r\n                                      data-rating='0'\r\n                                      data-rater-starsize='24'\r\n                                      data-rater-readonly='false'\r\n                                      data-rater-nonce='2217b64c0f'\r\n                                      data-issingular='false'\r\n                                    ><\/div><div class=\"yasr-vv-stats-text-container\" id=\"yasr-vv-stats-text-container-5e4e626548f9e\"><svg xmlns=\"https:\/\/www.w3.org\/2000\/svg\" width=\"20\" height=\"20\"\r\n                                   class=\"yasr-dashicons-visitor-stats\"\r\n                                   data-postid=\"9895\"\r\n                                   id=\"yasr-stats-dashicon-5e4e626548f9e\">\r\n                                   <path d=\"M18 18v-16h-4v16h4zM12 18v-11h-4v11h4zM6 18v-8h-4v8h4z\"><\/path>\r\n                               <\/svg><span id=\"yasr-vv-text-container-5e4e626548f9e\" class=\"yasr-vv-text-container\">[Total: <span id=\"yasr-vv-votes-number-container-5e4e626548f9e\">0<\/span>  Average: <span id=\"yasr-vv-average-container-5e4e626548f9e\">0<\/span>]<\/span><\/div><div id='yasr-vv-loader-5e4e626548f9e' class='yasr-vv-container-loader'><\/div><\/div><div id='yasr-vv-bottom-container-5e4e626548f9e' class='yasr-vv-bottom-container'><\/div><\/div><!--End Yasr Visitor Votes Shortcode--><\/div>","protected":false},"excerpt":{"rendered":"<h4><strong>\u00a0Malbec &amp; Cabernet Franc &#8211; Sec<\/strong><\/h4>\n<p><em><span style=\"font-size: 110%;\"><strong> 2022<\/strong><\/span><\/em><\/p>\n<p dir=\"ltr\">\n","protected":false},"featured_media":9896,"comment_status":"open","ping_status":"closed","template":"","meta":{"yasr_overall_rating":0,"yasr_post_is_review":"","yasr_auto_insert_disabled":"","yasr_review_type":""},"product_brand":[90],"product_cat":[66],"product_tag":[238,137,94,160],"class_list":{"0":"post-9895","1":"product","2":"type-product","3":"status-publish","4":"has-post-thumbnail","6":"product_brand-yaffo-winery-fr","7":"product_cat-rouge-vin-cacher","8":"product_tag-magasin-casher-en-ligne","9":"product_tag-vin-cacher","10":"product_tag-vin-cacner-israel-casher-kasher-geneve-suisse","11":"product_tag-vin-israel","13":"first","14":"instock","15":"shipping-taxable","16":"purchasable","17":"product-type-simple"},"acf":[],"yasr_visitor_votes":{"stars_attributes":{"read_only":false,"span_bottom":false},"number_of_votes":0,"sum_votes":0},"_links":{"self":[{"href":"https:\/\/negevdesert.ch\/fr\/wp-json\/wp\/v2\/product\/9895","targetHints":{"allow":["GET"]}}],"collection":[{"href":"https:\/\/negevdesert.ch\/fr\/wp-json\/wp\/v2\/product"}],"about":[{"href":"https:\/\/negevdesert.ch\/fr\/wp-json\/wp\/v2\/types\/product"}],"replies":[{"embeddable":true,"href":"https:\/\/negevdesert.ch\/fr\/wp-json\/wp\/v2\/comments?post=9895"}],"wp:featuredmedia":[{"embeddable":true,"href":"https:\/\/negevdesert.ch\/fr\/wp-json\/wp\/v2\/media\/9896"}],"wp:attachment":[{"href":"https:\/\/negevdesert.ch\/fr\/wp-json\/wp\/v2\/media?parent=9895"}],"wp:term":[{"taxonomy":"product_brand","embeddable":true,"href":"https:\/\/negevdesert.ch\/fr\/wp-json\/wp\/v2\/product_brand?post=9895"},{"taxonomy":"product_cat","embeddable":true,"href":"https:\/\/negevdesert.ch\/fr\/wp-json\/wp\/v2\/product_cat?post=9895"},{"taxonomy":"product_tag","embeddable":true,"href":"https:\/\/negevdesert.ch\/fr\/wp-json\/wp\/v2\/product_tag?post=9895"}],"curies":[{"name":"wp","href":"https:\/\/api.w.org\/{rel}","templated":true}]}}