{"id":985,"date":"2018-06-01T10:54:48","date_gmt":"2018-06-01T07:54:48","guid":{"rendered":"http:\/\/negevdesert.ch\/product\/yaffo-hommage-rose\/"},"modified":"2024-08-26T18:57:43","modified_gmt":"2024-08-26T16:57:43","slug":"yaffo-winery-negev-desert-vins-casher-de-niche-disrael-geneve-suisse","status":"publish","type":"product","link":"https:\/\/negevdesert.ch\/fr\/produit\/yaffo-winery-negev-desert-vins-casher-de-niche-disrael-geneve-suisse\/","title":{"rendered":"Yaffo \u2013 Hommage Ros\u00e9"},"content":{"rendered":"<div class=\"product-description\">\n<h4 class=\"uppercase\"><span class=\"fancy-underline\" style=\"color: #f99b1c; font-size: 100%;\">YAFFO wineRY<\/span><\/h4>\n<p><span style=\"font-size: 120%;\" data-text-color=\"primary\"><em><strong>Hommage &#8211; Ros\u00e9<\/strong><\/em><\/span><\/p>\n<p><strong>Ann\u00e9e<\/strong>: 2021<\/p>\n<p><strong>Alcool<\/strong>\u00a0: 12.4%<\/p>\n<p><strong>Volume:\u00a0<\/strong>750ml<\/p>\n<div>\n<div>\n<p><strong>Caract\u00e8re<\/strong>: Un vin semi-sec issu \u00e0 100% de raisins de merlot issus de la fermentation \u00e0 froid pour pr\u00e9server l&rsquo;ar\u00f4me et les saveurs subtiles de fraise et de fruits sucr\u00e9s, qui font de ce vin un choix estival agr\u00e9able.<\/p>\n<p><strong>Suggestions d&rsquo;accompagnements<\/strong>: D\u00e9gustez ce vin avec des fromages. Gr\u00e2ce \u00e0 sa douceur d\u00e9licate, il est possible de l&rsquo;associer \u00e0 des aliments bien assaisonn\u00e9s ainsi qu&rsquo;aux poissons et charcuteries.<\/p>\n<p><strong>Temp\u00e9rature de d\u00e9gustation:<\/strong> 6-10 degr\u00e9s Celsius<\/p>\n<p><strong>Couleur<\/strong> : Une couleur orange-rose clair<\/p>\n<\/div>\n<div>\n<p><em>Casher\/cacher le\u2019Pessah\/Pessach\/Pessa\u2019h<\/em><\/p>\n<p><strong><a href=\"https:\/\/en.wikipedia.org\/wiki\/Israel\" rel=\"nofollow noopener\" target=\"_blank\"><em>PRODUIT EN ISRA\u00cbL \u2013 vall\u00e9e de Ella<\/em><\/a><\/strong><\/p>\n<p>&nbsp;<\/p>\n<h5 class=\"alt-font\" style=\"text-align: center;\"><em><strong>Negev Desert \u2013<\/strong>\u00a0Vins et \u00e9picerie fine cacher\/casher de niche d\u2019Isra\u00ebl<\/em><\/h5>\n<h5 class=\"alt-font\" style=\"text-align: center;\"><em><strong>Suisse \u2013\u00a0<\/strong>Gen\u00e8ve \u2013 Zurich \u2013 B\u00e2le<\/em><\/h5>\n<p>&nbsp;<\/p>\n<\/div>\n<p>&nbsp;<\/p>\n<\/div>\n<\/div>\n<div style='text-align:left' class='yasr-auto-insert-overall'><\/div><div style='text-align:left' class='yasr-auto-insert-visitor'><!--Yasr Visitor Votes Shortcode--><div id='yasr_visitor_votes_fd9ea96d8ffd0' class='yasr-visitor-votes'><div class=\"yasr-custom-text-vv-before yasr-custom-text-vv-before-985\">Click to rate this post!<\/div><div id='yasr-vv-second-row-container-fd9ea96d8ffd0'\r\n                                        class='yasr-vv-second-row-container'><div id='yasr-visitor-votes-rater-fd9ea96d8ffd0'\r\n                                      class='yasr-rater-stars-vv'\r\n                                      data-rater-postid='985'\r\n                                      data-rating='0'\r\n                                      data-rater-starsize='24'\r\n                                      data-rater-readonly='false'\r\n                                      data-rater-nonce='31f212ff2e'\r\n                                      data-issingular='false'\r\n                                    ><\/div><div class=\"yasr-vv-stats-text-container\" id=\"yasr-vv-stats-text-container-fd9ea96d8ffd0\"><svg xmlns=\"https:\/\/www.w3.org\/2000\/svg\" width=\"20\" height=\"20\"\r\n                                   class=\"yasr-dashicons-visitor-stats\"\r\n                                   data-postid=\"985\"\r\n                                   id=\"yasr-stats-dashicon-fd9ea96d8ffd0\">\r\n                                   <path d=\"M18 18v-16h-4v16h4zM12 18v-11h-4v11h4zM6 18v-8h-4v8h4z\"><\/path>\r\n                               <\/svg><span id=\"yasr-vv-text-container-fd9ea96d8ffd0\" class=\"yasr-vv-text-container\">[Total: <span id=\"yasr-vv-votes-number-container-fd9ea96d8ffd0\">0<\/span>  Average: <span id=\"yasr-vv-average-container-fd9ea96d8ffd0\">0<\/span>]<\/span><\/div><div id='yasr-vv-loader-fd9ea96d8ffd0' class='yasr-vv-container-loader'><\/div><\/div><div id='yasr-vv-bottom-container-fd9ea96d8ffd0' class='yasr-vv-bottom-container'><\/div><\/div><!--End Yasr Visitor Votes Shortcode--><\/div>","protected":false},"excerpt":{"rendered":"<div class=\"box-9\">\n<div class=\"product-description\">\n<h4><strong>100% Merlot &#8211; Semi Sec<\/strong><\/h4>\n<p><em><strong><span style=\"font-size: 110%;\">2021<\/span><\/strong><\/em><\/p>\n<\/div>\n<div><\/div>\n<\/div>\n","protected":false},"featured_media":989,"comment_status":"open","ping_status":"closed","template":"","meta":{"yasr_overall_rating":0,"yasr_post_is_review":"","yasr_auto_insert_disabled":"","yasr_review_type":""},"product_brand":[90],"product_cat":[70,60],"product_tag":[],"class_list":{"0":"post-985","1":"product","2":"type-product","3":"status-publish","4":"has-post-thumbnail","6":"product_brand-yaffo-winery-fr","7":"product_cat-rose-fr","8":"product_cat-vins-casher-cacher-de-niche-disrael-cacher-le-pessah","10":"first","11":"outofstock","12":"shipping-taxable","13":"purchasable","14":"product-type-simple"},"acf":[],"yasr_visitor_votes":{"stars_attributes":{"read_only":false,"span_bottom":false},"number_of_votes":0,"sum_votes":0},"_links":{"self":[{"href":"https:\/\/negevdesert.ch\/fr\/wp-json\/wp\/v2\/product\/985","targetHints":{"allow":["GET"]}}],"collection":[{"href":"https:\/\/negevdesert.ch\/fr\/wp-json\/wp\/v2\/product"}],"about":[{"href":"https:\/\/negevdesert.ch\/fr\/wp-json\/wp\/v2\/types\/product"}],"replies":[{"embeddable":true,"href":"https:\/\/negevdesert.ch\/fr\/wp-json\/wp\/v2\/comments?post=985"}],"wp:featuredmedia":[{"embeddable":true,"href":"https:\/\/negevdesert.ch\/fr\/wp-json\/wp\/v2\/media\/989"}],"wp:attachment":[{"href":"https:\/\/negevdesert.ch\/fr\/wp-json\/wp\/v2\/media?parent=985"}],"wp:term":[{"taxonomy":"product_brand","embeddable":true,"href":"https:\/\/negevdesert.ch\/fr\/wp-json\/wp\/v2\/product_brand?post=985"},{"taxonomy":"product_cat","embeddable":true,"href":"https:\/\/negevdesert.ch\/fr\/wp-json\/wp\/v2\/product_cat?post=985"},{"taxonomy":"product_tag","embeddable":true,"href":"https:\/\/negevdesert.ch\/fr\/wp-json\/wp\/v2\/product_tag?post=985"}],"curies":[{"name":"wp","href":"https:\/\/api.w.org\/{rel}","templated":true}]}}