{"id":979,"date":"2018-06-01T11:11:00","date_gmt":"2018-06-01T08:11:00","guid":{"rendered":"http:\/\/negevdesert.ch\/product\/rn-kadesh-rose\/"},"modified":"2025-08-25T16:56:37","modified_gmt":"2025-08-25T14:56:37","slug":"rn-kadesh-rose-negev-desert-vins-casher-de-niche-disrael-geneve-suisse","status":"publish","type":"product","link":"https:\/\/negevdesert.ch\/fr\/produit\/rn-kadesh-rose-negev-desert-vins-casher-de-niche-disrael-geneve-suisse\/","title":{"rendered":"RN Kadesh \u2013 Ros\u00e9"},"content":{"rendered":"<h4 class=\"uppercase\"><span class=\"fancy-underline\" style=\"color: #f99b1c; font-size: 100%;\">(rn) rAMat negev winery<\/span><\/h4>\n<p><span style=\"font-size: 120%;\" data-text-color=\"primary\"><em><strong>Kadesh &#8211; Ros\u00e9<\/strong><\/em><\/span><\/p>\n<p><b>Ann\u00e9e : <\/b>2021<\/p>\n<p><strong>Alcool<\/strong> : 13%<\/p>\n<p><strong>Volume: <\/strong>750ml<\/p>\n<div>\n<div>\n<p><strong>Caract\u00e8re <\/strong>: Vin rafra\u00eechissant, jeune et fleuri; ar\u00f4mes de pamplemousse, baies et p\u00eache. La couleur claire orange-ros\u00e9 est obtenue gr\u00e2ce \u00e0 un contact tr\u00e8s bref avec la peau du raisin.<\/p>\n<p><strong>Suggestion d&rsquo;accompagnement:\u00a0<\/strong>Ce vin est excellent avec des plats \u00e9pic\u00e9s et bien assaisonn\u00e9s. Egalement d\u00e9licieux avec tout genre de fromages.<\/p>\n<p class=\"p1\"><strong>Temp\u00e9rature de d\u00e9gustation:<\/strong>\u00a08 degr\u00e9s Celsius<\/p>\n<p><em>Cacher\/casher le\u2019Pessah\/Pessach<\/em><\/p>\n<\/div>\n<div>\n<p><strong><a href=\"https:\/\/en.wikipedia.org\/wiki\/Israel\" rel=\"nofollow noopener\" target=\"_blank\"><em>PRODUIT EN ISRA\u00cbL \u2013 Moshav Kadesh Barnea<\/em><\/a><\/strong><\/p>\n<p>&nbsp;<\/p>\n<h4 class=\"alt-font\" style=\"text-align: center;\"><em><strong>Negev Desert \u2013<\/strong>\u00a0Vins et \u00e9picerie fine cacher\/casher de niche d\u2019Isra\u00ebl<\/em><\/h4>\n<h4 class=\"alt-font\" style=\"text-align: center;\"><em><strong>Suisse \u2013\u00a0<\/strong>Gen\u00e8ve \u2013 Zurich \u2013 B\u00e2le<\/em><\/h4>\n<div class=\"woocommerce-tabs container tabbed-content\">\n<div class=\"tab-panels\">\n<div id=\"tab-description\" class=\"panel entry-content active\">\n<h4 style=\"text-align: center;\"><\/h4>\n<\/div>\n<\/div>\n<\/div>\n<div class=\"related related-products-wrapper product-section\"><\/div>\n<div>\n<div class=\"woocommerce-tabs container tabbed-content\"><\/div>\n<\/div>\n<div>\n<div id=\"container\">\n<div id=\"content\" role=\"main\">\n<div id=\"product-909\" class=\"post-909 product type-product status-publish has-post-thumbnail product_cat-rose product_cat-wine shipping-taxable purchasable product-type-simple product-cat-rose product-cat-wine instock\">\n<div class=\"box-9\">\n<div class=\"product-description\">\n<div>\n<div>\n<div><\/div>\n<\/div>\n<\/div>\n<\/div>\n<\/div>\n<\/div>\n<\/div>\n<\/div>\n<\/div>\n<\/div>\n<\/div>\n<div style='text-align:left' class='yasr-auto-insert-overall'><\/div><div style='text-align:left' class='yasr-auto-insert-visitor'><!--Yasr Visitor Votes Shortcode--><div id='yasr_visitor_votes_0fae8a6a2393d' class='yasr-visitor-votes'><div class=\"yasr-custom-text-vv-before yasr-custom-text-vv-before-979\">Click to rate this post!<\/div><div id='yasr-vv-second-row-container-0fae8a6a2393d'\r\n                                        class='yasr-vv-second-row-container'><div id='yasr-visitor-votes-rater-0fae8a6a2393d'\r\n                                      class='yasr-rater-stars-vv'\r\n                                      data-rater-postid='979'\r\n                                      data-rating='0'\r\n                                      data-rater-starsize='24'\r\n                                      data-rater-readonly='false'\r\n                                      data-rater-nonce='2217b64c0f'\r\n                                      data-issingular='false'\r\n                                    ><\/div><div class=\"yasr-vv-stats-text-container\" id=\"yasr-vv-stats-text-container-0fae8a6a2393d\"><svg xmlns=\"https:\/\/www.w3.org\/2000\/svg\" width=\"20\" height=\"20\"\r\n                                   class=\"yasr-dashicons-visitor-stats\"\r\n                                   data-postid=\"979\"\r\n                                   id=\"yasr-stats-dashicon-0fae8a6a2393d\">\r\n                                   <path d=\"M18 18v-16h-4v16h4zM12 18v-11h-4v11h4zM6 18v-8h-4v8h4z\"><\/path>\r\n                               <\/svg><span id=\"yasr-vv-text-container-0fae8a6a2393d\" class=\"yasr-vv-text-container\">[Total: <span id=\"yasr-vv-votes-number-container-0fae8a6a2393d\">0<\/span>  Average: <span id=\"yasr-vv-average-container-0fae8a6a2393d\">0<\/span>]<\/span><\/div><div id='yasr-vv-loader-0fae8a6a2393d' class='yasr-vv-container-loader'><\/div><\/div><div id='yasr-vv-bottom-container-0fae8a6a2393d' class='yasr-vv-bottom-container'><\/div><\/div><!--End Yasr Visitor Votes Shortcode--><\/div>","protected":false},"excerpt":{"rendered":"<h4 dir=\"ltr\"><strong>Cabernet Sauvignon &amp; Malbec &#8211;\u00a0<\/strong><\/h4>\n<h4 dir=\"ltr\"><strong>Sec<\/strong><\/h4>\n<p dir=\"ltr\"><em><span style=\"color: #0000ff; font-size: 110%;\" data-text-color=\"primary\"><strong>2021<\/strong><\/span><\/em><\/p>\n<p dir=\"ltr\">\n","protected":false},"featured_media":8764,"comment_status":"open","ping_status":"closed","template":"","meta":{"yasr_overall_rating":0,"yasr_post_is_review":"","yasr_auto_insert_disabled":"","yasr_review_type":""},"product_brand":[88],"product_cat":[52,70,60],"product_tag":[137],"class_list":{"0":"post-979","1":"product","2":"type-product","3":"status-publish","4":"has-post-thumbnail","6":"product_brand-ramat-negev-winery-fr","7":"product_cat-magasin-en-ligne-casher-pessah","8":"product_cat-rose-fr","9":"product_cat-vins-casher-cacher-de-niche-disrael-cacher-le-pessah","10":"product_tag-vin-cacher","12":"first","13":"instock","14":"shipping-taxable","15":"purchasable","16":"product-type-simple"},"acf":[],"yasr_visitor_votes":{"stars_attributes":{"read_only":false,"span_bottom":false},"number_of_votes":0,"sum_votes":0},"_links":{"self":[{"href":"https:\/\/negevdesert.ch\/fr\/wp-json\/wp\/v2\/product\/979","targetHints":{"allow":["GET"]}}],"collection":[{"href":"https:\/\/negevdesert.ch\/fr\/wp-json\/wp\/v2\/product"}],"about":[{"href":"https:\/\/negevdesert.ch\/fr\/wp-json\/wp\/v2\/types\/product"}],"replies":[{"embeddable":true,"href":"https:\/\/negevdesert.ch\/fr\/wp-json\/wp\/v2\/comments?post=979"}],"wp:featuredmedia":[{"embeddable":true,"href":"https:\/\/negevdesert.ch\/fr\/wp-json\/wp\/v2\/media\/8764"}],"wp:attachment":[{"href":"https:\/\/negevdesert.ch\/fr\/wp-json\/wp\/v2\/media?parent=979"}],"wp:term":[{"taxonomy":"product_brand","embeddable":true,"href":"https:\/\/negevdesert.ch\/fr\/wp-json\/wp\/v2\/product_brand?post=979"},{"taxonomy":"product_cat","embeddable":true,"href":"https:\/\/negevdesert.ch\/fr\/wp-json\/wp\/v2\/product_cat?post=979"},{"taxonomy":"product_tag","embeddable":true,"href":"https:\/\/negevdesert.ch\/fr\/wp-json\/wp\/v2\/product_tag?post=979"}],"curies":[{"name":"wp","href":"https:\/\/api.w.org\/{rel}","templated":true}]}}