{"id":973,"date":"2018-06-01T11:30:17","date_gmt":"2018-06-01T08:30:17","guid":{"rendered":"http:\/\/negevdesert.ch\/product\/rn-kadesh-negev\/"},"modified":"2026-03-24T17:08:26","modified_gmt":"2026-03-24T16:08:26","slug":"rn-kadesh-negev","status":"publish","type":"product","link":"https:\/\/negevdesert.ch\/fr\/produit\/rn-kadesh-negev\/","title":{"rendered":"RN Kadesh \u2013 Negev"},"content":{"rendered":"<h4 class=\"uppercase\"><span class=\"fancy-underline\" style=\"color: #f99b1c; font-size: 100%;\">(rn) rAMat negev winery<\/span><\/h4>\n<p><span style=\"font-size: 120%;\" data-text-color=\"primary\"><em><strong>Kadesh &#8211; Negev<\/strong><\/em><\/span><\/p>\n<p><strong>Ann\u00e9e<\/strong>: 2024<\/p>\n<p><strong>Alcool: <\/strong>13.5%<\/p>\n<p><strong>Volume<\/strong>: 750ml<\/p>\n<p><strong>Maturit\u00e9<\/strong>: <strong>10 mois<\/strong> dans des f\u00fbts en ch\u00eane am\u00e9ricains<\/p>\n<p><strong>Caract\u00e8re<\/strong>: Cors\u00e9, avec des tanins doux, un bel \u00e9quilibre entre le go\u00fbt du raisin et les f\u00fbts en ch\u00eane. En bouche, un go\u00fbt de fruits rouges, d&rsquo;herbes r\u00f4ties, d&rsquo;olives noires et de chocolat noir<\/p>\n<p><strong>Suggestions d&rsquo;accompagnements:\u00a0<\/strong>Gr\u00e2ce \u00e0 son acidit\u00e9 rafra\u00eechissante, il accompagnera \u00e0 merveille les viandes, les fromages et les plats \u00e0 forte teneur en mati\u00e8res grasses. De plus, en raison de sa taille moyenne, elle s&rsquo;accordera bien avec les p\u00e2tes et les plats de poisson.<\/p>\n<p><em>Cacher\/casher le&rsquo;Pessah\/Pessach<\/em><\/p>\n<p><em><strong>PRODUIT EN ISRA\u00cbL<\/strong><\/em> &#8211; Moshav Kadesh Barnea<\/p>\n<p>&nbsp;<\/p>\n<h4 class=\"alt-font\" style=\"text-align: center;\"><em><strong>Negev Desert \u2013<\/strong> Vins cacher\/casher de niche d\u2019Isra\u00ebl<\/em><\/h4>\n<h4 class=\"alt-font\" style=\"text-align: center;\"><em><strong>Suisse \u2013 <\/strong>Gen\u00e8ve \u2013 Zurich \u2013 B\u00e2le<\/em><\/h4>\n<div style='text-align:left' class='yasr-auto-insert-overall'><\/div><div style='text-align:left' class='yasr-auto-insert-visitor'><!--Yasr Visitor Votes Shortcode--><div id='yasr_visitor_votes_f269eda619e47' class='yasr-visitor-votes'><div class=\"yasr-custom-text-vv-before yasr-custom-text-vv-before-973\">Click to rate this post!<\/div><div id='yasr-vv-second-row-container-f269eda619e47'\r\n                                        class='yasr-vv-second-row-container'><div id='yasr-visitor-votes-rater-f269eda619e47'\r\n                                      class='yasr-rater-stars-vv'\r\n                                      data-rater-postid='973'\r\n                                      data-rating='0'\r\n                                      data-rater-starsize='24'\r\n                                      data-rater-readonly='false'\r\n                                      data-rater-nonce='2217b64c0f'\r\n                                      data-issingular='false'\r\n                                    ><\/div><div class=\"yasr-vv-stats-text-container\" id=\"yasr-vv-stats-text-container-f269eda619e47\"><svg xmlns=\"https:\/\/www.w3.org\/2000\/svg\" width=\"20\" height=\"20\"\r\n                                   class=\"yasr-dashicons-visitor-stats\"\r\n                                   data-postid=\"973\"\r\n                                   id=\"yasr-stats-dashicon-f269eda619e47\">\r\n                                   <path d=\"M18 18v-16h-4v16h4zM12 18v-11h-4v11h4zM6 18v-8h-4v8h4z\"><\/path>\r\n                               <\/svg><span id=\"yasr-vv-text-container-f269eda619e47\" class=\"yasr-vv-text-container\">[Total: <span id=\"yasr-vv-votes-number-container-f269eda619e47\">0<\/span>  Average: <span id=\"yasr-vv-average-container-f269eda619e47\">0<\/span>]<\/span><\/div><div id='yasr-vv-loader-f269eda619e47' class='yasr-vv-container-loader'><\/div><\/div><div id='yasr-vv-bottom-container-f269eda619e47' class='yasr-vv-bottom-container'><\/div><\/div><!--End Yasr Visitor Votes Shortcode--><\/div>","protected":false},"excerpt":{"rendered":"<h4><strong>50% Cabernet Sauvignon, 30% Shiraz &amp; 20% Cabernet Franc &#8211; Sec<br \/>\n<\/strong><\/h4>\n<p><span data-text-color=\"primary\"><em><strong>2024<\/strong><\/em><\/span><\/p>\n","protected":false},"featured_media":8818,"comment_status":"open","ping_status":"closed","template":"","meta":{"yasr_overall_rating":0,"yasr_post_is_review":"","yasr_auto_insert_disabled":"","yasr_review_type":""},"product_brand":[88],"product_cat":[66,60],"product_tag":[137],"class_list":{"0":"post-973","1":"product","2":"type-product","3":"status-publish","4":"has-post-thumbnail","6":"product_brand-ramat-negev-winery-fr","7":"product_cat-rouge-vin-cacher","8":"product_cat-vins-casher-cacher-de-niche-disrael-cacher-le-pessah","9":"product_tag-vin-cacher","11":"first","12":"instock","13":"shipping-taxable","14":"purchasable","15":"product-type-simple"},"acf":[],"yasr_visitor_votes":{"stars_attributes":{"read_only":false,"span_bottom":false},"number_of_votes":0,"sum_votes":0},"_links":{"self":[{"href":"https:\/\/negevdesert.ch\/fr\/wp-json\/wp\/v2\/product\/973","targetHints":{"allow":["GET"]}}],"collection":[{"href":"https:\/\/negevdesert.ch\/fr\/wp-json\/wp\/v2\/product"}],"about":[{"href":"https:\/\/negevdesert.ch\/fr\/wp-json\/wp\/v2\/types\/product"}],"replies":[{"embeddable":true,"href":"https:\/\/negevdesert.ch\/fr\/wp-json\/wp\/v2\/comments?post=973"}],"wp:featuredmedia":[{"embeddable":true,"href":"https:\/\/negevdesert.ch\/fr\/wp-json\/wp\/v2\/media\/8818"}],"wp:attachment":[{"href":"https:\/\/negevdesert.ch\/fr\/wp-json\/wp\/v2\/media?parent=973"}],"wp:term":[{"taxonomy":"product_brand","embeddable":true,"href":"https:\/\/negevdesert.ch\/fr\/wp-json\/wp\/v2\/product_brand?post=973"},{"taxonomy":"product_cat","embeddable":true,"href":"https:\/\/negevdesert.ch\/fr\/wp-json\/wp\/v2\/product_cat?post=973"},{"taxonomy":"product_tag","embeddable":true,"href":"https:\/\/negevdesert.ch\/fr\/wp-json\/wp\/v2\/product_tag?post=973"}],"curies":[{"name":"wp","href":"https:\/\/api.w.org\/{rel}","templated":true}]}}