{"id":961,"date":"2018-06-01T12:31:53","date_gmt":"2018-06-01T09:31:53","guid":{"rendered":"http:\/\/negevdesert.ch\/product\/yaffo-sauvage\/"},"modified":"2026-03-24T17:08:26","modified_gmt":"2026-03-24T16:08:26","slug":"yaffo-winery-sauvage-negev-desert-vins-casher-de-niche-disrael-geneve-suisse","status":"publish","type":"product","link":"https:\/\/negevdesert.ch\/fr\/produit\/yaffo-winery-sauvage-negev-desert-vins-casher-de-niche-disrael-geneve-suisse\/","title":{"rendered":"Yaffo \u2013 Sauvage"},"content":{"rendered":"<h4 class=\"uppercase\"><span class=\"fancy-underline\" style=\"color: #f99b1c; font-size: 100%;\">YAFFO wineRY<\/span><\/h4>\n<p><span style=\"font-size: 120%;\" data-text-color=\"primary\"><em><strong>Sauvage &#8211; Rouge<\/strong><\/em><\/span><\/p>\n<p><strong>Ann\u00e9e<\/strong> : 2023<\/p>\n<p><strong>Alcool<\/strong>: 13.5%<\/p>\n<p><strong>Volume<\/strong>\u00a0: 750ml<\/p>\n<p><strong>Maturit\u00e9<\/strong>:\u00a0<strong>10 mois<\/strong> dans des f\u00fbts en ch\u00eane fran\u00e7ais et am\u00e9ricains.<\/p>\n<p><strong>Caract\u00e8re<\/strong>: La combinaison rafra\u00eechissante de diff\u00e9rentes vari\u00e9t\u00e9s a cr\u00e9\u00e9 un m\u00e9lange de qualit\u00e9, moyennement cors\u00e9, avec un ar\u00f4me riche d&rsquo;\u00e9pices avec une touche de caf\u00e9 et de saveurs moka. <span style=\"color: #282828;\" data-text-color=\"primary\">Ce vin refl\u00e8te le savoir-faire du vignoble Yaffo; ancien et nouveau; jeune et sauvage; vin \u00e9l\u00e9gant et suave avec de la personnalit\u00e9; agr\u00e9able sans \u00eatre pr\u00e9tentieux. Un vin rempli de contradictions.<\/span><\/p>\n<p><strong>Suggestions d&rsquo;accompagnements<\/strong>: Accompagne \u00e0 merveille les viandes et autres plats cuisin\u00e9s.<\/p>\n<p><strong>Temp\u00e9rature de service:<\/strong> 15-20\u2103<\/p>\n<p><em>Casher\/cacher le\u2019Pessah\/Pessach\/Pessa\u2019h<\/em><\/p>\n<p><strong><a href=\"https:\/\/en.wikipedia.org\/wiki\/Israel\" rel=\"nofollow noopener\" target=\"_blank\"><em>PRODUIT EN ISRA\u00cbL \u2013 vall\u00e9e de Ella<\/em><\/a><\/strong><\/p>\n<p>&nbsp;<\/p>\n<h5 class=\"alt-font\" style=\"text-align: center;\"><em><strong>Negev Desert \u2013<\/strong>\u00a0Vins et \u00e9picerie fine cacher\/casher de niche d\u2019Isra\u00ebl<\/em><\/h5>\n<h5 class=\"alt-font\" style=\"text-align: center;\"><em><strong>Suisse \u2013\u00a0<\/strong>Gen\u00e8ve \u2013 Zurich \u2013 B\u00e2le<\/em><\/h5>\n<h5><\/h5>\n<div style='text-align:left' class='yasr-auto-insert-overall'><\/div><div style='text-align:left' class='yasr-auto-insert-visitor'><!--Yasr Visitor Votes Shortcode--><div id='yasr_visitor_votes_a8409a0565c51' class='yasr-visitor-votes'><div class=\"yasr-custom-text-vv-before yasr-custom-text-vv-before-961\">Click to rate this post!<\/div><div id='yasr-vv-second-row-container-a8409a0565c51'\r\n                                        class='yasr-vv-second-row-container'><div id='yasr-visitor-votes-rater-a8409a0565c51'\r\n                                      class='yasr-rater-stars-vv'\r\n                                      data-rater-postid='961'\r\n                                      data-rating='5'\r\n                                      data-rater-starsize='24'\r\n                                      data-rater-readonly='false'\r\n                                      data-rater-nonce='4200913061'\r\n                                      data-issingular='false'\r\n                                    ><\/div><div class=\"yasr-vv-stats-text-container\" id=\"yasr-vv-stats-text-container-a8409a0565c51\"><svg xmlns=\"https:\/\/www.w3.org\/2000\/svg\" width=\"20\" height=\"20\"\r\n                                   class=\"yasr-dashicons-visitor-stats\"\r\n                                   data-postid=\"961\"\r\n                                   id=\"yasr-stats-dashicon-a8409a0565c51\">\r\n                                   <path d=\"M18 18v-16h-4v16h4zM12 18v-11h-4v11h4zM6 18v-8h-4v8h4z\"><\/path>\r\n                               <\/svg><span id=\"yasr-vv-text-container-a8409a0565c51\" class=\"yasr-vv-text-container\">[Total: <span id=\"yasr-vv-votes-number-container-a8409a0565c51\">2<\/span>  Average: <span id=\"yasr-vv-average-container-a8409a0565c51\">5<\/span>]<\/span><\/div><div id='yasr-vv-loader-a8409a0565c51' class='yasr-vv-container-loader'><\/div><\/div><div id='yasr-vv-bottom-container-a8409a0565c51' class='yasr-vv-bottom-container'><\/div><\/div><!--End Yasr Visitor Votes Shortcode--><\/div>","protected":false},"excerpt":{"rendered":"<h4><strong>85% Cabernet sauvignon &amp; 15% Carignan &#8211; Sec<\/strong><\/h4>\n<p><em><span style=\"font-size: 110%;\"><strong>2023<\/strong><\/span><\/em><\/p>\n","protected":false},"featured_media":9763,"comment_status":"open","ping_status":"closed","template":"","meta":{"yasr_overall_rating":0,"yasr_post_is_review":"","yasr_auto_insert_disabled":"","yasr_review_type":""},"product_brand":[90],"product_cat":[52,66,60],"product_tag":[],"class_list":{"0":"post-961","1":"product","2":"type-product","3":"status-publish","4":"has-post-thumbnail","6":"product_brand-yaffo-winery-fr","7":"product_cat-magasin-en-ligne-casher-pessah","8":"product_cat-rouge-vin-cacher","9":"product_cat-vins-casher-cacher-de-niche-disrael-cacher-le-pessah","11":"first","12":"instock","13":"shipping-taxable","14":"purchasable","15":"product-type-simple"},"acf":[],"yasr_visitor_votes":{"stars_attributes":{"read_only":false,"span_bottom":false},"number_of_votes":2,"sum_votes":10},"_links":{"self":[{"href":"https:\/\/negevdesert.ch\/fr\/wp-json\/wp\/v2\/product\/961","targetHints":{"allow":["GET"]}}],"collection":[{"href":"https:\/\/negevdesert.ch\/fr\/wp-json\/wp\/v2\/product"}],"about":[{"href":"https:\/\/negevdesert.ch\/fr\/wp-json\/wp\/v2\/types\/product"}],"replies":[{"embeddable":true,"href":"https:\/\/negevdesert.ch\/fr\/wp-json\/wp\/v2\/comments?post=961"}],"wp:featuredmedia":[{"embeddable":true,"href":"https:\/\/negevdesert.ch\/fr\/wp-json\/wp\/v2\/media\/9763"}],"wp:attachment":[{"href":"https:\/\/negevdesert.ch\/fr\/wp-json\/wp\/v2\/media?parent=961"}],"wp:term":[{"taxonomy":"product_brand","embeddable":true,"href":"https:\/\/negevdesert.ch\/fr\/wp-json\/wp\/v2\/product_brand?post=961"},{"taxonomy":"product_cat","embeddable":true,"href":"https:\/\/negevdesert.ch\/fr\/wp-json\/wp\/v2\/product_cat?post=961"},{"taxonomy":"product_tag","embeddable":true,"href":"https:\/\/negevdesert.ch\/fr\/wp-json\/wp\/v2\/product_tag?post=961"}],"curies":[{"name":"wp","href":"https:\/\/api.w.org\/{rel}","templated":true}]}}