{"id":955,"date":"2018-06-01T12:35:14","date_gmt":"2018-06-01T09:35:14","guid":{"rendered":"http:\/\/negevdesert.ch\/product\/rn-kadesh-merlot\/"},"modified":"2026-03-24T17:08:26","modified_gmt":"2026-03-24T16:08:26","slug":"ramat-negev-kadesh-merlot-negev-desert-vins-casher-de-niche-disrael-geneve-suisse","status":"publish","type":"product","link":"https:\/\/negevdesert.ch\/fr\/produit\/ramat-negev-kadesh-merlot-negev-desert-vins-casher-de-niche-disrael-geneve-suisse\/","title":{"rendered":"RN Kadesh \u2013 Merlot"},"content":{"rendered":"<h4 class=\"uppercase\"><span class=\"fancy-underline\" style=\"color: #f99b1c; font-size: 100%;\">(rn) rAMat negev winery<\/span><\/h4>\n<p><span style=\"font-size: 120%;\" data-text-color=\"primary\"><em><strong>Kadesh &#8211; Merlot<\/strong><\/em><\/span><\/p>\n<p><strong>Ann\u00e9e<\/strong>: 2023<\/p>\n<p><strong>Alcool: <\/strong>13.5%<\/p>\n<p><strong>Volume<\/strong>: 750ml<\/p>\n<p><strong>Maturit\u00e9:<\/strong>\u00a0<strong>10 mois<\/strong> dans de f\u00fbts en ch\u00eanes am\u00e9ricains<\/p>\n<p><strong>Caract\u00e8re<\/strong>: Robe rouge profonde, audacieuse et limpide aux tanins doux et \u00e0 l&rsquo;acidit\u00e9 d\u00e9licate. Un corps moyennement cors\u00e9 et une acidit\u00e9 d\u00e9licate.<\/p>\n<p><strong>Suggestions d&rsquo;accompagnements:\u00a0<\/strong>Ce vin accompagnera \u00e0 merveille les fromages \u00e0 p\u00e2te dure et les viandes maigres comme les biftecks et le poulet.\u00a0 Il peut galement \u00eatre associ\u00e9 \u00e0 des plats l\u00e9gers comme les p\u00e2tes et le saumon<\/p>\n<p><em>Casher\/cacher le\u2019Pessah\/Pessach\/Pessa\u2019h<\/em><\/p>\n<p><em><strong>PRODUIT EN ISRA\u00cbL<\/strong><\/em>\u00a0\u2013 Moshav Kadesh Barnea<\/p>\n<h4 class=\"alt-font\" style=\"text-align: center;\"><em><strong>Negev Desert &#8211;<\/strong> Vins cacher\/casher de niche d&rsquo;Isra\u00ebl<\/em><\/h4>\n<h4 class=\"alt-font\" style=\"text-align: center;\"><em><strong>Suisse &#8211; <\/strong>Gen\u00e8ve &#8211; Zurich &#8211; B\u00e2le<\/em><\/h4>\n<div style='text-align:left' class='yasr-auto-insert-overall'><\/div><div style='text-align:left' class='yasr-auto-insert-visitor'><!--Yasr Visitor Votes Shortcode--><div id='yasr_visitor_votes_0e15f87a45ce6' class='yasr-visitor-votes'><div class=\"yasr-custom-text-vv-before yasr-custom-text-vv-before-955\">Click to rate this post!<\/div><div id='yasr-vv-second-row-container-0e15f87a45ce6'\r\n                                        class='yasr-vv-second-row-container'><div id='yasr-visitor-votes-rater-0e15f87a45ce6'\r\n                                      class='yasr-rater-stars-vv'\r\n                                      data-rater-postid='955'\r\n                                      data-rating='0'\r\n                                      data-rater-starsize='24'\r\n                                      data-rater-readonly='false'\r\n                                      data-rater-nonce='4200913061'\r\n                                      data-issingular='false'\r\n                                    ><\/div><div class=\"yasr-vv-stats-text-container\" id=\"yasr-vv-stats-text-container-0e15f87a45ce6\"><svg xmlns=\"https:\/\/www.w3.org\/2000\/svg\" width=\"20\" height=\"20\"\r\n                                   class=\"yasr-dashicons-visitor-stats\"\r\n                                   data-postid=\"955\"\r\n                                   id=\"yasr-stats-dashicon-0e15f87a45ce6\">\r\n                                   <path d=\"M18 18v-16h-4v16h4zM12 18v-11h-4v11h4zM6 18v-8h-4v8h4z\"><\/path>\r\n                               <\/svg><span id=\"yasr-vv-text-container-0e15f87a45ce6\" class=\"yasr-vv-text-container\">[Total: <span id=\"yasr-vv-votes-number-container-0e15f87a45ce6\">0<\/span>  Average: <span id=\"yasr-vv-average-container-0e15f87a45ce6\">0<\/span>]<\/span><\/div><div id='yasr-vv-loader-0e15f87a45ce6' class='yasr-vv-container-loader'><\/div><\/div><div id='yasr-vv-bottom-container-0e15f87a45ce6' class='yasr-vv-bottom-container'><\/div><\/div><!--End Yasr Visitor Votes Shortcode--><\/div>","protected":false},"excerpt":{"rendered":"<h4><strong>100% Merlot &#8211; Sec<\/strong><\/h4>\n<p><span style=\"font-size: 110%;\" data-text-color=\"primary\"><em><strong>2023<\/strong><\/em><\/span><\/p>\n","protected":false},"featured_media":8821,"comment_status":"open","ping_status":"closed","template":"","meta":{"yasr_overall_rating":0,"yasr_post_is_review":"","yasr_auto_insert_disabled":"","yasr_review_type":""},"product_brand":[88],"product_cat":[66,60],"product_tag":[],"class_list":{"0":"post-955","1":"product","2":"type-product","3":"status-publish","4":"has-post-thumbnail","6":"product_brand-ramat-negev-winery-fr","7":"product_cat-rouge-vin-cacher","8":"product_cat-vins-casher-cacher-de-niche-disrael-cacher-le-pessah","10":"first","11":"instock","12":"shipping-taxable","13":"purchasable","14":"product-type-simple"},"acf":[],"yasr_visitor_votes":{"stars_attributes":{"read_only":false,"span_bottom":false},"number_of_votes":0,"sum_votes":0},"_links":{"self":[{"href":"https:\/\/negevdesert.ch\/fr\/wp-json\/wp\/v2\/product\/955","targetHints":{"allow":["GET"]}}],"collection":[{"href":"https:\/\/negevdesert.ch\/fr\/wp-json\/wp\/v2\/product"}],"about":[{"href":"https:\/\/negevdesert.ch\/fr\/wp-json\/wp\/v2\/types\/product"}],"replies":[{"embeddable":true,"href":"https:\/\/negevdesert.ch\/fr\/wp-json\/wp\/v2\/comments?post=955"}],"wp:featuredmedia":[{"embeddable":true,"href":"https:\/\/negevdesert.ch\/fr\/wp-json\/wp\/v2\/media\/8821"}],"wp:attachment":[{"href":"https:\/\/negevdesert.ch\/fr\/wp-json\/wp\/v2\/media?parent=955"}],"wp:term":[{"taxonomy":"product_brand","embeddable":true,"href":"https:\/\/negevdesert.ch\/fr\/wp-json\/wp\/v2\/product_brand?post=955"},{"taxonomy":"product_cat","embeddable":true,"href":"https:\/\/negevdesert.ch\/fr\/wp-json\/wp\/v2\/product_cat?post=955"},{"taxonomy":"product_tag","embeddable":true,"href":"https:\/\/negevdesert.ch\/fr\/wp-json\/wp\/v2\/product_tag?post=955"}],"curies":[{"name":"wp","href":"https:\/\/api.w.org\/{rel}","templated":true}]}}