{"id":949,"date":"2018-06-01T12:39:04","date_gmt":"2018-06-01T09:39:04","guid":{"rendered":"http:\/\/negevdesert.ch\/product\/rn-kadesh-cabernet-sauvignon\/"},"modified":"2026-03-20T17:18:14","modified_gmt":"2026-03-20T16:18:14","slug":"ramat-negev-kadesh-cabernet-sauvignon-vins-casher-disrael","status":"publish","type":"product","link":"https:\/\/negevdesert.ch\/fr\/produit\/ramat-negev-kadesh-cabernet-sauvignon-vins-casher-disrael\/","title":{"rendered":"RN Kadesh \u2013 Cabernet Sauvignon"},"content":{"rendered":"<h4 class=\"uppercase\"><span class=\"fancy-underline\" style=\"color: #f99b1c; font-size: 100%;\">(rn) rAMat negev winery<\/span><\/h4>\n<p><span style=\"font-size: 120%;\" data-text-color=\"primary\"><em><strong>Kadesh &#8211; Cabernet Sauvignon<\/strong><\/em><\/span><\/p>\n<p><strong>Ann\u00e9e<\/strong> : 2023<\/p>\n<p><strong>Alcool <\/strong>: 13.8%<\/p>\n<p><strong>Volume<\/strong>: 750ml<\/p>\n<p><strong>Maturit\u00e9<\/strong>: <strong>10 mois<\/strong> dans de f\u00fbts en ch\u00eanes am\u00e9ricains<\/p>\n<p><strong>Caract\u00e8re<\/strong>: D&rsquo;un pourpre fonc\u00e9, gras et clair, ce vin aux tanins solides est moyennement cors\u00e9.<\/p>\n<p><strong>Suggestions d&rsquo;accompagnements<\/strong>: Ce vin accompagnera \u00e0 merveille les rago\u00fbts de viande, l&rsquo;agneau, la cuisine orientale et les fromages bleus.<\/p>\n<p><em>cacher le\u2019Pessah\/Pessach\/Pessa\u2019h &#8211; Vin Rouge Casher<\/em><\/p>\n<p><em><strong>PRODUIT EN ISRA\u00cbL<\/strong><\/em> &#8211; Moshav Kadesh Barnea<\/p>\n<p>&nbsp;<\/p>\n<h5 class=\"alt-font\" style=\"text-align: center;\"><em><strong>Negev Desert &#8211;<\/strong> Vins cacher\/casher de niche d&rsquo;Isra\u00ebl<\/em><\/h5>\n<h5 class=\"alt-font\" style=\"text-align: center;\"><em><strong>Suisse &#8211; <\/strong>Gen\u00e8ve &#8211; Zurich &#8211; B\u00e2le<\/em><\/h5>\n<div style='text-align:left' class='yasr-auto-insert-overall'><\/div><div style='text-align:left' class='yasr-auto-insert-visitor'><!--Yasr Visitor Votes Shortcode--><div id='yasr_visitor_votes_96b64cbd6a3f9' class='yasr-visitor-votes'><div class=\"yasr-custom-text-vv-before yasr-custom-text-vv-before-949\">Click to rate this post!<\/div><div id='yasr-vv-second-row-container-96b64cbd6a3f9'\r\n                                        class='yasr-vv-second-row-container'><div id='yasr-visitor-votes-rater-96b64cbd6a3f9'\r\n                                      class='yasr-rater-stars-vv'\r\n                                      data-rater-postid='949'\r\n                                      data-rating='0'\r\n                                      data-rater-starsize='24'\r\n                                      data-rater-readonly='false'\r\n                                      data-rater-nonce='f81a6b2000'\r\n                                      data-issingular='false'\r\n                                    ><\/div><div class=\"yasr-vv-stats-text-container\" id=\"yasr-vv-stats-text-container-96b64cbd6a3f9\"><svg xmlns=\"https:\/\/www.w3.org\/2000\/svg\" width=\"20\" height=\"20\"\r\n                                   class=\"yasr-dashicons-visitor-stats\"\r\n                                   data-postid=\"949\"\r\n                                   id=\"yasr-stats-dashicon-96b64cbd6a3f9\">\r\n                                   <path d=\"M18 18v-16h-4v16h4zM12 18v-11h-4v11h4zM6 18v-8h-4v8h4z\"><\/path>\r\n                               <\/svg><span id=\"yasr-vv-text-container-96b64cbd6a3f9\" class=\"yasr-vv-text-container\">[Total: <span id=\"yasr-vv-votes-number-container-96b64cbd6a3f9\">0<\/span>  Average: <span id=\"yasr-vv-average-container-96b64cbd6a3f9\">0<\/span>]<\/span><\/div><div id='yasr-vv-loader-96b64cbd6a3f9' class='yasr-vv-container-loader'><\/div><\/div><div id='yasr-vv-bottom-container-96b64cbd6a3f9' class='yasr-vv-bottom-container'><\/div><\/div><!--End Yasr Visitor Votes Shortcode--><\/div>","protected":false},"excerpt":{"rendered":"<h4><strong>100% Cabernet Sauvignon &#8211; Sec<\/strong><\/h4>\n<p><span style=\"font-size: 110%;\" data-text-color=\"primary\"><em><strong>2023<\/strong><\/em><\/span><\/p>\n<h3><\/h3>\n","protected":false},"featured_media":8824,"comment_status":"open","ping_status":"closed","template":"","meta":{"yasr_overall_rating":0,"yasr_post_is_review":"","yasr_auto_insert_disabled":"","yasr_review_type":""},"product_brand":[88],"product_cat":[66,60],"product_tag":[],"class_list":{"0":"post-949","1":"product","2":"type-product","3":"status-publish","4":"has-post-thumbnail","6":"product_brand-ramat-negev-winery-fr","7":"product_cat-rouge-vin-cacher","8":"product_cat-vins-casher-cacher-de-niche-disrael-cacher-le-pessah","10":"first","11":"instock","12":"shipping-taxable","13":"purchasable","14":"product-type-simple"},"acf":[],"yasr_visitor_votes":{"stars_attributes":{"read_only":false,"span_bottom":false},"number_of_votes":0,"sum_votes":0},"_links":{"self":[{"href":"https:\/\/negevdesert.ch\/fr\/wp-json\/wp\/v2\/product\/949","targetHints":{"allow":["GET"]}}],"collection":[{"href":"https:\/\/negevdesert.ch\/fr\/wp-json\/wp\/v2\/product"}],"about":[{"href":"https:\/\/negevdesert.ch\/fr\/wp-json\/wp\/v2\/types\/product"}],"replies":[{"embeddable":true,"href":"https:\/\/negevdesert.ch\/fr\/wp-json\/wp\/v2\/comments?post=949"}],"wp:featuredmedia":[{"embeddable":true,"href":"https:\/\/negevdesert.ch\/fr\/wp-json\/wp\/v2\/media\/8824"}],"wp:attachment":[{"href":"https:\/\/negevdesert.ch\/fr\/wp-json\/wp\/v2\/media?parent=949"}],"wp:term":[{"taxonomy":"product_brand","embeddable":true,"href":"https:\/\/negevdesert.ch\/fr\/wp-json\/wp\/v2\/product_brand?post=949"},{"taxonomy":"product_cat","embeddable":true,"href":"https:\/\/negevdesert.ch\/fr\/wp-json\/wp\/v2\/product_cat?post=949"},{"taxonomy":"product_tag","embeddable":true,"href":"https:\/\/negevdesert.ch\/fr\/wp-json\/wp\/v2\/product_tag?post=949"}],"curies":[{"name":"wp","href":"https:\/\/api.w.org\/{rel}","templated":true}]}}