{"id":941,"date":"2018-06-01T12:39:32","date_gmt":"2018-06-01T09:39:32","guid":{"rendered":"http:\/\/negevdesert.ch\/product\/yaffo-hommage-chardonnay\/"},"modified":"2026-03-25T21:25:26","modified_gmt":"2026-03-25T20:25:26","slug":"negev-desert-israeli-kosher-boutique-wine-geneva-switzerland-2","status":"publish","type":"product","link":"https:\/\/negevdesert.ch\/fr\/produit\/negev-desert-israeli-kosher-boutique-wine-geneva-switzerland-2\/","title":{"rendered":"Yaffo \u2013 Hommage Chardonnay"},"content":{"rendered":"<h4 class=\"uppercase\"><span class=\"fancy-underline\" style=\"color: #f99b1c; font-size: 100%;\">YAFFO wineRY<\/span><\/h4>\n<p><span style=\"font-size: 120%;\" data-text-color=\"primary\"><em><strong>Hommage &#8211; Chardonnay<\/strong><\/em><\/span><\/p>\n<p><strong>Ann\u00e9e:<\/strong> 2023<\/p>\n<p><strong>Alcool<\/strong>: 12.5%<\/p>\n<p class=\"p1\"><strong>Volume:\u00a0<\/strong>750ml<\/p>\n<p><strong>Caract\u00e8re<\/strong>: Des notes de fruits tropicaux, de ch\u00e8vrefeuille, de poire, de p\u00eache blanche et de melon, d&rsquo;\u00e9corce d&rsquo;agrumes et d&rsquo;ar\u00f4mes de vanille vous offrent un vin riche, savoureux, m\u00fbr, sucr\u00e9 et rond. Ce vin se termine par une touche de fruit et de ch\u00eane.<\/p>\n<p class=\"p1\"><strong>Suggestions d&rsquo;accompagnements:<\/strong> D\u00e9gustez ce vin avec du poisson, des sushis, des plats \u00e9pic\u00e9s et des plats de p\u00e2tes \u00e0 la cr\u00e8me.<\/p>\n<p class=\"p1\"><strong>Temp\u00e9rature de service:<\/strong>\u00a0 8-10 degr\u00e9s Celsius<\/p>\n<p>Les raisins de la vigne Chardonnay sont vendang\u00e9s \u00e0 la main et proviennent de parcelles de qualit\u00e9 situ\u00e9es dans les vignobles de la vall\u00e9e de Ella et dans les vignobles de la r\u00e9gion de Ramot Menashe, au nord-est de Zichron Yakov.<\/p>\n<p><em>Casher\/cacher le\u2019Pessah\/Pessach\/Pessa\u2019h<\/em><\/p>\n<p><strong><a href=\"https:\/\/en.wikipedia.org\/wiki\/Israel\" rel=\"nofollow noopener\" target=\"_blank\"><em>PRODUIT EN ISRA\u00cbL \u2013 vall\u00e9e de Ella<\/em><\/a><\/strong><\/p>\n<p>&nbsp;<\/p>\n<h5 class=\"alt-font\" style=\"text-align: center;\"><em><strong>Negev Desert \u2013<\/strong>\u00a0Vins et \u00e9picerie fine cacher\/casher de niche d\u2019Isra\u00ebl<\/em><\/h5>\n<h5 class=\"alt-font\" style=\"text-align: center;\"><em><strong>Suisse \u2013\u00a0<\/strong>Gen\u00e8ve \u2013 Zurich \u2013 B\u00e2le<\/em><\/h5>\n<p>&nbsp;<\/p>\n<div>\n<div>\n<h5><\/h5>\n<\/div>\n<\/div>\n<div style='text-align:left' class='yasr-auto-insert-overall'><\/div><div style='text-align:left' class='yasr-auto-insert-visitor'><!--Yasr Visitor Votes Shortcode--><div id='yasr_visitor_votes_90461ed2096b7' class='yasr-visitor-votes'><div class=\"yasr-custom-text-vv-before yasr-custom-text-vv-before-941\">Click to rate this post!<\/div><div id='yasr-vv-second-row-container-90461ed2096b7'\r\n                                        class='yasr-vv-second-row-container'><div id='yasr-visitor-votes-rater-90461ed2096b7'\r\n                                      class='yasr-rater-stars-vv'\r\n                                      data-rater-postid='941'\r\n                                      data-rating='0'\r\n                                      data-rater-starsize='24'\r\n                                      data-rater-readonly='false'\r\n                                      data-rater-nonce='2217b64c0f'\r\n                                      data-issingular='false'\r\n                                    ><\/div><div class=\"yasr-vv-stats-text-container\" id=\"yasr-vv-stats-text-container-90461ed2096b7\"><svg xmlns=\"https:\/\/www.w3.org\/2000\/svg\" width=\"20\" height=\"20\"\r\n                                   class=\"yasr-dashicons-visitor-stats\"\r\n                                   data-postid=\"941\"\r\n                                   id=\"yasr-stats-dashicon-90461ed2096b7\">\r\n                                   <path d=\"M18 18v-16h-4v16h4zM12 18v-11h-4v11h4zM6 18v-8h-4v8h4z\"><\/path>\r\n                               <\/svg><span id=\"yasr-vv-text-container-90461ed2096b7\" class=\"yasr-vv-text-container\">[Total: <span id=\"yasr-vv-votes-number-container-90461ed2096b7\">0<\/span>  Average: <span id=\"yasr-vv-average-container-90461ed2096b7\">0<\/span>]<\/span><\/div><div id='yasr-vv-loader-90461ed2096b7' class='yasr-vv-container-loader'><\/div><\/div><div id='yasr-vv-bottom-container-90461ed2096b7' class='yasr-vv-bottom-container'><\/div><\/div><!--End Yasr Visitor Votes Shortcode--><\/div>","protected":false},"excerpt":{"rendered":"<h4><strong>100% Chardonnay &#8211; Sec<\/strong><\/h4>\n<p><span style=\"font-size: 110%;\"><strong>2023<\/strong><\/span><\/p>\n<h5><\/h5>\n","protected":false},"featured_media":10737,"comment_status":"open","ping_status":"closed","template":"","meta":{"yasr_overall_rating":0,"yasr_post_is_review":"","yasr_auto_insert_disabled":"","yasr_review_type":""},"product_brand":[90],"product_cat":[68,60],"product_tag":[137],"class_list":{"0":"post-941","1":"product","2":"type-product","3":"status-publish","4":"has-post-thumbnail","6":"product_brand-yaffo-winery-fr","7":"product_cat-blanc","8":"product_cat-vins-casher-cacher-de-niche-disrael-cacher-le-pessah","9":"product_tag-vin-cacher","11":"first","12":"instock","13":"shipping-taxable","14":"purchasable","15":"product-type-simple"},"acf":[],"yasr_visitor_votes":{"stars_attributes":{"read_only":false,"span_bottom":false},"number_of_votes":0,"sum_votes":0},"_links":{"self":[{"href":"https:\/\/negevdesert.ch\/fr\/wp-json\/wp\/v2\/product\/941","targetHints":{"allow":["GET"]}}],"collection":[{"href":"https:\/\/negevdesert.ch\/fr\/wp-json\/wp\/v2\/product"}],"about":[{"href":"https:\/\/negevdesert.ch\/fr\/wp-json\/wp\/v2\/types\/product"}],"replies":[{"embeddable":true,"href":"https:\/\/negevdesert.ch\/fr\/wp-json\/wp\/v2\/comments?post=941"}],"wp:featuredmedia":[{"embeddable":true,"href":"https:\/\/negevdesert.ch\/fr\/wp-json\/wp\/v2\/media\/10737"}],"wp:attachment":[{"href":"https:\/\/negevdesert.ch\/fr\/wp-json\/wp\/v2\/media?parent=941"}],"wp:term":[{"taxonomy":"product_brand","embeddable":true,"href":"https:\/\/negevdesert.ch\/fr\/wp-json\/wp\/v2\/product_brand?post=941"},{"taxonomy":"product_cat","embeddable":true,"href":"https:\/\/negevdesert.ch\/fr\/wp-json\/wp\/v2\/product_cat?post=941"},{"taxonomy":"product_tag","embeddable":true,"href":"https:\/\/negevdesert.ch\/fr\/wp-json\/wp\/v2\/product_tag?post=941"}],"curies":[{"name":"wp","href":"https:\/\/api.w.org\/{rel}","templated":true}]}}