{"id":9352,"date":"2023-11-22T07:49:04","date_gmt":"2023-11-22T06:49:04","guid":{"rendered":"https:\/\/negevdesert.ch\/?post_type=product&#038;p=9352"},"modified":"2026-03-30T18:48:12","modified_gmt":"2026-03-30T16:48:12","slug":"jerusalem-vintage-rouge","status":"publish","type":"product","link":"https:\/\/negevdesert.ch\/fr\/produit\/jerusalem-vintage-rouge\/","title":{"rendered":"Jerusalem VINTAGE \u2013 Assemblage rouge"},"content":{"rendered":"<h4 class=\"uppercase\"><span class=\"fancy-underline\" style=\"color: #f99b1c;\">Jerusalem wineries<\/span><\/h4>\n<p><em><strong>Vintage &#8211; Rouge<\/strong><\/em><\/p>\n<p><strong>Ann\u00e9e<\/strong>: 2020<\/p>\n<p class=\"p1\"><strong>Alcool:<\/strong> 13%<\/p>\n<p><strong>Volume:\u00a0<\/strong>750ml<\/p>\n<p><strong>Maturit\u00e9<\/strong>:\u00a0<strong>4 mois<\/strong> dans des f\u00fbts en ch\u00eane.<\/p>\n<p><strong>Caract\u00e8re<\/strong>:<\/p>\n<p class=\"p1\"><strong>Suggestions d\u2019accompagnements:<\/strong> Se marie bien avec les barbecues,\u00a0 le rago\u00fbt de l\u00e9gumes et le fromage \u00e0 p\u00e2te dure.<\/p>\n<p class=\"p1\"><strong>Temp\u00e9rature id\u00e9ale de service: <\/strong>16-18 degr\u00e9s Celsius<\/p>\n<p>Ce vin est \u00a0Cacher LeMehadrin Pour Pessah<\/p>\n<h5><\/h5>\n<h5 class=\"alt-font\" style=\"text-align: center;\">Negev Desert \u2013 Vins et \u00e9picerie fine cacher\/casher de niche d\u2019Isra\u00ebl<br \/>\nSuisse \u2013 Gen\u00e8ve \u2013 Zurich \u2013 B\u00e2le<\/h5>\n<div style='text-align:left' class='yasr-auto-insert-overall'><\/div><div style='text-align:left' class='yasr-auto-insert-visitor'><!--Yasr Visitor Votes Shortcode--><div id='yasr_visitor_votes_9b7dc666d4689' class='yasr-visitor-votes'><div class=\"yasr-custom-text-vv-before yasr-custom-text-vv-before-9352\">Click to rate this post!<\/div><div id='yasr-vv-second-row-container-9b7dc666d4689'\r\n                                        class='yasr-vv-second-row-container'><div id='yasr-visitor-votes-rater-9b7dc666d4689'\r\n                                      class='yasr-rater-stars-vv'\r\n                                      data-rater-postid='9352'\r\n                                      data-rating='0'\r\n                                      data-rater-starsize='24'\r\n                                      data-rater-readonly='false'\r\n                                      data-rater-nonce='2217b64c0f'\r\n                                      data-issingular='false'\r\n                                    ><\/div><div class=\"yasr-vv-stats-text-container\" id=\"yasr-vv-stats-text-container-9b7dc666d4689\"><svg xmlns=\"https:\/\/www.w3.org\/2000\/svg\" width=\"20\" height=\"20\"\r\n                                   class=\"yasr-dashicons-visitor-stats\"\r\n                                   data-postid=\"9352\"\r\n                                   id=\"yasr-stats-dashicon-9b7dc666d4689\">\r\n                                   <path d=\"M18 18v-16h-4v16h4zM12 18v-11h-4v11h4zM6 18v-8h-4v8h4z\"><\/path>\r\n                               <\/svg><span id=\"yasr-vv-text-container-9b7dc666d4689\" class=\"yasr-vv-text-container\">[Total: <span id=\"yasr-vv-votes-number-container-9b7dc666d4689\">0<\/span>  Average: <span id=\"yasr-vv-average-container-9b7dc666d4689\">0<\/span>]<\/span><\/div><div id='yasr-vv-loader-9b7dc666d4689' class='yasr-vv-container-loader'><\/div><\/div><div id='yasr-vv-bottom-container-9b7dc666d4689' class='yasr-vv-bottom-container'><\/div><\/div><!--End Yasr Visitor Votes Shortcode--><\/div>","protected":false},"excerpt":{"rendered":"<p><strong>Malbec &amp; Shiraz\u00a0 &#8211; Sec<\/strong><\/p>\n<p><span style=\"color: #00aae7;\"><em><strong>2020<\/strong><\/em><\/span><\/p>\n","protected":false},"featured_media":9353,"comment_status":"open","ping_status":"closed","template":"","meta":{"yasr_overall_rating":0,"yasr_post_is_review":"","yasr_auto_insert_disabled":"","yasr_review_type":""},"product_brand":[91],"product_cat":[66,52],"product_tag":[],"class_list":{"0":"post-9352","1":"product","2":"type-product","3":"status-publish","4":"has-post-thumbnail","6":"product_brand-negev-desert-israeli-kosher-boutique-wine-geneva-switzerland-fr","7":"product_cat-rouge-vin-cacher","8":"product_cat-magasin-en-ligne-casher-pessah","10":"first","11":"instock","12":"shipping-taxable","13":"purchasable","14":"product-type-simple"},"acf":[],"yasr_visitor_votes":{"stars_attributes":{"read_only":false,"span_bottom":false},"number_of_votes":0,"sum_votes":0},"_links":{"self":[{"href":"https:\/\/negevdesert.ch\/fr\/wp-json\/wp\/v2\/product\/9352","targetHints":{"allow":["GET"]}}],"collection":[{"href":"https:\/\/negevdesert.ch\/fr\/wp-json\/wp\/v2\/product"}],"about":[{"href":"https:\/\/negevdesert.ch\/fr\/wp-json\/wp\/v2\/types\/product"}],"replies":[{"embeddable":true,"href":"https:\/\/negevdesert.ch\/fr\/wp-json\/wp\/v2\/comments?post=9352"}],"wp:featuredmedia":[{"embeddable":true,"href":"https:\/\/negevdesert.ch\/fr\/wp-json\/wp\/v2\/media\/9353"}],"wp:attachment":[{"href":"https:\/\/negevdesert.ch\/fr\/wp-json\/wp\/v2\/media?parent=9352"}],"wp:term":[{"taxonomy":"product_brand","embeddable":true,"href":"https:\/\/negevdesert.ch\/fr\/wp-json\/wp\/v2\/product_brand?post=9352"},{"taxonomy":"product_cat","embeddable":true,"href":"https:\/\/negevdesert.ch\/fr\/wp-json\/wp\/v2\/product_cat?post=9352"},{"taxonomy":"product_tag","embeddable":true,"href":"https:\/\/negevdesert.ch\/fr\/wp-json\/wp\/v2\/product_tag?post=9352"}],"curies":[{"name":"wp","href":"https:\/\/api.w.org\/{rel}","templated":true}]}}