{"id":9348,"date":"2023-11-22T07:49:50","date_gmt":"2023-11-22T06:49:50","guid":{"rendered":"https:\/\/negevdesert.ch\/?post_type=product&#038;p=9348"},"modified":"2026-03-20T15:38:56","modified_gmt":"2026-03-20T14:38:56","slug":"jerusalem-the-kings-rose-mevoushal","status":"publish","type":"product","link":"https:\/\/negevdesert.ch\/fr\/produit\/jerusalem-the-kings-rose-mevoushal\/","title":{"rendered":"JERUSALEM  The CELLER \u2013 Ros\u00e9 \u00ab\u00a0Mevoushal\u00a0\u00bb"},"content":{"rendered":"<h4 class=\"uppercase\"><span class=\"fancy-underline\" style=\"color: #f99b1c;\">Jerusalem wineries<\/span><\/h4>\n<p><em><strong>The Celler &#8211; Ros\u00e9<\/strong><\/em><\/p>\n<p><strong>Ann\u00e9e<\/strong>: 2025<\/p>\n<p class=\"p1\"><strong>Alcool:<\/strong> 12%<\/p>\n<p><strong>Volume:\u00a0<\/strong>750ml<\/p>\n<p><strong>Caract\u00e8re<\/strong>: ar\u00f4mes floraux et agrumes<\/p>\n<p dir=\"ltr\"><strong>Suggestions d\u2019accompagnements:<\/strong>\u00a0D\u00e9gustez ce bon ros\u00e9 cacher avec de la salade, fromages et poisson, \u00e9t\u00e9 comme hiver.<\/p>\n<p class=\"p1\"><strong>Temp\u00e9rature id\u00e9ale de service:<\/strong>\u00a07 degr\u00e9s Celsius<\/p>\n<p>Ce vin est\u00a0<strong>mevoushal<\/strong>\u00a0et Cacher LeMehadrin sans Orlah, Tevel ou Shvi\u2019it et la pri\u00e8re pour ce vin est \u201cPri Hagafen\u201d.<\/p>\n<p dir=\"ltr\"><span style=\"color: #f99b1c;\"><strong><a style=\"color: #f99b1c;\" href=\"https:\/\/en.wikipedia.org\/wiki\/Israel\" rel=\"nofollow noopener\" target=\"_blank\"><em>MADE IN ISRAEL \u2013 Monts de Jud\u00e9e<\/em><\/a><\/strong><\/span><\/p>\n<h4 style=\"text-align: center;\"><\/h4>\n<h5 class=\"alt-font\" style=\"text-align: center;\">Negev Desert \u2013 Vins et \u00e9picerie fine cacher\/casher de niche d\u2019Isra\u00ebl<br \/>\nSuisse \u2013 Gen\u00e8ve \u2013 Zurich \u2013 B\u00e2le<\/h5>\n<div style='text-align:left' class='yasr-auto-insert-overall'><\/div><div style='text-align:left' class='yasr-auto-insert-visitor'><!--Yasr Visitor Votes Shortcode--><div id='yasr_visitor_votes_c669eccdc5d19' class='yasr-visitor-votes'><div class=\"yasr-custom-text-vv-before yasr-custom-text-vv-before-9348\">Click to rate this post!<\/div><div id='yasr-vv-second-row-container-c669eccdc5d19'\r\n                                        class='yasr-vv-second-row-container'><div id='yasr-visitor-votes-rater-c669eccdc5d19'\r\n                                      class='yasr-rater-stars-vv'\r\n                                      data-rater-postid='9348'\r\n                                      data-rating='0'\r\n                                      data-rater-starsize='24'\r\n                                      data-rater-readonly='false'\r\n                                      data-rater-nonce='2217b64c0f'\r\n                                      data-issingular='false'\r\n                                    ><\/div><div class=\"yasr-vv-stats-text-container\" id=\"yasr-vv-stats-text-container-c669eccdc5d19\"><svg xmlns=\"https:\/\/www.w3.org\/2000\/svg\" width=\"20\" height=\"20\"\r\n                                   class=\"yasr-dashicons-visitor-stats\"\r\n                                   data-postid=\"9348\"\r\n                                   id=\"yasr-stats-dashicon-c669eccdc5d19\">\r\n                                   <path d=\"M18 18v-16h-4v16h4zM12 18v-11h-4v11h4zM6 18v-8h-4v8h4z\"><\/path>\r\n                               <\/svg><span id=\"yasr-vv-text-container-c669eccdc5d19\" class=\"yasr-vv-text-container\">[Total: <span id=\"yasr-vv-votes-number-container-c669eccdc5d19\">0<\/span>  Average: <span id=\"yasr-vv-average-container-c669eccdc5d19\">0<\/span>]<\/span><\/div><div id='yasr-vv-loader-c669eccdc5d19' class='yasr-vv-container-loader'><\/div><\/div><div id='yasr-vv-bottom-container-c669eccdc5d19' class='yasr-vv-bottom-container'><\/div><\/div><!--End Yasr Visitor Votes Shortcode--><\/div>","protected":false},"excerpt":{"rendered":"<h4><strong>Cabernet sauvignon &amp; merlot -sec\u00a0 <\/strong><span style=\"font-size: 110%; color: #00aae7;\"><em><strong>2025<\/strong><\/em><\/span><\/h4>\n","protected":false},"featured_media":9738,"comment_status":"open","ping_status":"closed","template":"","meta":{"yasr_overall_rating":0,"yasr_post_is_review":"","yasr_auto_insert_disabled":"","yasr_review_type":""},"product_brand":[91],"product_cat":[70],"product_tag":[],"class_list":{"0":"post-9348","1":"product","2":"type-product","3":"status-publish","4":"has-post-thumbnail","6":"product_brand-negev-desert-israeli-kosher-boutique-wine-geneva-switzerland-fr","7":"product_cat-rose-fr","9":"first","10":"instock","11":"shipping-taxable","12":"purchasable","13":"product-type-simple"},"acf":[],"yasr_visitor_votes":{"stars_attributes":{"read_only":false,"span_bottom":false},"number_of_votes":0,"sum_votes":0},"_links":{"self":[{"href":"https:\/\/negevdesert.ch\/fr\/wp-json\/wp\/v2\/product\/9348","targetHints":{"allow":["GET"]}}],"collection":[{"href":"https:\/\/negevdesert.ch\/fr\/wp-json\/wp\/v2\/product"}],"about":[{"href":"https:\/\/negevdesert.ch\/fr\/wp-json\/wp\/v2\/types\/product"}],"replies":[{"embeddable":true,"href":"https:\/\/negevdesert.ch\/fr\/wp-json\/wp\/v2\/comments?post=9348"}],"wp:featuredmedia":[{"embeddable":true,"href":"https:\/\/negevdesert.ch\/fr\/wp-json\/wp\/v2\/media\/9738"}],"wp:attachment":[{"href":"https:\/\/negevdesert.ch\/fr\/wp-json\/wp\/v2\/media?parent=9348"}],"wp:term":[{"taxonomy":"product_brand","embeddable":true,"href":"https:\/\/negevdesert.ch\/fr\/wp-json\/wp\/v2\/product_brand?post=9348"},{"taxonomy":"product_cat","embeddable":true,"href":"https:\/\/negevdesert.ch\/fr\/wp-json\/wp\/v2\/product_cat?post=9348"},{"taxonomy":"product_tag","embeddable":true,"href":"https:\/\/negevdesert.ch\/fr\/wp-json\/wp\/v2\/product_tag?post=9348"}],"curies":[{"name":"wp","href":"https:\/\/api.w.org\/{rel}","templated":true}]}}