{"id":933,"date":"2018-06-02T21:09:12","date_gmt":"2018-06-02T18:09:12","guid":{"rendered":"http:\/\/negevdesert.ch\/product\/rn-neve-midbar-adom\/"},"modified":"2025-05-26T20:34:02","modified_gmt":"2025-05-26T18:34:02","slug":"vins-casher-cacher-de-niche-disrael-geneve-suisse","status":"publish","type":"product","link":"https:\/\/negevdesert.ch\/fr\/produit\/vins-casher-cacher-de-niche-disrael-geneve-suisse\/","title":{"rendered":"RN Neve Midbar Adom"},"content":{"rendered":"<h4 class=\"uppercase\"><span class=\"fancy-underline\" style=\"color: #f99b1c; font-size: 100%;\">(rn) rAMat negev winery<\/span><\/h4>\n<p><span style=\"font-size: 120%;\" data-text-color=\"primary\"><em><strong>Neve Midbar &#8211; Adom (rouge)<\/strong><\/em><\/span><\/p>\n<p><strong>Ann\u00e9e<\/strong> : 2023<\/p>\n<p><strong>Alcool\u00a0<\/strong>: 14%<\/p>\n<p><strong>Volume<\/strong>: 750ml<\/p>\n<p><strong>Maturit\u00e9: 14 mois <\/strong>dans f\u00fbts en ch\u00eane fran\u00e7ais et am\u00e9ricains<\/p>\n<p><strong>Caract\u00e8re<\/strong>:\u00a0Un m\u00e9lange de cabernet sauvignon, merlot &amp; petit verdot, la couleur pourpre de ce vin est propre et nette avec un go\u00fbt moyen \u00e0 cors\u00e9. Go\u00fbt de prunes, de myrtilles et de cerises, avec des traces de chocolat, d&rsquo;herbes et d&rsquo;olives vertes. Tannins marqu\u00e9s mais doux.<\/p>\n<p><strong>Suggestions d\u2019accompagnements<\/strong>: Ce vin est d\u00e9licieux avec des c\u00f4telettes d&rsquo;agneau, un steak de b\u0153uf ou un rago\u00fbt d&rsquo;agneau.<\/p>\n<p><em>Casher\/cacher le\u2019Pessah\/Pessach\/Pessa\u2019h<\/em><\/p>\n<p><em><strong>PRODUIT EN ISRA\u00cbL<\/strong><\/em>\u00a0\u2013 Moshav Kadesh Barnea<\/p>\n<h5 class=\"alt-font\" style=\"text-align: center;\"><em><strong>Negev Desert \u2013<\/strong>\u00a0Vins cacher\/casher de niche d\u2019Isra\u00ebl<\/em><\/h5>\n<h5 class=\"alt-font\" style=\"text-align: center;\"><em><strong>Suisse \u2013\u00a0<\/strong>Gen\u00e8ve \u2013 Zurich \u2013 B\u00e2le<\/em><\/h5>\n<p>&nbsp;<\/p>\n<p>&nbsp;<\/p>\n<div style='text-align:left' class='yasr-auto-insert-overall'><\/div><div style='text-align:left' class='yasr-auto-insert-visitor'><!--Yasr Visitor Votes Shortcode--><div id='yasr_visitor_votes_8e68f332b9502' class='yasr-visitor-votes'><div class=\"yasr-custom-text-vv-before yasr-custom-text-vv-before-933\">Click to rate this post!<\/div><div id='yasr-vv-second-row-container-8e68f332b9502'\r\n                                        class='yasr-vv-second-row-container'><div id='yasr-visitor-votes-rater-8e68f332b9502'\r\n                                      class='yasr-rater-stars-vv'\r\n                                      data-rater-postid='933'\r\n                                      data-rating='0'\r\n                                      data-rater-starsize='24'\r\n                                      data-rater-readonly='false'\r\n                                      data-rater-nonce='2217b64c0f'\r\n                                      data-issingular='false'\r\n                                    ><\/div><div class=\"yasr-vv-stats-text-container\" id=\"yasr-vv-stats-text-container-8e68f332b9502\"><svg xmlns=\"https:\/\/www.w3.org\/2000\/svg\" width=\"20\" height=\"20\"\r\n                                   class=\"yasr-dashicons-visitor-stats\"\r\n                                   data-postid=\"933\"\r\n                                   id=\"yasr-stats-dashicon-8e68f332b9502\">\r\n                                   <path d=\"M18 18v-16h-4v16h4zM12 18v-11h-4v11h4zM6 18v-8h-4v8h4z\"><\/path>\r\n                               <\/svg><span id=\"yasr-vv-text-container-8e68f332b9502\" class=\"yasr-vv-text-container\">[Total: <span id=\"yasr-vv-votes-number-container-8e68f332b9502\">0<\/span>  Average: <span id=\"yasr-vv-average-container-8e68f332b9502\">0<\/span>]<\/span><\/div><div id='yasr-vv-loader-8e68f332b9502' class='yasr-vv-container-loader'><\/div><\/div><div id='yasr-vv-bottom-container-8e68f332b9502' class='yasr-vv-bottom-container'><\/div><\/div><!--End Yasr Visitor Votes Shortcode--><\/div>","protected":false},"excerpt":{"rendered":"<p><b>Cabernet Sauvignon &amp; Petit Verdort &#8211; Sec\u00a0<\/b><\/p>\n<p><strong><em><span style=\"font-size: 110%;\">2023<\/span><\/em><\/strong><\/p>\n<h5><\/h5>\n","protected":false},"featured_media":10517,"comment_status":"open","ping_status":"closed","template":"","meta":{"yasr_overall_rating":0,"yasr_post_is_review":"","yasr_auto_insert_disabled":"","yasr_review_type":""},"product_brand":[88],"product_cat":[66,60],"product_tag":[],"class_list":{"0":"post-933","1":"product","2":"type-product","3":"status-publish","4":"has-post-thumbnail","6":"product_brand-ramat-negev-winery-fr","7":"product_cat-rouge-vin-cacher","8":"product_cat-vins-casher-cacher-de-niche-disrael-cacher-le-pessah","10":"first","11":"instock","12":"shipping-taxable","13":"purchasable","14":"product-type-simple"},"acf":[],"yasr_visitor_votes":{"stars_attributes":{"read_only":false,"span_bottom":false},"number_of_votes":0,"sum_votes":0},"_links":{"self":[{"href":"https:\/\/negevdesert.ch\/fr\/wp-json\/wp\/v2\/product\/933","targetHints":{"allow":["GET"]}}],"collection":[{"href":"https:\/\/negevdesert.ch\/fr\/wp-json\/wp\/v2\/product"}],"about":[{"href":"https:\/\/negevdesert.ch\/fr\/wp-json\/wp\/v2\/types\/product"}],"replies":[{"embeddable":true,"href":"https:\/\/negevdesert.ch\/fr\/wp-json\/wp\/v2\/comments?post=933"}],"wp:featuredmedia":[{"embeddable":true,"href":"https:\/\/negevdesert.ch\/fr\/wp-json\/wp\/v2\/media\/10517"}],"wp:attachment":[{"href":"https:\/\/negevdesert.ch\/fr\/wp-json\/wp\/v2\/media?parent=933"}],"wp:term":[{"taxonomy":"product_brand","embeddable":true,"href":"https:\/\/negevdesert.ch\/fr\/wp-json\/wp\/v2\/product_brand?post=933"},{"taxonomy":"product_cat","embeddable":true,"href":"https:\/\/negevdesert.ch\/fr\/wp-json\/wp\/v2\/product_cat?post=933"},{"taxonomy":"product_tag","embeddable":true,"href":"https:\/\/negevdesert.ch\/fr\/wp-json\/wp\/v2\/product_tag?post=933"}],"curies":[{"name":"wp","href":"https:\/\/api.w.org\/{rel}","templated":true}]}}