{"id":911,"date":"2018-07-10T18:12:04","date_gmt":"2018-07-10T15:12:04","guid":{"rendered":"http:\/\/negevdesert.ch\/product\/champagne-cuperly-grand-cru\/"},"modified":"2024-10-10T16:48:49","modified_gmt":"2024-10-10T14:48:49","slug":"champagne-cuperly-grand-cru-champagne-cacher","status":"publish","type":"product","link":"https:\/\/negevdesert.ch\/fr\/produit\/champagne-cuperly-grand-cru-champagne-cacher\/","title":{"rendered":"Champagne Cuperly Grande R\u00e9serve Grand Cru"},"content":{"rendered":"<div class=\"product-name\">\n<h4><a href=\"http:\/\/www.champagne-cuperly.com\/fr\/la-gamme\" rel=\"nofollow noopener\" target=\"_blank\"><span class=\"fancy-underline\">Champagne Cuperly &#8211; Grande R\u00e9serve Grand Cru\u00a0 &#8211;\u00a0<em><strong>Brut<\/strong><\/em><\/span><\/a><\/h4>\n<p><b>Couleur :<\/b> Blanc<\/p>\n<\/div>\n<p><strong>Alcool<\/strong> : 12%<\/p>\n<p><strong>Taille<\/strong> : 750ml<\/p>\n<p><strong>Caract\u00e8re :\u00a0<\/strong>La robe est d&rsquo;une couleur jaune paille. Les fines bulles forment une mousse persistante et discr\u00e8te.Le nez tr\u00e8s expressif est d&rsquo;une grande puissance, il exhale des ar\u00f4mes de fruits rouges, de brioche, de vanille.<br \/>\nEn bouche, l&rsquo;absence de fermentation malo-lactique chez Cuperly se justifie pleinement sur cette cuv\u00e9e qui nous laisse d\u00e9couvrir une grande fra\u00eecheur.<strong><br \/>\n<\/strong>C&rsquo;est un vin d&rsquo;une grande complexit\u00e9 d&rsquo;o\u00f9 se succ\u00e8dent des notes \u00e9pic\u00e9es, fruits confits, miel, truffe, et avec un final ample et persistant, brioch\u00e9.<\/p>\n<p><strong>Temp\u00e9rature de d\u00e9gustation:<\/strong>\u00a06-8\u00a0 degr\u00e9s Celsius<\/p>\n<p>&nbsp;<\/p>\n<p>Champagne Cacher<\/p>\n<h5 class=\"alt-font\" style=\"text-align: center;\">Negev Desert \u2013 Vins, Champagne et \u00e9picerie fine cacher\/casher<br \/>\nSuisse \u2013 Gen\u00e8ve \u2013 Zurich \u2013 B\u00e2le<\/h5>\n<div style='text-align:left' class='yasr-auto-insert-overall'><\/div><div style='text-align:left' class='yasr-auto-insert-visitor'><!--Yasr Visitor Votes Shortcode--><div id='yasr_visitor_votes_c2ae0cfa9df63' class='yasr-visitor-votes'><div class=\"yasr-custom-text-vv-before yasr-custom-text-vv-before-911\">Click to rate this post!<\/div><div id='yasr-vv-second-row-container-c2ae0cfa9df63'\r\n                                        class='yasr-vv-second-row-container'><div id='yasr-visitor-votes-rater-c2ae0cfa9df63'\r\n                                      class='yasr-rater-stars-vv'\r\n                                      data-rater-postid='911'\r\n                                      data-rating='0'\r\n                                      data-rater-starsize='24'\r\n                                      data-rater-readonly='false'\r\n                                      data-rater-nonce='2217b64c0f'\r\n                                      data-issingular='false'\r\n                                    ><\/div><div class=\"yasr-vv-stats-text-container\" id=\"yasr-vv-stats-text-container-c2ae0cfa9df63\"><svg xmlns=\"https:\/\/www.w3.org\/2000\/svg\" width=\"20\" height=\"20\"\r\n                                   class=\"yasr-dashicons-visitor-stats\"\r\n                                   data-postid=\"911\"\r\n                                   id=\"yasr-stats-dashicon-c2ae0cfa9df63\">\r\n                                   <path d=\"M18 18v-16h-4v16h4zM12 18v-11h-4v11h4zM6 18v-8h-4v8h4z\"><\/path>\r\n                               <\/svg><span id=\"yasr-vv-text-container-c2ae0cfa9df63\" class=\"yasr-vv-text-container\">[Total: <span id=\"yasr-vv-votes-number-container-c2ae0cfa9df63\">0<\/span>  Average: <span id=\"yasr-vv-average-container-c2ae0cfa9df63\">0<\/span>]<\/span><\/div><div id='yasr-vv-loader-c2ae0cfa9df63' class='yasr-vv-container-loader'><\/div><\/div><div id='yasr-vv-bottom-container-c2ae0cfa9df63' class='yasr-vv-bottom-container'><\/div><\/div><!--End Yasr Visitor Votes Shortcode--><\/div>","protected":false},"excerpt":{"rendered":"<h4>Pinot noir &amp; Chardonnay<\/h4>\n<p><em><strong>Brut<\/strong><\/em><\/p>\n<p>Champagne Cacher<\/p>\n","protected":false},"featured_media":913,"comment_status":"open","ping_status":"closed","template":"","meta":{"yasr_overall_rating":0,"yasr_post_is_review":"","yasr_auto_insert_disabled":"","yasr_review_type":""},"product_brand":[],"product_cat":[62],"product_tag":[],"class_list":{"0":"post-911","1":"product","2":"type-product","3":"status-publish","4":"has-post-thumbnail","6":"product_cat-negev-desert-champagne-cacher-casher-geneve-suisse","8":"first","9":"instock","10":"shipping-taxable","11":"purchasable","12":"product-type-simple"},"acf":[],"yasr_visitor_votes":{"stars_attributes":{"read_only":false,"span_bottom":false},"number_of_votes":0,"sum_votes":0},"_links":{"self":[{"href":"https:\/\/negevdesert.ch\/fr\/wp-json\/wp\/v2\/product\/911","targetHints":{"allow":["GET"]}}],"collection":[{"href":"https:\/\/negevdesert.ch\/fr\/wp-json\/wp\/v2\/product"}],"about":[{"href":"https:\/\/negevdesert.ch\/fr\/wp-json\/wp\/v2\/types\/product"}],"replies":[{"embeddable":true,"href":"https:\/\/negevdesert.ch\/fr\/wp-json\/wp\/v2\/comments?post=911"}],"wp:featuredmedia":[{"embeddable":true,"href":"https:\/\/negevdesert.ch\/fr\/wp-json\/wp\/v2\/media\/913"}],"wp:attachment":[{"href":"https:\/\/negevdesert.ch\/fr\/wp-json\/wp\/v2\/media?parent=911"}],"wp:term":[{"taxonomy":"product_brand","embeddable":true,"href":"https:\/\/negevdesert.ch\/fr\/wp-json\/wp\/v2\/product_brand?post=911"},{"taxonomy":"product_cat","embeddable":true,"href":"https:\/\/negevdesert.ch\/fr\/wp-json\/wp\/v2\/product_cat?post=911"},{"taxonomy":"product_tag","embeddable":true,"href":"https:\/\/negevdesert.ch\/fr\/wp-json\/wp\/v2\/product_tag?post=911"}],"curies":[{"name":"wp","href":"https:\/\/api.w.org\/{rel}","templated":true}]}}