{"id":903,"date":"2018-07-11T23:58:51","date_gmt":"2018-07-11T20:58:51","guid":{"rendered":"http:\/\/negevdesert.ch\/product\/ramon-cabernet-sauvignon\/"},"modified":"2020-03-24T13:42:24","modified_gmt":"2020-03-24T11:42:24","slug":"ramon-cabernet-sauvignon-vin-cacher-geneve-suisse","status":"publish","type":"product","link":"https:\/\/negevdesert.ch\/fr\/produit\/ramon-cabernet-sauvignon-vin-cacher-geneve-suisse\/","title":{"rendered":"Ramon \u2013 Cabernet Sauvignon"},"content":{"rendered":"<h4 class=\"uppercase\"><span class=\"fancy-underline\" style=\"color: #f99b1c; font-size: 100%;\">(rn) rAMat negev winery<\/span><\/h4>\n<p><span style=\"font-size: 120%;\" data-text-color=\"primary\"><em><strong>Ramon &#8211; Cabernet sauvignon<\/strong><\/em><\/span><\/p>\n<p><strong>Ann\u00e9e<\/strong>: 2014<\/p>\n<p><strong>Alcool:\u00a0<\/strong>14%<\/p>\n<p><b>Volume<\/b>: 750ml<\/p>\n<p><strong>Maturit\u00e9:<\/strong>\u00a0<strong>18 mois<\/strong> dans de nouveaux f\u00fbts en ch\u00eanes fran\u00e7ais et am\u00e9ricains.<\/p>\n<p><strong>Caract\u00e8re<\/strong>: Robe d&rsquo;un rouge rubis profond. Nez intense et complexe, ar\u00f4me de cerise noire, l\u00e9g\u00e8rement \u00e9pic\u00e9. Puissant et fruit\u00e9, dot\u00e9s de tannins soyeux et d&rsquo;une acidit\u00e9 tr\u00e8s \u00e9quilibr\u00e9e. Belle longueur, accompagn\u00e9 d&rsquo;une touche de violette.<\/p>\n<p><strong>Suggestions d\u2019accompagnements:\u00a0<\/strong>Ce vin accompagnera \u00e0 merveille la viande rouge, mais \u00e9galement avec de la volaille, des p\u00e2tes ou du poisson. Les fromages \u00e0 p\u00e2tes molles ou dures \u00e9galement.<\/p>\n<p><em>Casher\/cacher le\u2019Pessah\/Pessach\/Pessa\u2019h<\/em><\/p>\n<p><strong><a href=\"https:\/\/en.wikipedia.org\/wiki\/Israel\" rel=\"nofollow noopener\" target=\"_blank\"><em>PRODUIT EN ISRA\u00cbL \u2013 Moshav Kadesh Barnea<\/em><\/a><\/strong><\/p>\n<p>&nbsp;<\/p>\n<h5 style=\"text-align: center;\"><em><strong>Negev Desert \u2013<\/strong> Vins et \u00e9picerie fine cacher\/casher de niche d\u2019Isra\u00ebl<\/em><\/h5>\n<h5 style=\"text-align: center;\"><em><strong>Suisse \u2013\u00a0<\/strong>Gen\u00e8ve \u2013 Zurich \u2013 B\u00e2le<\/em><\/h5>\n<h5><\/h5>\n<div dir=\"ltr\">\n<div dir=\"ltr\">\n<h5 dir=\"ltr\"><\/h5>\n<\/div>\n<\/div>\n<div style='text-align:left' class='yasr-auto-insert-overall'><\/div><div style='text-align:left' class='yasr-auto-insert-visitor'><!--Yasr Visitor Votes Shortcode--><div id='yasr_visitor_votes_8e9bacf69b7de' class='yasr-visitor-votes'><div class=\"yasr-custom-text-vv-before yasr-custom-text-vv-before-903\">Click to rate this post!<\/div><div id='yasr-vv-second-row-container-8e9bacf69b7de'\r\n                                        class='yasr-vv-second-row-container'><div id='yasr-visitor-votes-rater-8e9bacf69b7de'\r\n                                      class='yasr-rater-stars-vv'\r\n                                      data-rater-postid='903'\r\n                                      data-rating='0'\r\n                                      data-rater-starsize='24'\r\n                                      data-rater-readonly='false'\r\n                                      data-rater-nonce='2217b64c0f'\r\n                                      data-issingular='false'\r\n                                    ><\/div><div class=\"yasr-vv-stats-text-container\" id=\"yasr-vv-stats-text-container-8e9bacf69b7de\"><svg xmlns=\"https:\/\/www.w3.org\/2000\/svg\" width=\"20\" height=\"20\"\r\n                                   class=\"yasr-dashicons-visitor-stats\"\r\n                                   data-postid=\"903\"\r\n                                   id=\"yasr-stats-dashicon-8e9bacf69b7de\">\r\n                                   <path d=\"M18 18v-16h-4v16h4zM12 18v-11h-4v11h4zM6 18v-8h-4v8h4z\"><\/path>\r\n                               <\/svg><span id=\"yasr-vv-text-container-8e9bacf69b7de\" class=\"yasr-vv-text-container\">[Total: <span id=\"yasr-vv-votes-number-container-8e9bacf69b7de\">0<\/span>  Average: <span id=\"yasr-vv-average-container-8e9bacf69b7de\">0<\/span>]<\/span><\/div><div id='yasr-vv-loader-8e9bacf69b7de' class='yasr-vv-container-loader'><\/div><\/div><div id='yasr-vv-bottom-container-8e9bacf69b7de' class='yasr-vv-bottom-container'><\/div><\/div><!--End Yasr Visitor Votes Shortcode--><\/div>","protected":false},"excerpt":{"rendered":"<h4><strong>100% Cabernet sauvignon \u2013 Sec<\/strong><\/h4>\n<p><span data-text-color=\"primary\"><em><strong>2014<\/strong><\/em><\/span><\/p>\n<div dir=\"ltr\">\n<div dir=\"ltr\">\n<h5 dir=\"ltr\"><\/h5>\n<\/div>\n<\/div>\n","protected":false},"featured_media":904,"comment_status":"open","ping_status":"closed","template":"","meta":{"yasr_overall_rating":0,"yasr_post_is_review":"","yasr_auto_insert_disabled":"","yasr_review_type":""},"product_brand":[],"product_cat":[66,60],"product_tag":[],"class_list":{"0":"post-903","1":"product","2":"type-product","3":"status-publish","4":"has-post-thumbnail","6":"product_cat-rouge-vin-cacher","7":"product_cat-vins-casher-cacher-de-niche-disrael-cacher-le-pessah","9":"first","10":"outofstock","11":"shipping-taxable","12":"purchasable","13":"product-type-simple"},"acf":[],"yasr_visitor_votes":{"stars_attributes":{"read_only":false,"span_bottom":false},"number_of_votes":0,"sum_votes":0},"_links":{"self":[{"href":"https:\/\/negevdesert.ch\/fr\/wp-json\/wp\/v2\/product\/903","targetHints":{"allow":["GET"]}}],"collection":[{"href":"https:\/\/negevdesert.ch\/fr\/wp-json\/wp\/v2\/product"}],"about":[{"href":"https:\/\/negevdesert.ch\/fr\/wp-json\/wp\/v2\/types\/product"}],"replies":[{"embeddable":true,"href":"https:\/\/negevdesert.ch\/fr\/wp-json\/wp\/v2\/comments?post=903"}],"wp:featuredmedia":[{"embeddable":true,"href":"https:\/\/negevdesert.ch\/fr\/wp-json\/wp\/v2\/media\/904"}],"wp:attachment":[{"href":"https:\/\/negevdesert.ch\/fr\/wp-json\/wp\/v2\/media?parent=903"}],"wp:term":[{"taxonomy":"product_brand","embeddable":true,"href":"https:\/\/negevdesert.ch\/fr\/wp-json\/wp\/v2\/product_brand?post=903"},{"taxonomy":"product_cat","embeddable":true,"href":"https:\/\/negevdesert.ch\/fr\/wp-json\/wp\/v2\/product_cat?post=903"},{"taxonomy":"product_tag","embeddable":true,"href":"https:\/\/negevdesert.ch\/fr\/wp-json\/wp\/v2\/product_tag?post=903"}],"curies":[{"name":"wp","href":"https:\/\/api.w.org\/{rel}","templated":true}]}}