{"id":897,"date":"2018-07-12T00:03:09","date_gmt":"2018-07-11T21:03:09","guid":{"rendered":"http:\/\/negevdesert.ch\/product\/rn-ramon-cabernet-franc\/"},"modified":"2026-01-08T14:49:45","modified_gmt":"2026-01-08T13:49:45","slug":"rn-ramon-cabernet-franc","status":"publish","type":"product","link":"https:\/\/negevdesert.ch\/fr\/produit\/rn-ramon-cabernet-franc\/","title":{"rendered":"RN Ramon \u2013 Cabernet Franc"},"content":{"rendered":"<h4 class=\"uppercase\"><span class=\"fancy-underline\" style=\"color: #f99b1c; font-size: 100%;\">(rn) rAMat negev winery<\/span><\/h4>\n<p><span style=\"font-size: 120%;\" data-text-color=\"primary\"><em><strong>Ramon &#8211; Cabernet Franc<\/strong><\/em><\/span><\/p>\n<p><strong>Ann\u00e9e<\/strong>: 2022<\/p>\n<p><strong>Alcool:\u00a0<\/strong>14%<\/p>\n<p><strong>Volume<\/strong>: 750ml<\/p>\n<p><strong>Maturit\u00e9:<\/strong>\u00a0<strong>16 mois<\/strong> dans de nouveaux f\u00fbts en ch\u00eanes fran\u00e7ais<\/p>\n<p><strong>Caract\u00e8re<\/strong>: Robe mauve intense et d&rsquo;une couleur profonde. Vin complet et cors\u00e9 avec tannins doux avec go\u00fbt de fruits rouges, \u00e9pices et chocolat.<\/p>\n<p><strong>Suggestions d\u2019accompagnements:\u00a0<\/strong>Ce vin accompagnera \u00e0 merveille le boeuf, le gibier et la volaille. Il peut galement \u00eatre associ\u00e9 \u00e0 du fromage doux et \u00e0 p\u00e2te molle.<\/p>\n<p><em>Casher\/cacher le\u2019Pessah\/Pessach\/Pessa\u2019h<\/em><\/p>\n<p><strong><a href=\"https:\/\/en.wikipedia.org\/wiki\/Israel\" rel=\"nofollow noopener\" target=\"_blank\"><em>PRODUIT EN ISRA\u00cbL \u2013 Moshav Kadesh Barnea<\/em><\/a><\/strong><\/p>\n<p>&nbsp;<\/p>\n<h5 class=\"alt-font\" style=\"text-align: center;\"><em><strong>Negev Desert \u2013<\/strong> Vins et \u00e9picerie fine cacher\/casher de niche d\u2019Isra\u00ebl<\/em><\/h5>\n<h5 class=\"alt-font\" style=\"text-align: center;\"><em><strong>Suisse \u2013\u00a0<\/strong>Gen\u00e8ve \u2013 Zurich \u2013 B\u00e2le<\/em><\/h5>\n<div style='text-align:left' class='yasr-auto-insert-overall'><\/div><div style='text-align:left' class='yasr-auto-insert-visitor'><!--Yasr Visitor Votes Shortcode--><div id='yasr_visitor_votes_ee4dc86ccf39f' class='yasr-visitor-votes'><div class=\"yasr-custom-text-vv-before yasr-custom-text-vv-before-897\">Click to rate this post!<\/div><div id='yasr-vv-second-row-container-ee4dc86ccf39f'\r\n                                        class='yasr-vv-second-row-container'><div id='yasr-visitor-votes-rater-ee4dc86ccf39f'\r\n                                      class='yasr-rater-stars-vv'\r\n                                      data-rater-postid='897'\r\n                                      data-rating='0'\r\n                                      data-rater-starsize='24'\r\n                                      data-rater-readonly='false'\r\n                                      data-rater-nonce='31f212ff2e'\r\n                                      data-issingular='false'\r\n                                    ><\/div><div class=\"yasr-vv-stats-text-container\" id=\"yasr-vv-stats-text-container-ee4dc86ccf39f\"><svg xmlns=\"https:\/\/www.w3.org\/2000\/svg\" width=\"20\" height=\"20\"\r\n                                   class=\"yasr-dashicons-visitor-stats\"\r\n                                   data-postid=\"897\"\r\n                                   id=\"yasr-stats-dashicon-ee4dc86ccf39f\">\r\n                                   <path d=\"M18 18v-16h-4v16h4zM12 18v-11h-4v11h4zM6 18v-8h-4v8h4z\"><\/path>\r\n                               <\/svg><span id=\"yasr-vv-text-container-ee4dc86ccf39f\" class=\"yasr-vv-text-container\">[Total: <span id=\"yasr-vv-votes-number-container-ee4dc86ccf39f\">0<\/span>  Average: <span id=\"yasr-vv-average-container-ee4dc86ccf39f\">0<\/span>]<\/span><\/div><div id='yasr-vv-loader-ee4dc86ccf39f' class='yasr-vv-container-loader'><\/div><\/div><div id='yasr-vv-bottom-container-ee4dc86ccf39f' class='yasr-vv-bottom-container'><\/div><\/div><!--End Yasr Visitor Votes Shortcode--><\/div>","protected":false},"excerpt":{"rendered":"<h4><strong>100% Cabernet Franc \u2013 Sec<\/strong><\/h4>\n<p><span data-text-color=\"primary\"><em><strong>2022<\/strong><\/em><\/span><\/p>\n<h4 class=\"alt-font\" style=\"text-align: center;\"><\/h4>\n","protected":false},"featured_media":8770,"comment_status":"open","ping_status":"closed","template":"","meta":{"yasr_overall_rating":0,"yasr_post_is_review":"","yasr_auto_insert_disabled":"","yasr_review_type":""},"product_brand":[88],"product_cat":[66,60],"product_tag":[],"class_list":{"0":"post-897","1":"product","2":"type-product","3":"status-publish","4":"has-post-thumbnail","6":"product_brand-ramat-negev-winery-fr","7":"product_cat-rouge-vin-cacher","8":"product_cat-vins-casher-cacher-de-niche-disrael-cacher-le-pessah","10":"first","11":"instock","12":"shipping-taxable","13":"purchasable","14":"product-type-simple"},"acf":[],"yasr_visitor_votes":{"stars_attributes":{"read_only":false,"span_bottom":false},"number_of_votes":0,"sum_votes":0},"_links":{"self":[{"href":"https:\/\/negevdesert.ch\/fr\/wp-json\/wp\/v2\/product\/897","targetHints":{"allow":["GET"]}}],"collection":[{"href":"https:\/\/negevdesert.ch\/fr\/wp-json\/wp\/v2\/product"}],"about":[{"href":"https:\/\/negevdesert.ch\/fr\/wp-json\/wp\/v2\/types\/product"}],"replies":[{"embeddable":true,"href":"https:\/\/negevdesert.ch\/fr\/wp-json\/wp\/v2\/comments?post=897"}],"wp:featuredmedia":[{"embeddable":true,"href":"https:\/\/negevdesert.ch\/fr\/wp-json\/wp\/v2\/media\/8770"}],"wp:attachment":[{"href":"https:\/\/negevdesert.ch\/fr\/wp-json\/wp\/v2\/media?parent=897"}],"wp:term":[{"taxonomy":"product_brand","embeddable":true,"href":"https:\/\/negevdesert.ch\/fr\/wp-json\/wp\/v2\/product_brand?post=897"},{"taxonomy":"product_cat","embeddable":true,"href":"https:\/\/negevdesert.ch\/fr\/wp-json\/wp\/v2\/product_cat?post=897"},{"taxonomy":"product_tag","embeddable":true,"href":"https:\/\/negevdesert.ch\/fr\/wp-json\/wp\/v2\/product_tag?post=897"}],"curies":[{"name":"wp","href":"https:\/\/api.w.org\/{rel}","templated":true}]}}