{"id":893,"date":"2018-07-12T00:04:29","date_gmt":"2018-07-11T21:04:29","guid":{"rendered":"http:\/\/negevdesert.ch\/product\/yaffo-heritage\/"},"modified":"2026-04-17T08:37:12","modified_gmt":"2026-04-17T06:37:12","slug":"yaffo-winery-heritage-negev-desert-negev-desert-vins-casher-de-niche-disrael-geneve-suisse","status":"publish","type":"product","link":"https:\/\/negevdesert.ch\/fr\/produit\/yaffo-winery-heritage-negev-desert-negev-desert-vins-casher-de-niche-disrael-geneve-suisse\/","title":{"rendered":"Yaffo \u2013 H\u00e9ritage"},"content":{"rendered":"<div class=\"the-blend\">\n<h4 class=\"uppercase\"><span class=\"fancy-underline\" style=\"color: #f99b1c; font-size: 100%;\">YAFFO wineRY<\/span><\/h4>\n<p><span style=\"font-size: 120%;\" data-text-color=\"primary\"><em><strong>H\u00e9ritage &#8211; Rouge &#8211; L&rsquo;assemblage premium du vignoble Yaffo\u00a0<\/strong><\/em><\/span><\/p>\n<\/div>\n<div class=\"stats\">\n<p class=\"p1\"><strong>Ann\u00e9e<\/strong> : 2022<\/p>\n<p class=\"p1\"><strong>Alcool:<\/strong> 13.9%<\/p>\n<p><strong>Volume<\/strong>: 750ml<\/p>\n<p><strong>Maturit\u00e9:<\/strong>\u00a0<strong>24 mois<\/strong> dans des f\u00fbts en ch\u00eane fran\u00e7ais<\/p>\n<p><strong>Caract\u00e8re<\/strong>: Un m\u00e9lange de cabernet sauvignon et de shiraz, refl\u00e9tant la maturit\u00e9 de l&rsquo;assemblage en f\u00fbt de ch\u00eane avec des touches d&rsquo;\u00e9pices et de cannelle, qui mettent en valeur les fruits noirs, le tabac et un soup\u00e7on de r\u00e9glisse. Long, rond et g\u00e9n\u00e9reux. <span style=\"color: #282828;\" data-text-color=\"primary\"><em>H\u00e9ritage<\/em> est le vin phare de Yaffo Winery. Le processus commence par le choix des raisins, se poursuit avec des normes de production m\u00e9ticuleuses, et r\u00e9sulte en un vin tr\u00e8s fin.<\/span><\/p>\n<p><strong>Suggestions d&rsquo;accompagnements<\/strong>: Un excellent accompagnement pour les aliments riches comme l&rsquo;\u00e9paule d&rsquo;agneau ou le r\u00f4ti de b\u0153uf.<\/p>\n<p><em>cacher le\u2019Pessah\/Pessach\/Pessa\u2019h &#8211; Vin casher rouge<\/em><\/p>\n<p><strong><a href=\"https:\/\/en.wikipedia.org\/wiki\/Israel\" rel=\"nofollow noopener\" target=\"_blank\"><em>PRODUIT EN ISRA\u00cbL \u2013 vall\u00e9e de Ella<\/em><\/a><\/strong><\/p>\n<p>&nbsp;<\/p>\n<h5 class=\"alt-font\" style=\"text-align: center;\"><em><strong>Negev Desert \u2013<\/strong>\u00a0Vins et \u00e9picerie fine cacher\/casher de niche d\u2019Isra\u00ebl<\/em><\/h5>\n<h5 class=\"alt-font\" style=\"text-align: center;\"><em><strong>Suisse \u2013\u00a0<\/strong>Gen\u00e8ve \u2013 Zurich \u2013 B\u00e2le<\/em><\/h5>\n<h5 style=\"text-align: center;\"><\/h5>\n<\/div>\n<div style='text-align:left' class='yasr-auto-insert-overall'><\/div><div style='text-align:left' class='yasr-auto-insert-visitor'><!--Yasr Visitor Votes Shortcode--><div id='yasr_visitor_votes_c0e9e9ca40869' class='yasr-visitor-votes'><div class=\"yasr-custom-text-vv-before yasr-custom-text-vv-before-893\">Click to rate this post!<\/div><div id='yasr-vv-second-row-container-c0e9e9ca40869'\r\n                                        class='yasr-vv-second-row-container'><div id='yasr-visitor-votes-rater-c0e9e9ca40869'\r\n                                      class='yasr-rater-stars-vv'\r\n                                      data-rater-postid='893'\r\n                                      data-rating='0'\r\n                                      data-rater-starsize='24'\r\n                                      data-rater-readonly='false'\r\n                                      data-rater-nonce='31f212ff2e'\r\n                                      data-issingular='false'\r\n                                    ><\/div><div class=\"yasr-vv-stats-text-container\" id=\"yasr-vv-stats-text-container-c0e9e9ca40869\"><svg xmlns=\"https:\/\/www.w3.org\/2000\/svg\" width=\"20\" height=\"20\"\r\n                                   class=\"yasr-dashicons-visitor-stats\"\r\n                                   data-postid=\"893\"\r\n                                   id=\"yasr-stats-dashicon-c0e9e9ca40869\">\r\n                                   <path d=\"M18 18v-16h-4v16h4zM12 18v-11h-4v11h4zM6 18v-8h-4v8h4z\"><\/path>\r\n                               <\/svg><span id=\"yasr-vv-text-container-c0e9e9ca40869\" class=\"yasr-vv-text-container\">[Total: <span id=\"yasr-vv-votes-number-container-c0e9e9ca40869\">0<\/span>  Average: <span id=\"yasr-vv-average-container-c0e9e9ca40869\">0<\/span>]<\/span><\/div><div id='yasr-vv-loader-c0e9e9ca40869' class='yasr-vv-container-loader'><\/div><\/div><div id='yasr-vv-bottom-container-c0e9e9ca40869' class='yasr-vv-bottom-container'><\/div><\/div><!--End Yasr Visitor Votes Shortcode--><\/div>","protected":false},"excerpt":{"rendered":"<section class=\"av_textblock_section\">\n<div class=\"avia_textblock \">\n<div dir=\"ltr\">\n<h4><strong>Cabernet Sauvignon &amp; Syrah &#8211; Sec<\/strong><\/h4>\n<p><em><span style=\"font-size: 110%;\"><strong>2022<\/strong><\/span><\/em><\/p>\n<p class=\"p1\">\n<\/div>\n<\/div>\n<\/section>\n","protected":false},"featured_media":10005,"comment_status":"open","ping_status":"closed","template":"","meta":{"yasr_overall_rating":0,"yasr_post_is_review":"","yasr_auto_insert_disabled":"","yasr_review_type":""},"product_brand":[90],"product_cat":[66,60],"product_tag":[],"class_list":{"0":"post-893","1":"product","2":"type-product","3":"status-publish","4":"has-post-thumbnail","6":"product_brand-yaffo-winery-fr","7":"product_cat-rouge-vin-cacher","8":"product_cat-vins-casher-cacher-de-niche-disrael-cacher-le-pessah","10":"first","11":"instock","12":"shipping-taxable","13":"purchasable","14":"product-type-simple"},"acf":[],"yasr_visitor_votes":{"stars_attributes":{"read_only":false,"span_bottom":false},"number_of_votes":0,"sum_votes":0},"_links":{"self":[{"href":"https:\/\/negevdesert.ch\/fr\/wp-json\/wp\/v2\/product\/893","targetHints":{"allow":["GET"]}}],"collection":[{"href":"https:\/\/negevdesert.ch\/fr\/wp-json\/wp\/v2\/product"}],"about":[{"href":"https:\/\/negevdesert.ch\/fr\/wp-json\/wp\/v2\/types\/product"}],"replies":[{"embeddable":true,"href":"https:\/\/negevdesert.ch\/fr\/wp-json\/wp\/v2\/comments?post=893"}],"wp:featuredmedia":[{"embeddable":true,"href":"https:\/\/negevdesert.ch\/fr\/wp-json\/wp\/v2\/media\/10005"}],"wp:attachment":[{"href":"https:\/\/negevdesert.ch\/fr\/wp-json\/wp\/v2\/media?parent=893"}],"wp:term":[{"taxonomy":"product_brand","embeddable":true,"href":"https:\/\/negevdesert.ch\/fr\/wp-json\/wp\/v2\/product_brand?post=893"},{"taxonomy":"product_cat","embeddable":true,"href":"https:\/\/negevdesert.ch\/fr\/wp-json\/wp\/v2\/product_cat?post=893"},{"taxonomy":"product_tag","embeddable":true,"href":"https:\/\/negevdesert.ch\/fr\/wp-json\/wp\/v2\/product_tag?post=893"}],"curies":[{"name":"wp","href":"https:\/\/api.w.org\/{rel}","templated":true}]}}