{"id":8868,"date":"2022-02-25T12:34:48","date_gmt":"2022-02-25T11:34:48","guid":{"rendered":"https:\/\/negevdesert.ch\/?post_type=product&#038;p=8868"},"modified":"2026-03-25T11:05:17","modified_gmt":"2026-03-25T10:05:17","slug":"jerusalem-premium","status":"publish","type":"product","link":"https:\/\/negevdesert.ch\/fr\/produit\/jerusalem-premium\/","title":{"rendered":"Jerusalem Winery &#8211; PREMIUM"},"content":{"rendered":"<h3 class=\"uppercase\"><span class=\"fancy-underline\" style=\"color: #f99b1c;\"><strong>JERUSALEM WINERIES<\/strong><\/span><\/h3>\n<p class=\"uppercase\" style=\"text-align: left;\"><span style=\"font-size: 120%; color: #00aae7;\"><strong><em>PREMIUM\u00a0<\/em><\/strong><\/span><\/p>\n<p>100% Cabernet Sauvignon<\/p>\n<p><strong>Ann\u00e9e<\/strong> : 2024<\/p>\n<p><strong>Alcool\u00a0<\/strong>: 13.00%<\/p>\n<p><strong>Volume<\/strong>: 750ml<\/p>\n<p><strong>Maturit\u00e9<\/strong>:\u00a0<strong>12 mois<\/strong> dans de f\u00fbts en ch\u00eanes<\/p>\n<p><strong>Caract\u00e8re<\/strong>: Vin rouge sec issu de raisins <strong data-start=\"30\" data-end=\"52\">Cabernet Sauvignon<\/strong> cultiv\u00e9s dans des vignobles s\u00e9lectionn\u00e9s des <strong data-start=\"98\" data-end=\"123\">collines de J\u00e9rusalem<\/strong>. Apr\u00e8s une fermentation prolong\u00e9e, le vin a \u00e9t\u00e9 \u00e9lev\u00e9 dans une combinaison de cuves en ciment et de f\u00fbts de ch\u00eane fran\u00e7ais de 300L.<\/p>\n<p data-start=\"272\" data-end=\"408\" data-is-last-node=\"\" data-is-only-node=\"\">Le vin pr\u00e9sente des ar\u00f4mes de baies noires et rouges ainsi que de vanille, un corps moyen \u00e0 ample et une finale longue et \u00e9quilibr\u00e9e.<\/p>\n<p><strong>Suggestions d\u2019accompagnements<\/strong>: Le vin accompagnera parfaitement des plats tels que <strong data-start=\"52\" data-end=\"112\">des c\u00f4telettes d\u2019agneau grill\u00e9es, un steak ou du gruy\u00e8re<\/strong>.<\/p>\n<p><em>cacher le\u2019Pessah\/Pessach\/Pessa\u2019h \u2013 Vin Rouge Casher<\/em><\/p>\n<p><em><strong>PRODUIT EN ISRA\u00cbL<\/strong><\/em> \u2013 JERUSALEM<\/p>\n<p>&nbsp;<\/p>\n<h5 class=\"alt-font\" style=\"text-align: center;\">Negev Desert \u2013 Vins et \u00e9picerie fine cacher\/casher de niche d\u2019Isra\u00ebl<br \/>\nSuisse \u2013 Gen\u00e8ve \u2013 Zurich \u2013 B\u00e2le<\/h5>\n<p>&nbsp;<\/p>\n<div style='text-align:left' class='yasr-auto-insert-overall'><\/div><div style='text-align:left' class='yasr-auto-insert-visitor'><!--Yasr Visitor Votes Shortcode--><div id='yasr_visitor_votes_87bf03364ba17' class='yasr-visitor-votes'><div class=\"yasr-custom-text-vv-before yasr-custom-text-vv-before-8868\">Click to rate this post!<\/div><div id='yasr-vv-second-row-container-87bf03364ba17'\r\n                                        class='yasr-vv-second-row-container'><div id='yasr-visitor-votes-rater-87bf03364ba17'\r\n                                      class='yasr-rater-stars-vv'\r\n                                      data-rater-postid='8868'\r\n                                      data-rating='4.3'\r\n                                      data-rater-starsize='24'\r\n                                      data-rater-readonly='false'\r\n                                      data-rater-nonce='4200913061'\r\n                                      data-issingular='false'\r\n                                    ><\/div><div class=\"yasr-vv-stats-text-container\" id=\"yasr-vv-stats-text-container-87bf03364ba17\"><svg xmlns=\"https:\/\/www.w3.org\/2000\/svg\" width=\"20\" height=\"20\"\r\n                                   class=\"yasr-dashicons-visitor-stats\"\r\n                                   data-postid=\"8868\"\r\n                                   id=\"yasr-stats-dashicon-87bf03364ba17\">\r\n                                   <path d=\"M18 18v-16h-4v16h4zM12 18v-11h-4v11h4zM6 18v-8h-4v8h4z\"><\/path>\r\n                               <\/svg><span id=\"yasr-vv-text-container-87bf03364ba17\" class=\"yasr-vv-text-container\">[Total: <span id=\"yasr-vv-votes-number-container-87bf03364ba17\">3<\/span>  Average: <span id=\"yasr-vv-average-container-87bf03364ba17\">4.3<\/span>]<\/span><\/div><div id='yasr-vv-loader-87bf03364ba17' class='yasr-vv-container-loader'><\/div><\/div><div id='yasr-vv-bottom-container-87bf03364ba17' class='yasr-vv-bottom-container'><\/div><\/div><!--End Yasr Visitor Votes Shortcode--><\/div>","protected":false},"excerpt":{"rendered":"<p><strong>100 % Cabernet Sauvignon-<\/strong>Sec<\/p>\n<p><em>2024<\/em><\/p>\n","protected":false},"featured_media":10670,"comment_status":"open","ping_status":"closed","template":"","meta":{"yasr_overall_rating":0,"yasr_post_is_review":"","yasr_auto_insert_disabled":"","yasr_review_type":""},"product_brand":[91],"product_cat":[60,52,66],"product_tag":[],"class_list":{"0":"post-8868","1":"product","2":"type-product","3":"status-publish","4":"has-post-thumbnail","6":"product_brand-negev-desert-israeli-kosher-boutique-wine-geneva-switzerland-fr","7":"product_cat-vins-casher-cacher-de-niche-disrael-cacher-le-pessah","8":"product_cat-magasin-en-ligne-casher-pessah","9":"product_cat-rouge-vin-cacher","11":"first","12":"instock","13":"shipping-taxable","14":"purchasable","15":"product-type-simple"},"acf":[],"yasr_visitor_votes":{"stars_attributes":{"read_only":false,"span_bottom":false},"number_of_votes":3,"sum_votes":13},"_links":{"self":[{"href":"https:\/\/negevdesert.ch\/fr\/wp-json\/wp\/v2\/product\/8868","targetHints":{"allow":["GET"]}}],"collection":[{"href":"https:\/\/negevdesert.ch\/fr\/wp-json\/wp\/v2\/product"}],"about":[{"href":"https:\/\/negevdesert.ch\/fr\/wp-json\/wp\/v2\/types\/product"}],"replies":[{"embeddable":true,"href":"https:\/\/negevdesert.ch\/fr\/wp-json\/wp\/v2\/comments?post=8868"}],"wp:featuredmedia":[{"embeddable":true,"href":"https:\/\/negevdesert.ch\/fr\/wp-json\/wp\/v2\/media\/10670"}],"wp:attachment":[{"href":"https:\/\/negevdesert.ch\/fr\/wp-json\/wp\/v2\/media?parent=8868"}],"wp:term":[{"taxonomy":"product_brand","embeddable":true,"href":"https:\/\/negevdesert.ch\/fr\/wp-json\/wp\/v2\/product_brand?post=8868"},{"taxonomy":"product_cat","embeddable":true,"href":"https:\/\/negevdesert.ch\/fr\/wp-json\/wp\/v2\/product_cat?post=8868"},{"taxonomy":"product_tag","embeddable":true,"href":"https:\/\/negevdesert.ch\/fr\/wp-json\/wp\/v2\/product_tag?post=8868"}],"curies":[{"name":"wp","href":"https:\/\/api.w.org\/{rel}","templated":true}]}}