{"id":8674,"date":"2022-02-14T15:06:30","date_gmt":"2022-02-14T14:06:30","guid":{"rendered":"https:\/\/negevdesert.ch\/?post_type=product&#038;p=8674"},"modified":"2024-12-05T10:27:35","modified_gmt":"2024-12-05T09:27:35","slug":"negev-desert-moshav-huile-dolive-extra-vierge-casher-disrael","status":"publish","type":"product","link":"https:\/\/negevdesert.ch\/fr\/produit\/negev-desert-moshav-huile-dolive-extra-vierge-casher-disrael\/","title":{"rendered":"MOSHAV \u2013 Huile d\u2019olive extra vierge &#8211; 500ml"},"content":{"rendered":"<h3 class=\"uppercase\"><span class=\"fancy-underline\" style=\"color: #f99b1c;\"><strong>MOSHAV <\/strong><\/span><\/h3>\n<p>Huile d\u2019olive extra vierge d\u2019Isra\u00ebl<\/p>\n<p>Cette huile d\u2019olive est unique car seulement 1000 oliviers sont utilis\u00e9s pour la produire. Elle est r\u00e9colt\u00e9e \u00e0 la main par la famille Simhoni du moshav Bnei Hatarot au centre d\u2019Isra\u00ebl. Ce moshav exploite les olives isra\u00e9liennes Barnea.<\/p>\n<p>Acidit\u00e9 maximale 0.5 %<\/p>\n<p>Cacher le\u2019Pessah<\/p>\n<h5><a href=\"https:\/\/en.wikipedia.org\/wiki\/Israel\" rel=\"nofollow noopener\" target=\"_blank\"><strong><em>PRODUIT EN ISRA\u00cbL \u2013 Simchoni Farm, Moshav Bnei Atarot<\/em><\/strong><\/a><\/h5>\n<p>&nbsp;<\/p>\n<h5 class=\"alt-font\" style=\"text-align: center;\"><em><strong>Negev Desert \u2013<\/strong>\u00a0Vins et \u00e9picerie fine cacher\/casher de niche d\u2019Isra\u00ebl<\/em><\/h5>\n<h5 class=\"alt-font\" style=\"text-align: center;\"><em><strong>Suisse \u2013\u00a0<\/strong>Gen\u00e8ve \u2013 Zurich \u2013 B\u00e2le<\/em><\/h5>\n<h5><\/h5>\n<div style='text-align:left' class='yasr-auto-insert-overall'><\/div><div style='text-align:left' class='yasr-auto-insert-visitor'><!--Yasr Visitor Votes Shortcode--><div id='yasr_visitor_votes_90d1468f952d5' class='yasr-visitor-votes'><div class=\"yasr-custom-text-vv-before yasr-custom-text-vv-before-8674\">Click to rate this post!<\/div><div id='yasr-vv-second-row-container-90d1468f952d5'\r\n                                        class='yasr-vv-second-row-container'><div id='yasr-visitor-votes-rater-90d1468f952d5'\r\n                                      class='yasr-rater-stars-vv'\r\n                                      data-rater-postid='8674'\r\n                                      data-rating='4'\r\n                                      data-rater-starsize='24'\r\n                                      data-rater-readonly='false'\r\n                                      data-rater-nonce='2217b64c0f'\r\n                                      data-issingular='false'\r\n                                    ><\/div><div class=\"yasr-vv-stats-text-container\" id=\"yasr-vv-stats-text-container-90d1468f952d5\"><svg xmlns=\"https:\/\/www.w3.org\/2000\/svg\" width=\"20\" height=\"20\"\r\n                                   class=\"yasr-dashicons-visitor-stats\"\r\n                                   data-postid=\"8674\"\r\n                                   id=\"yasr-stats-dashicon-90d1468f952d5\">\r\n                                   <path d=\"M18 18v-16h-4v16h4zM12 18v-11h-4v11h4zM6 18v-8h-4v8h4z\"><\/path>\r\n                               <\/svg><span id=\"yasr-vv-text-container-90d1468f952d5\" class=\"yasr-vv-text-container\">[Total: <span id=\"yasr-vv-votes-number-container-90d1468f952d5\">2<\/span>  Average: <span id=\"yasr-vv-average-container-90d1468f952d5\">4<\/span>]<\/span><\/div><div id='yasr-vv-loader-90d1468f952d5' class='yasr-vv-container-loader'><\/div><\/div><div id='yasr-vv-bottom-container-90d1468f952d5' class='yasr-vv-bottom-container'><\/div><\/div><!--End Yasr Visitor Votes Shortcode--><\/div>","protected":false},"excerpt":{"rendered":"<p>Huile d&rsquo;olive extra vierge<br \/>\n<span style=\"font-size: 110%;\"><em><strong>100% Made in Israel.<\/strong><\/em><\/span><\/p>\n","protected":false},"featured_media":8676,"comment_status":"open","ping_status":"closed","template":"","meta":{"yasr_overall_rating":0,"yasr_post_is_review":"","yasr_auto_insert_disabled":"","yasr_review_type":""},"product_brand":[],"product_cat":[50],"product_tag":[],"class_list":{"0":"post-8674","1":"product","2":"type-product","3":"status-publish","4":"has-post-thumbnail","6":"product_cat-huile-dolive","8":"first","9":"outofstock","10":"shipping-taxable","11":"purchasable","12":"product-type-simple"},"acf":[],"yasr_visitor_votes":{"stars_attributes":{"read_only":false,"span_bottom":false},"number_of_votes":2,"sum_votes":8},"_links":{"self":[{"href":"https:\/\/negevdesert.ch\/fr\/wp-json\/wp\/v2\/product\/8674","targetHints":{"allow":["GET"]}}],"collection":[{"href":"https:\/\/negevdesert.ch\/fr\/wp-json\/wp\/v2\/product"}],"about":[{"href":"https:\/\/negevdesert.ch\/fr\/wp-json\/wp\/v2\/types\/product"}],"replies":[{"embeddable":true,"href":"https:\/\/negevdesert.ch\/fr\/wp-json\/wp\/v2\/comments?post=8674"}],"wp:featuredmedia":[{"embeddable":true,"href":"https:\/\/negevdesert.ch\/fr\/wp-json\/wp\/v2\/media\/8676"}],"wp:attachment":[{"href":"https:\/\/negevdesert.ch\/fr\/wp-json\/wp\/v2\/media?parent=8674"}],"wp:term":[{"taxonomy":"product_brand","embeddable":true,"href":"https:\/\/negevdesert.ch\/fr\/wp-json\/wp\/v2\/product_brand?post=8674"},{"taxonomy":"product_cat","embeddable":true,"href":"https:\/\/negevdesert.ch\/fr\/wp-json\/wp\/v2\/product_cat?post=8674"},{"taxonomy":"product_tag","embeddable":true,"href":"https:\/\/negevdesert.ch\/fr\/wp-json\/wp\/v2\/product_tag?post=8674"}],"curies":[{"name":"wp","href":"https:\/\/api.w.org\/{rel}","templated":true}]}}