{"id":8484,"date":"2021-03-20T21:04:22","date_gmt":"2021-03-20T20:04:22","guid":{"rendered":"https:\/\/www.negevdesert.ch\/?post_type=product&#038;p=8484"},"modified":"2026-03-25T21:13:11","modified_gmt":"2026-03-25T20:13:11","slug":"vin-doux-kiddoush-mini-cvin-doux-kiddoush-mini-casher-jerusalem-wineries-holyland-israel-asher-cacher-jerusalem-wineries-holyland-israel","status":"publish","type":"product","link":"https:\/\/negevdesert.ch\/fr\/produit\/vin-doux-kiddoush-mini-cvin-doux-kiddoush-mini-casher-jerusalem-wineries-holyland-israel-asher-cacher-jerusalem-wineries-holyland-israel\/","title":{"rendered":"Jerusalem HOLYLAND- Vin doux kiddoush &#8211; Mini"},"content":{"rendered":"<h3 class=\"uppercase\"><span class=\"fancy-underline\" style=\"color: #f99b1c;\"><strong>Jerusalem wineries<\/strong><\/span><\/h3>\n<p class=\"uppercase\"><span style=\"color: #00aae7;\"><strong><span style=\"font-size: 120%;\"><em>hOLYLAND &#8211; Vin doux de kiddouch Mini<\/em><\/span><\/strong><\/span><\/p>\n<p><strong>Ann\u00e9e<\/strong> : 2023<\/p>\n<p><strong>Alcool<\/strong>: 12%<\/p>\n<p><strong>Volume<\/strong>\u00a0: 187ml<\/p>\n<p><span style=\"color: #282828;\"><a class=\"mw-redirect\" style=\"color: #282828;\" title=\"https:\/\/fr.chabad.org\/library\/article_cdo\/aid\/1429054\/jewish\/Le-Kiddouch.htm\"> Le vin traditionnel du Kiddouch est un vin sacramentel incontournable. Le mot \u00ab\u00a0Kiddouch\u00a0\u00bb signifie \u00ab\u00a0sanctification\u00a0\u00bb en h\u00e9breu et est une b\u00e9n\u00e9diction r\u00e9cit\u00e9e sur du vin ou du jus de raisin pour sanctifier le Shabbat et les f\u00eates juives.<\/a><\/span><\/p>\n<p>Cacher le\u2019Pessah<\/p>\n<p dir=\"ltr\"><span style=\"color: #000000;\"><strong>PRODUIT EN <a style=\"color: #000000;\" href=\"https:\/\/fr.wikipedia.org\/wiki\/Isra\u00ebl\" rel=\"nofollow noopener\" target=\"_blank\">ISRA\u00cbL<\/a><em> \u2013\u00a0 JERUSALEM<\/em><\/strong><\/span><\/p>\n<h5 class=\"alt-font\" style=\"text-align: center;\"><em><strong>Negev Desert<\/strong> \u2013 Magasin Cacher en line &#8211; <\/em><em>Vins et Epicerie fine casher d&rsquo;Isra\u00ebl\u00a0<\/em><br \/>\n<em><strong>Suisse<\/strong> \u2013 Gen\u00e8ve \u2013 Z\u00fcrich \u2013 B\u00e2le<\/em><\/h5>\n<div style='text-align:left' class='yasr-auto-insert-overall'><\/div><div style='text-align:left' class='yasr-auto-insert-visitor'><!--Yasr Visitor Votes Shortcode--><div id='yasr_visitor_votes_160466e5d9c2d' class='yasr-visitor-votes'><div class=\"yasr-custom-text-vv-before yasr-custom-text-vv-before-8484\">Click to rate this post!<\/div><div id='yasr-vv-second-row-container-160466e5d9c2d'\r\n                                        class='yasr-vv-second-row-container'><div id='yasr-visitor-votes-rater-160466e5d9c2d'\r\n                                      class='yasr-rater-stars-vv'\r\n                                      data-rater-postid='8484'\r\n                                      data-rating='5'\r\n                                      data-rater-starsize='24'\r\n                                      data-rater-readonly='false'\r\n                                      data-rater-nonce='2217b64c0f'\r\n                                      data-issingular='false'\r\n                                    ><\/div><div class=\"yasr-vv-stats-text-container\" id=\"yasr-vv-stats-text-container-160466e5d9c2d\"><svg xmlns=\"https:\/\/www.w3.org\/2000\/svg\" width=\"20\" height=\"20\"\r\n                                   class=\"yasr-dashicons-visitor-stats\"\r\n                                   data-postid=\"8484\"\r\n                                   id=\"yasr-stats-dashicon-160466e5d9c2d\">\r\n                                   <path d=\"M18 18v-16h-4v16h4zM12 18v-11h-4v11h4zM6 18v-8h-4v8h4z\"><\/path>\r\n                               <\/svg><span id=\"yasr-vv-text-container-160466e5d9c2d\" class=\"yasr-vv-text-container\">[Total: <span id=\"yasr-vv-votes-number-container-160466e5d9c2d\">2<\/span>  Average: <span id=\"yasr-vv-average-container-160466e5d9c2d\">5<\/span>]<\/span><\/div><div id='yasr-vv-loader-160466e5d9c2d' class='yasr-vv-container-loader'><\/div><\/div><div id='yasr-vv-bottom-container-160466e5d9c2d' class='yasr-vv-bottom-container'><\/div><\/div><!--End Yasr Visitor Votes Shortcode--><\/div>","protected":false},"excerpt":{"rendered":"<h4><strong>Vin kiddouch &#8211;\u00a0 Doux Mevoushal<\/strong><\/h4>\n<p><em><strong><span style=\"font-size: 110%;\">187ml<\/span><\/strong><\/em><\/p>\n","protected":false},"featured_media":9847,"comment_status":"open","ping_status":"closed","template":"","meta":{"yasr_overall_rating":0,"yasr_post_is_review":"","yasr_auto_insert_disabled":"","yasr_review_type":""},"product_brand":[91],"product_cat":[52,66],"product_tag":[135,139,161,137,138,136,160,140],"class_list":{"0":"post-8484","1":"product","2":"type-product","3":"status-publish","4":"has-post-thumbnail","6":"product_brand-negev-desert-israeli-kosher-boutique-wine-geneva-switzerland-fr","7":"product_cat-magasin-en-ligne-casher-pessah","8":"product_cat-rouge-vin-cacher","9":"product_tag-kiddoush-cacher","10":"product_tag-magasin-cacher-geneve","11":"product_tag-magasin-kasher-geneve","12":"product_tag-vin-cacher","13":"product_tag-vin-casher","14":"product_tag-vin-doux","15":"product_tag-vin-israel","16":"product_tag-vin-kiddouch","18":"first","19":"instock","20":"shipping-taxable","21":"purchasable","22":"product-type-simple"},"acf":[],"yasr_visitor_votes":{"stars_attributes":{"read_only":false,"span_bottom":false},"number_of_votes":2,"sum_votes":10},"_links":{"self":[{"href":"https:\/\/negevdesert.ch\/fr\/wp-json\/wp\/v2\/product\/8484","targetHints":{"allow":["GET"]}}],"collection":[{"href":"https:\/\/negevdesert.ch\/fr\/wp-json\/wp\/v2\/product"}],"about":[{"href":"https:\/\/negevdesert.ch\/fr\/wp-json\/wp\/v2\/types\/product"}],"replies":[{"embeddable":true,"href":"https:\/\/negevdesert.ch\/fr\/wp-json\/wp\/v2\/comments?post=8484"}],"wp:featuredmedia":[{"embeddable":true,"href":"https:\/\/negevdesert.ch\/fr\/wp-json\/wp\/v2\/media\/9847"}],"wp:attachment":[{"href":"https:\/\/negevdesert.ch\/fr\/wp-json\/wp\/v2\/media?parent=8484"}],"wp:term":[{"taxonomy":"product_brand","embeddable":true,"href":"https:\/\/negevdesert.ch\/fr\/wp-json\/wp\/v2\/product_brand?post=8484"},{"taxonomy":"product_cat","embeddable":true,"href":"https:\/\/negevdesert.ch\/fr\/wp-json\/wp\/v2\/product_cat?post=8484"},{"taxonomy":"product_tag","embeddable":true,"href":"https:\/\/negevdesert.ch\/fr\/wp-json\/wp\/v2\/product_tag?post=8484"}],"curies":[{"name":"wp","href":"https:\/\/api.w.org\/{rel}","templated":true}]}}