{"id":841,"date":"2018-07-19T23:56:51","date_gmt":"2018-07-19T20:56:51","guid":{"rendered":"http:\/\/negevdesert.ch\/product\/shawarma-mix-150gr\/"},"modified":"2025-07-14T09:17:29","modified_gmt":"2025-07-14T07:17:29","slug":"shawarma-mix-150gr","status":"publish","type":"product","link":"https:\/\/negevdesert.ch\/fr\/produit\/shawarma-mix-150gr\/","title":{"rendered":"Shawarma Mix"},"content":{"rendered":"<div class=\"full-recipe\">\n<h3><img decoding=\"async\" class=\"wp-image-4139 lazyloaded\" src=\"https:\/\/negevdesert.ch\/wp-content\/uploads\/2019\/10\/Moshav-Logo-300x300.png\" alt=\"kosher \/ Cacher \/ Koscher Switzerland \/ Suisse \/ Schweiz\" width=\"170\" height=\"170\" data-src=\"https:\/\/negevdesert.ch\/wp-content\/uploads\/2019\/10\/Moshav-Logo-300x300.png\" \/><\/h3>\n<\/div>\n<h4><em><strong>MOSHAV \u2013 Shawarma Mix<\/strong><\/em><\/h4>\n<ul>\n<li>V\u00e9gane<\/li>\n<li>Produits naturels<\/li>\n<li>Sans sucre ajout\u00e9<\/li>\n<li>Fabriqu\u00e9 en Isra\u00ebl &#8211; Moshav Kadesh Barnea<\/li>\n<li>Casher pour Pessah<\/li>\n<\/ul>\n<p>Les m\u00e9langes d&rsquo;\u00e9pices pour le <strong>shawarma<\/strong> isra\u00e9lien sont influenc\u00e9s par les saveurs du Moyen-Orient, combinant des notes chaudes, terreuses et l\u00e9g\u00e8rement fum\u00e9es. Bien que les recettes puissent varier, un m\u00e9lange d&rsquo;\u00e9pices pour le shawarma isra\u00e9lien typique comprend :<\/p>\n<p><strong>Ingr\u00e9dients courants :<\/strong><\/p>\n<p><strong>Cumin<\/strong> &#8211; Terreux, chaud et l\u00e9g\u00e8rement amer<\/p>\n<p><strong>Curcuma :<\/strong> ajoute de la couleur et une l\u00e9g\u00e8re amertume.<\/p>\n<p><strong>Paprika (doux ou fum\u00e9) :<\/strong> donne de la profondeur et une l\u00e9g\u00e8re douceur.<\/p>\n<p><strong>Coriandre<\/strong> &#8211; Agrumes et l\u00e9ger go\u00fbt de noisette<\/p>\n<p><strong>Ail en poudre :<\/strong> savoureux et aromatique<\/p>\n<p><strong>Oignon en poudre :<\/strong> renforce l&rsquo;umami<\/p>\n<p><strong>Poivre noir :<\/strong> ajoute un l\u00e9ger piquant<\/p>\n<p><strong>Allspice: <\/strong>chaud et l\u00e9g\u00e8rement sucr\u00e9<\/p>\n<p><strong>Cannelle<\/strong> &#8211; Un soup\u00e7on de chaleur et de complexit\u00e9<\/p>\n<p><strong>Cardamome<\/strong> &#8211; Floral et l\u00e9g\u00e8rement \u00e9pic\u00e9<\/p>\n<p><strong>Noix de muscade<\/strong> : profondeur subtile<\/p>\n<p><strong>Sel<\/strong> &#8211; Rehausse toutes les saveurs<\/p>\n<p><strong>Ingr\u00e9dients facultatifs :<\/strong><\/p>\n<p><strong>Fenugrec<\/strong> &#8211; Pour une saveur plus profonde, l\u00e9g\u00e8rement semblable \u00e0 celle de l&rsquo;\u00e9rable<\/p>\n<p><strong>Sumac<\/strong> &#8211; Ajoute du piquant<\/p>\n<p><strong>Piment de Cayenne :<\/strong> pour plus de piquant<\/p>\n<p><strong>Utilisation :<\/strong><\/p>\n<p>Ce m\u00e9lange est g\u00e9n\u00e9ralement frott\u00e9 sur des tranches fines d&rsquo;agneau, de poulet, de dinde ou de b\u0153uf avant d&rsquo;\u00eatre grill\u00e9 ou r\u00f4ti sur une broche verticale. La viande est ensuite tranch\u00e9e et servie dans un laffa (pain plat) ou une pita, souvent accompagn\u00e9e de tahini, d&rsquo;amba (sauce \u00e0 la mangue marin\u00e9e) et de salade isra\u00e9lienne.<\/p>\n<p>&nbsp;<\/p>\n<div style='text-align:left' class='yasr-auto-insert-overall'><\/div><div style='text-align:left' class='yasr-auto-insert-visitor'><!--Yasr Visitor Votes Shortcode--><div id='yasr_visitor_votes_c43ec97b5d6ff' class='yasr-visitor-votes'><div class=\"yasr-custom-text-vv-before yasr-custom-text-vv-before-841\">Click to rate this post!<\/div><div id='yasr-vv-second-row-container-c43ec97b5d6ff'\r\n                                        class='yasr-vv-second-row-container'><div id='yasr-visitor-votes-rater-c43ec97b5d6ff'\r\n                                      class='yasr-rater-stars-vv'\r\n                                      data-rater-postid='841'\r\n                                      data-rating='0'\r\n                                      data-rater-starsize='24'\r\n                                      data-rater-readonly='false'\r\n                                      data-rater-nonce='2217b64c0f'\r\n                                      data-issingular='false'\r\n                                    ><\/div><div class=\"yasr-vv-stats-text-container\" id=\"yasr-vv-stats-text-container-c43ec97b5d6ff\"><svg xmlns=\"https:\/\/www.w3.org\/2000\/svg\" width=\"20\" height=\"20\"\r\n                                   class=\"yasr-dashicons-visitor-stats\"\r\n                                   data-postid=\"841\"\r\n                                   id=\"yasr-stats-dashicon-c43ec97b5d6ff\">\r\n                                   <path d=\"M18 18v-16h-4v16h4zM12 18v-11h-4v11h4zM6 18v-8h-4v8h4z\"><\/path>\r\n                               <\/svg><span id=\"yasr-vv-text-container-c43ec97b5d6ff\" class=\"yasr-vv-text-container\">[Total: <span id=\"yasr-vv-votes-number-container-c43ec97b5d6ff\">0<\/span>  Average: <span id=\"yasr-vv-average-container-c43ec97b5d6ff\">0<\/span>]<\/span><\/div><div id='yasr-vv-loader-c43ec97b5d6ff' class='yasr-vv-container-loader'><\/div><\/div><div id='yasr-vv-bottom-container-c43ec97b5d6ff' class='yasr-vv-bottom-container'><\/div><\/div><!--End Yasr Visitor Votes Shortcode--><\/div>","protected":false},"excerpt":{"rendered":"<p>100% Fabriqu\u00e9 en Isra\u00ebl<\/p>\n<p>VEGAN<\/p>\n<p>150g<\/p>\n<p>&nbsp;<\/p>\n<p>&nbsp;<\/p>\n","protected":false},"featured_media":4963,"comment_status":"open","ping_status":"closed","template":"","meta":{"yasr_overall_rating":0,"yasr_post_is_review":"","yasr_auto_insert_disabled":"","yasr_review_type":""},"product_brand":[],"product_cat":[56],"product_tag":[],"class_list":{"0":"post-841","1":"product","2":"type-product","3":"status-publish","4":"has-post-thumbnail","6":"product_cat-assaisonnements","8":"first","9":"instock","10":"shipping-taxable","11":"purchasable","12":"product-type-simple"},"acf":[],"yasr_visitor_votes":{"stars_attributes":{"read_only":false,"span_bottom":false},"number_of_votes":0,"sum_votes":0},"_links":{"self":[{"href":"https:\/\/negevdesert.ch\/fr\/wp-json\/wp\/v2\/product\/841","targetHints":{"allow":["GET"]}}],"collection":[{"href":"https:\/\/negevdesert.ch\/fr\/wp-json\/wp\/v2\/product"}],"about":[{"href":"https:\/\/negevdesert.ch\/fr\/wp-json\/wp\/v2\/types\/product"}],"replies":[{"embeddable":true,"href":"https:\/\/negevdesert.ch\/fr\/wp-json\/wp\/v2\/comments?post=841"}],"wp:featuredmedia":[{"embeddable":true,"href":"https:\/\/negevdesert.ch\/fr\/wp-json\/wp\/v2\/media\/4963"}],"wp:attachment":[{"href":"https:\/\/negevdesert.ch\/fr\/wp-json\/wp\/v2\/media?parent=841"}],"wp:term":[{"taxonomy":"product_brand","embeddable":true,"href":"https:\/\/negevdesert.ch\/fr\/wp-json\/wp\/v2\/product_brand?post=841"},{"taxonomy":"product_cat","embeddable":true,"href":"https:\/\/negevdesert.ch\/fr\/wp-json\/wp\/v2\/product_cat?post=841"},{"taxonomy":"product_tag","embeddable":true,"href":"https:\/\/negevdesert.ch\/fr\/wp-json\/wp\/v2\/product_tag?post=841"}],"curies":[{"name":"wp","href":"https:\/\/api.w.org\/{rel}","templated":true}]}}