{"id":8355,"date":"2021-03-06T19:53:13","date_gmt":"2021-03-06T18:53:13","guid":{"rendered":"https:\/\/www.negevdesert.ch\/?post_type=product&#038;p=8355"},"modified":"2026-03-30T21:04:57","modified_gmt":"2026-03-30T19:04:57","slug":"aviv-matza-oignon-oeufs-pain-azyme-cacher-casher-kasher-le-pessah-israel","status":"publish","type":"product","link":"https:\/\/negevdesert.ch\/fr\/produit\/aviv-matza-oignon-oeufs-pain-azyme-cacher-casher-kasher-le-pessah-israel\/","title":{"rendered":"AVIV &#8211; Matza oeufs &#038; oignon"},"content":{"rendered":"<h3 class=\"uppercase\"><span class=\"fancy-underline\" style=\"color: #f99b1c;\"><strong>Matzot AVIV<\/strong><\/span><\/h3>\n<p class=\"uppercase\"><span style=\"color: #00aae7;\"><strong><span style=\"font-size: 120%;\"><em> Matza oeufs &amp; oignon<\/em><\/span><\/strong><\/span><\/p>\n<p>300gr<br \/>\nCasher le&rsquo;Pessah<\/p>\n<p>Profitez d\u2019une collation sal\u00e9e et croquante \u00e0 tout moment avec de la matza aux \u0153ufs et \u00e0 l\u2019oignon. Delicieuse pour faire des sandwichs au petit-d\u00e9jeuner, de la matza brei \u00e0 l&rsquo;oeuf &amp; onion \u00e0 combiner avec nos d\u00e9licieuses tartinables sal\u00e9es MOSHAV.<\/p>\n<p dir=\"ltr\"><span style=\"color: #000000;\"><strong>PRODUIT EN <a style=\"color: #000000;\" href=\"https:\/\/fr.wikipedia.org\/wiki\/Isra\u00ebl\" rel=\"nofollow noopener\" target=\"_blank\">ISRA\u00cbL<\/a><em>\u00a0\u2013 BNEI BRAK <\/em><\/strong><\/span><\/p>\n<h5 class=\"alt-font\" style=\"text-align: center;\"><em><strong>Negev Desert<\/strong> \u2013 Vins et Epicerie fine cacher\/casher d&rsquo;Isra\u00ebl\u00a0<\/em><br \/>\n<em><strong>Suisse<\/strong> \u2013 Gen\u00e8ve \u2013 Z\u00fcrich \u2013 B\u00e2le<\/em><\/h5>\n<div style='text-align:left' class='yasr-auto-insert-overall'><\/div><div style='text-align:left' class='yasr-auto-insert-visitor'><!--Yasr Visitor Votes Shortcode--><div id='yasr_visitor_votes_6e061709145c6' class='yasr-visitor-votes'><div class=\"yasr-custom-text-vv-before yasr-custom-text-vv-before-8355\">Click to rate this post!<\/div><div id='yasr-vv-second-row-container-6e061709145c6'\r\n                                        class='yasr-vv-second-row-container'><div id='yasr-visitor-votes-rater-6e061709145c6'\r\n                                      class='yasr-rater-stars-vv'\r\n                                      data-rater-postid='8355'\r\n                                      data-rating='0'\r\n                                      data-rater-starsize='24'\r\n                                      data-rater-readonly='false'\r\n                                      data-rater-nonce='2217b64c0f'\r\n                                      data-issingular='false'\r\n                                    ><\/div><div class=\"yasr-vv-stats-text-container\" id=\"yasr-vv-stats-text-container-6e061709145c6\"><svg xmlns=\"https:\/\/www.w3.org\/2000\/svg\" width=\"20\" height=\"20\"\r\n                                   class=\"yasr-dashicons-visitor-stats\"\r\n                                   data-postid=\"8355\"\r\n                                   id=\"yasr-stats-dashicon-6e061709145c6\">\r\n                                   <path d=\"M18 18v-16h-4v16h4zM12 18v-11h-4v11h4zM6 18v-8h-4v8h4z\"><\/path>\r\n                               <\/svg><span id=\"yasr-vv-text-container-6e061709145c6\" class=\"yasr-vv-text-container\">[Total: <span id=\"yasr-vv-votes-number-container-6e061709145c6\">0<\/span>  Average: <span id=\"yasr-vv-average-container-6e061709145c6\">0<\/span>]<\/span><\/div><div id='yasr-vv-loader-6e061709145c6' class='yasr-vv-container-loader'><\/div><\/div><div id='yasr-vv-bottom-container-6e061709145c6' class='yasr-vv-bottom-container'><\/div><\/div><!--End Yasr Visitor Votes Shortcode--><\/div>","protected":false},"excerpt":{"rendered":"<p>Casher le&rsquo;Pessah.<br \/>\n100% Fabriqu\u00e9 en Isra\u00ebl.<br \/>\n300gr.<\/p>\n","protected":false},"featured_media":8754,"comment_status":"open","ping_status":"closed","template":"","meta":{"yasr_overall_rating":0,"yasr_post_is_review":"","yasr_auto_insert_disabled":"","yasr_review_type":""},"product_brand":[],"product_cat":[52],"product_tag":[175,153,155,194,224,218,226,216,225],"class_list":{"0":"post-8355","1":"product","2":"type-product","3":"status-publish","4":"has-post-thumbnail","6":"product_cat-magasin-en-ligne-casher-pessah","7":"product_tag-cacher-lepessah","8":"product_tag-koscher-fur-pessach-fr","9":"product_tag-kosher-matsa-switzerland-fr","10":"product_tag-magasin-casher-en-line","11":"product_tag-matza-oeufs-oignon","12":"product_tag-matza-suisse","13":"product_tag-mazzen","14":"product_tag-pain-azyme-classique","15":"product_tag-pain-azyme-onion","17":"first","18":"instock","19":"shipping-taxable","20":"purchasable","21":"product-type-simple"},"acf":[],"yasr_visitor_votes":{"stars_attributes":{"read_only":false,"span_bottom":false},"number_of_votes":0,"sum_votes":0},"_links":{"self":[{"href":"https:\/\/negevdesert.ch\/fr\/wp-json\/wp\/v2\/product\/8355","targetHints":{"allow":["GET"]}}],"collection":[{"href":"https:\/\/negevdesert.ch\/fr\/wp-json\/wp\/v2\/product"}],"about":[{"href":"https:\/\/negevdesert.ch\/fr\/wp-json\/wp\/v2\/types\/product"}],"replies":[{"embeddable":true,"href":"https:\/\/negevdesert.ch\/fr\/wp-json\/wp\/v2\/comments?post=8355"}],"wp:featuredmedia":[{"embeddable":true,"href":"https:\/\/negevdesert.ch\/fr\/wp-json\/wp\/v2\/media\/8754"}],"wp:attachment":[{"href":"https:\/\/negevdesert.ch\/fr\/wp-json\/wp\/v2\/media?parent=8355"}],"wp:term":[{"taxonomy":"product_brand","embeddable":true,"href":"https:\/\/negevdesert.ch\/fr\/wp-json\/wp\/v2\/product_brand?post=8355"},{"taxonomy":"product_cat","embeddable":true,"href":"https:\/\/negevdesert.ch\/fr\/wp-json\/wp\/v2\/product_cat?post=8355"},{"taxonomy":"product_tag","embeddable":true,"href":"https:\/\/negevdesert.ch\/fr\/wp-json\/wp\/v2\/product_tag?post=8355"}],"curies":[{"name":"wp","href":"https:\/\/api.w.org\/{rel}","templated":true}]}}