{"id":812,"date":"2018-07-30T09:56:22","date_gmt":"2018-07-30T06:56:22","guid":{"rendered":"http:\/\/negevdesert.ch\/product\/jerusalem-ein-kerem-kiddush-sweet\/"},"modified":"2022-04-05T20:17:48","modified_gmt":"2022-04-05T18:17:48","slug":"jerusalem-ein-kerem-kiddouch-doux-vin-cacher-casher-israel","status":"publish","type":"product","link":"https:\/\/negevdesert.ch\/fr\/produit\/jerusalem-ein-kerem-kiddouch-doux-vin-cacher-casher-israel\/","title":{"rendered":"Jerusalem Ein Kerem \u00ab\u00a0Kiddoush\u00a0\u00bb &#8211; Doux"},"content":{"rendered":"<h3 class=\"uppercase\"><span class=\"fancy-underline\" style=\"color: #f99b1c;\"><strong>Jerusalem wineries<\/strong><\/span><\/h3>\n<p class=\"uppercase\"><span style=\"color: #00aae7;\"><strong><span style=\"font-size: 120%;\"><em>ein kerem<\/em><\/span><\/strong><\/span><\/p>\n<p><strong>Ann\u00e9e<\/strong>\u00a0: 2018<\/p>\n<p><strong>Alcool<\/strong>: 11.5%<\/p>\n<p><strong>Volume<\/strong>\u00a0: 750ml<\/p>\n<p><span style=\"color: #282828;\"><a class=\"mw-redirect\" style=\"color: #282828;\" title=\"Jewish holiday\" href=\"https:\/\/en.wikipedia.org\/wiki\/Jewish_holiday\" rel=\"nofollow noopener\" target=\"_blank\">Le vin traditionnel du Kiddouch est un vin sacramentel incontournable. Le mot \u00ab\u00a0Kiddouch\u00a0\u00bb signifie \u00ab\u00a0sanctification\u00a0\u00bb en h\u00e9breu et est une b\u00e9n\u00e9diction r\u00e9cit\u00e9e sur du vin ou du jus de raisin pour sanctifier le Shabbat et les f\u00eates juives.<\/a><\/span><\/p>\n<p>Cacher le\u2019Pessah<\/p>\n<p dir=\"ltr\"><span style=\"color: #000000;\"><strong>PRODUIT EN <a style=\"color: #000000;\" href=\"https:\/\/fr.wikipedia.org\/wiki\/Isra\u00ebl\" rel=\"nofollow noopener\" target=\"_blank\">ISRA\u00cbL<\/a><em>\u00a0\u2013 Monts de Jud\u00e9e<\/em><\/strong><\/span><\/p>\n<h5 class=\"alt-font\" style=\"text-align: center;\"><em><strong>Negev Desert<\/strong> \u2013 Vins et Epicerie fine cacher\/casher d&rsquo;Isra\u00ebl\u00a0<\/em><br \/>\n<em><strong>Suisse<\/strong> \u2013 Gen\u00e8ve \u2013 Z\u00fcrich \u2013 B\u00e2le<\/em><\/h5>\n<div style='text-align:left' class='yasr-auto-insert-overall'><\/div><div style='text-align:left' class='yasr-auto-insert-visitor'><!--Yasr Visitor Votes Shortcode--><div id='yasr_visitor_votes_e688be9ff93bc' class='yasr-visitor-votes'><div class=\"yasr-custom-text-vv-before yasr-custom-text-vv-before-812\">Click to rate this post!<\/div><div id='yasr-vv-second-row-container-e688be9ff93bc'\r\n                                        class='yasr-vv-second-row-container'><div id='yasr-visitor-votes-rater-e688be9ff93bc'\r\n                                      class='yasr-rater-stars-vv'\r\n                                      data-rater-postid='812'\r\n                                      data-rating='0'\r\n                                      data-rater-starsize='24'\r\n                                      data-rater-readonly='false'\r\n                                      data-rater-nonce='31f212ff2e'\r\n                                      data-issingular='false'\r\n                                    ><\/div><div class=\"yasr-vv-stats-text-container\" id=\"yasr-vv-stats-text-container-e688be9ff93bc\"><svg xmlns=\"https:\/\/www.w3.org\/2000\/svg\" width=\"20\" height=\"20\"\r\n                                   class=\"yasr-dashicons-visitor-stats\"\r\n                                   data-postid=\"812\"\r\n                                   id=\"yasr-stats-dashicon-e688be9ff93bc\">\r\n                                   <path d=\"M18 18v-16h-4v16h4zM12 18v-11h-4v11h4zM6 18v-8h-4v8h4z\"><\/path>\r\n                               <\/svg><span id=\"yasr-vv-text-container-e688be9ff93bc\" class=\"yasr-vv-text-container\">[Total: <span id=\"yasr-vv-votes-number-container-e688be9ff93bc\">0<\/span>  Average: <span id=\"yasr-vv-average-container-e688be9ff93bc\">0<\/span>]<\/span><\/div><div id='yasr-vv-loader-e688be9ff93bc' class='yasr-vv-container-loader'><\/div><\/div><div id='yasr-vv-bottom-container-e688be9ff93bc' class='yasr-vv-bottom-container'><\/div><\/div><!--End Yasr Visitor Votes Shortcode--><\/div>","protected":false},"excerpt":{"rendered":"<h4><strong>Cabernet sauvignon &#038; merlot &#8211; vin doux<\/strong><\/h4>\n<p><em><strong><span style=\"font-size: 110%;\">2018<\/span><\/strong><\/em><\/p>\n","protected":false},"featured_media":814,"comment_status":"open","ping_status":"closed","template":"","meta":{"yasr_overall_rating":0,"yasr_post_is_review":"","yasr_auto_insert_disabled":"","yasr_review_type":""},"product_brand":[91],"product_cat":[66,60],"product_tag":[95],"class_list":{"0":"post-812","1":"product","2":"type-product","3":"status-publish","4":"has-post-thumbnail","6":"product_brand-negev-desert-israeli-kosher-boutique-wine-geneva-switzerland-fr","7":"product_cat-rouge-vin-cacher","8":"product_cat-vins-casher-cacher-de-niche-disrael-cacher-le-pessah","9":"product_tag-vins-cacher-casher-kasher-israel","11":"first","12":"outofstock","13":"shipping-taxable","14":"purchasable","15":"product-type-simple"},"acf":[],"yasr_visitor_votes":{"stars_attributes":{"read_only":false,"span_bottom":false},"number_of_votes":0,"sum_votes":0},"_links":{"self":[{"href":"https:\/\/negevdesert.ch\/fr\/wp-json\/wp\/v2\/product\/812","targetHints":{"allow":["GET"]}}],"collection":[{"href":"https:\/\/negevdesert.ch\/fr\/wp-json\/wp\/v2\/product"}],"about":[{"href":"https:\/\/negevdesert.ch\/fr\/wp-json\/wp\/v2\/types\/product"}],"replies":[{"embeddable":true,"href":"https:\/\/negevdesert.ch\/fr\/wp-json\/wp\/v2\/comments?post=812"}],"wp:featuredmedia":[{"embeddable":true,"href":"https:\/\/negevdesert.ch\/fr\/wp-json\/wp\/v2\/media\/814"}],"wp:attachment":[{"href":"https:\/\/negevdesert.ch\/fr\/wp-json\/wp\/v2\/media?parent=812"}],"wp:term":[{"taxonomy":"product_brand","embeddable":true,"href":"https:\/\/negevdesert.ch\/fr\/wp-json\/wp\/v2\/product_brand?post=812"},{"taxonomy":"product_cat","embeddable":true,"href":"https:\/\/negevdesert.ch\/fr\/wp-json\/wp\/v2\/product_cat?post=812"},{"taxonomy":"product_tag","embeddable":true,"href":"https:\/\/negevdesert.ch\/fr\/wp-json\/wp\/v2\/product_tag?post=812"}],"curies":[{"name":"wp","href":"https:\/\/api.w.org\/{rel}","templated":true}]}}