{"id":8105,"date":"2020-04-02T14:42:40","date_gmt":"2020-04-02T12:42:40","guid":{"rendered":"https:\/\/www.negevdesert.ch\/?post_type=product&#038;p=8105"},"modified":"2025-11-04T10:17:24","modified_gmt":"2025-11-04T09:17:24","slug":"jerusalem-vintage-blanc-375mm","status":"publish","type":"product","link":"https:\/\/negevdesert.ch\/fr\/produit\/jerusalem-vintage-blanc-375mm\/","title":{"rendered":"Jerusalem 2900 &#8211; Blanc Mevoushal 375ML"},"content":{"rendered":"<h3 class=\"uppercase\"><span class=\"fancy-underline\" style=\"color: #f99b1c;\"><strong>JERUSALEM WINERIES<\/strong><\/span><\/h3>\n<p class=\"uppercase\"><span style=\"font-size: 120%; color: #00aae7;\"><strong><em>2900 &#8211; blNAC<\/em><\/strong><\/span><\/p>\n<p>Ann\u00e9e: 2018<\/p>\n<p><strong>Alcool<\/strong>: 12%<\/p>\n<p>Volume: 375ml <b>(demi bouteille)<\/b><\/p>\n<p>Suggestions d\u2019accompagnements: Enjoy this wine with cheese, pasta, fish or chicken.<\/p>\n<p>Temp\u00e9rature id\u00e9ale de service: 7 degr\u00e9s Celsius<\/p>\n<p>Ce vin est mevoushal et Cacher LeMehadrin sans Orlah, Tevel ou Shvi\u2019it et la pri\u00e8re pour ce vin est \u201cPri Hagafen\u201d.<\/p>\n<p>Casher\/cacher\/kasher le\u2019Pessah\/Pessach\/Pessa\u2019h<\/p>\n<p><strong>MADE IN ISRAEL <\/strong>\u2013 Monts de Jud\u00e9e<\/p>\n<p>Negev Desert \u2013 Vins et Epicerie fine cacher d\u2019Isra\u00ebl<br \/>\nSuisse \u2013 Gen\u00e8ve \u2013 Z\u00fcrich \u2013 B\u00e2le<!--more--><\/p>\n<div style='text-align:left' class='yasr-auto-insert-overall'><\/div><div style='text-align:left' class='yasr-auto-insert-visitor'><!--Yasr Visitor Votes Shortcode--><div id='yasr_visitor_votes_976125312813e' class='yasr-visitor-votes'><div class=\"yasr-custom-text-vv-before yasr-custom-text-vv-before-8105\">Click to rate this post!<\/div><div id='yasr-vv-second-row-container-976125312813e'\r\n                                        class='yasr-vv-second-row-container'><div id='yasr-visitor-votes-rater-976125312813e'\r\n                                      class='yasr-rater-stars-vv'\r\n                                      data-rater-postid='8105'\r\n                                      data-rating='4'\r\n                                      data-rater-starsize='24'\r\n                                      data-rater-readonly='false'\r\n                                      data-rater-nonce='2217b64c0f'\r\n                                      data-issingular='false'\r\n                                    ><\/div><div class=\"yasr-vv-stats-text-container\" id=\"yasr-vv-stats-text-container-976125312813e\"><svg xmlns=\"https:\/\/www.w3.org\/2000\/svg\" width=\"20\" height=\"20\"\r\n                                   class=\"yasr-dashicons-visitor-stats\"\r\n                                   data-postid=\"8105\"\r\n                                   id=\"yasr-stats-dashicon-976125312813e\">\r\n                                   <path d=\"M18 18v-16h-4v16h4zM12 18v-11h-4v11h4zM6 18v-8h-4v8h4z\"><\/path>\r\n                               <\/svg><span id=\"yasr-vv-text-container-976125312813e\" class=\"yasr-vv-text-container\">[Total: <span id=\"yasr-vv-votes-number-container-976125312813e\">2<\/span>  Average: <span id=\"yasr-vv-average-container-976125312813e\">4<\/span>]<\/span><\/div><div id='yasr-vv-loader-976125312813e' class='yasr-vv-container-loader'><\/div><\/div><div id='yasr-vv-bottom-container-976125312813e' class='yasr-vv-bottom-container'><\/div><\/div><!--End Yasr Visitor Votes Shortcode--><\/div>","protected":false},"excerpt":{"rendered":"<p><strong>Emerald riesling &amp; colombard \u2013 Sec &#8211; <\/strong><em>2018<\/em><\/p>\n<p>MEVOUSHAL PREMIUM<\/p>\n","protected":false},"featured_media":9745,"comment_status":"open","ping_status":"closed","template":"","meta":{"yasr_overall_rating":0,"yasr_post_is_review":"","yasr_auto_insert_disabled":"","yasr_review_type":""},"product_brand":[91],"product_cat":[68,52,60],"product_tag":[],"class_list":{"0":"post-8105","1":"product","2":"type-product","3":"status-publish","4":"has-post-thumbnail","6":"product_brand-negev-desert-israeli-kosher-boutique-wine-geneva-switzerland-fr","7":"product_cat-blanc","8":"product_cat-magasin-en-ligne-casher-pessah","9":"product_cat-vins-casher-cacher-de-niche-disrael-cacher-le-pessah","11":"first","12":"outofstock","13":"shipping-taxable","14":"purchasable","15":"product-type-simple"},"acf":[],"yasr_visitor_votes":{"stars_attributes":{"read_only":false,"span_bottom":false},"number_of_votes":2,"sum_votes":8},"_links":{"self":[{"href":"https:\/\/negevdesert.ch\/fr\/wp-json\/wp\/v2\/product\/8105","targetHints":{"allow":["GET"]}}],"collection":[{"href":"https:\/\/negevdesert.ch\/fr\/wp-json\/wp\/v2\/product"}],"about":[{"href":"https:\/\/negevdesert.ch\/fr\/wp-json\/wp\/v2\/types\/product"}],"replies":[{"embeddable":true,"href":"https:\/\/negevdesert.ch\/fr\/wp-json\/wp\/v2\/comments?post=8105"}],"wp:featuredmedia":[{"embeddable":true,"href":"https:\/\/negevdesert.ch\/fr\/wp-json\/wp\/v2\/media\/9745"}],"wp:attachment":[{"href":"https:\/\/negevdesert.ch\/fr\/wp-json\/wp\/v2\/media?parent=8105"}],"wp:term":[{"taxonomy":"product_brand","embeddable":true,"href":"https:\/\/negevdesert.ch\/fr\/wp-json\/wp\/v2\/product_brand?post=8105"},{"taxonomy":"product_cat","embeddable":true,"href":"https:\/\/negevdesert.ch\/fr\/wp-json\/wp\/v2\/product_cat?post=8105"},{"taxonomy":"product_tag","embeddable":true,"href":"https:\/\/negevdesert.ch\/fr\/wp-json\/wp\/v2\/product_tag?post=8105"}],"curies":[{"name":"wp","href":"https:\/\/api.w.org\/{rel}","templated":true}]}}