{"id":808,"date":"2018-07-30T09:56:35","date_gmt":"2018-07-30T06:56:35","guid":{"rendered":"http:\/\/negevdesert.ch\/product\/jerusalem-ein-kerem-mevushal-red\/"},"modified":"2021-11-15T10:25:10","modified_gmt":"2021-11-15T09:25:10","slug":"negev-desert-vins-casher-de-niche-disrael-geneve-suisse-4","status":"publish","type":"product","link":"https:\/\/negevdesert.ch\/fr\/produit\/negev-desert-vins-casher-de-niche-disrael-geneve-suisse-4\/","title":{"rendered":"Jerusalem Ein Kerem \u00ab\u00a0Mevoushal\u00a0\u00bb &#8211; Rouge"},"content":{"rendered":"<h4 class=\"uppercase\"><span class=\"fancy-underline\"><strong>JERUSALEM WINERIES<\/strong><\/span><\/h4>\n<p><em><strong>Ein Kerem &#8211; Rouge<\/strong><\/em><\/p>\n<p><strong>Ann\u00e9e: <\/strong>2019<\/p>\n<p><strong>Alcool<\/strong>: 12%<\/p>\n<p><strong>Volume: <\/strong>750ml<\/p>\n<p><strong>Caract\u00e8re<\/strong>: l\u00e9ger et fruit\u00e9, facile \u00e0 boire<\/p>\n<p class=\"p1\"><strong>Suggestions d\u2019accompagnements:<\/strong> D\u00e9gustez ce vin avec des repas l\u00e9gers<\/p>\n<p class=\"p1\"><strong>Temp\u00e9rature id\u00e9ale de service:<\/strong> 16 degr\u00e9s Celsius<\/p>\n<p>Ce vin est mevoushal, cacher LeMehadrin sans Orlah, Tevel ou Shvi\u2019it et la pri\u00e8re pour ce vin est \u201cPri Hagafen\u201d<\/p>\n<p>.<\/p>\n<div class=\"woocommerce-tabs container tabbed-content\">\n<div class=\"tab-panels\">\n<div id=\"tab-description\" class=\"panel entry-content active\">\n<h5 class=\"alt-font\" style=\"text-align: center;\">Negev Desert \u2013 Vins et \u00e9picerie fine cacher\/casher de niche d\u2019Isra\u00ebl<br \/>\nSuisse \u2013 Gen\u00e8ve \u2013 Zurich \u2013 B\u00e2le<\/h5>\n<\/div>\n<\/div>\n<\/div>\n<div class=\"woocommerce-tabs container tabbed-content\">\n<div class=\"tab-panels\">\n<div id=\"tab-description\" class=\"panel entry-content active\"><\/div>\n<\/div>\n<\/div>\n<div class=\"related related-products-wrapper product-section\"><\/div>\n<div style='text-align:left' class='yasr-auto-insert-overall'><\/div><div style='text-align:left' class='yasr-auto-insert-visitor'><!--Yasr Visitor Votes Shortcode--><div id='yasr_visitor_votes_98ec1ef7cc262' class='yasr-visitor-votes'><div class=\"yasr-custom-text-vv-before yasr-custom-text-vv-before-808\">Click to rate this post!<\/div><div id='yasr-vv-second-row-container-98ec1ef7cc262'\r\n                                        class='yasr-vv-second-row-container'><div id='yasr-visitor-votes-rater-98ec1ef7cc262'\r\n                                      class='yasr-rater-stars-vv'\r\n                                      data-rater-postid='808'\r\n                                      data-rating='0'\r\n                                      data-rater-starsize='24'\r\n                                      data-rater-readonly='false'\r\n                                      data-rater-nonce='31f212ff2e'\r\n                                      data-issingular='false'\r\n                                    ><\/div><div class=\"yasr-vv-stats-text-container\" id=\"yasr-vv-stats-text-container-98ec1ef7cc262\"><svg xmlns=\"https:\/\/www.w3.org\/2000\/svg\" width=\"20\" height=\"20\"\r\n                                   class=\"yasr-dashicons-visitor-stats\"\r\n                                   data-postid=\"808\"\r\n                                   id=\"yasr-stats-dashicon-98ec1ef7cc262\">\r\n                                   <path d=\"M18 18v-16h-4v16h4zM12 18v-11h-4v11h4zM6 18v-8h-4v8h4z\"><\/path>\r\n                               <\/svg><span id=\"yasr-vv-text-container-98ec1ef7cc262\" class=\"yasr-vv-text-container\">[Total: <span id=\"yasr-vv-votes-number-container-98ec1ef7cc262\">0<\/span>  Average: <span id=\"yasr-vv-average-container-98ec1ef7cc262\">0<\/span>]<\/span><\/div><div id='yasr-vv-loader-98ec1ef7cc262' class='yasr-vv-container-loader'><\/div><\/div><div id='yasr-vv-bottom-container-98ec1ef7cc262' class='yasr-vv-bottom-container'><\/div><\/div><!--End Yasr Visitor Votes Shortcode--><\/div>","protected":false},"excerpt":{"rendered":"<h4><strong>50% Cabernet sauvignon &#038; 50% merlot &#8211; Sec<\/strong><\/h4>\n<p><span style=\"font-size: 110%;\"><em><strong>2019<\/strong><\/em><\/span><\/p>\n<p><strong><span style=\"color: #f99b1c;\">MEVOUSHAL<\/span><\/strong><\/p>\n","protected":false},"featured_media":809,"comment_status":"open","ping_status":"closed","template":"","meta":{"yasr_overall_rating":0,"yasr_post_is_review":"","yasr_auto_insert_disabled":"","yasr_review_type":""},"product_brand":[91],"product_cat":[66,60],"product_tag":[],"class_list":{"0":"post-808","1":"product","2":"type-product","3":"status-publish","4":"has-post-thumbnail","6":"product_brand-negev-desert-israeli-kosher-boutique-wine-geneva-switzerland-fr","7":"product_cat-rouge-vin-cacher","8":"product_cat-vins-casher-cacher-de-niche-disrael-cacher-le-pessah","10":"first","11":"outofstock","12":"shipping-taxable","13":"purchasable","14":"product-type-simple"},"acf":[],"yasr_visitor_votes":{"stars_attributes":{"read_only":false,"span_bottom":false},"number_of_votes":0,"sum_votes":0},"_links":{"self":[{"href":"https:\/\/negevdesert.ch\/fr\/wp-json\/wp\/v2\/product\/808","targetHints":{"allow":["GET"]}}],"collection":[{"href":"https:\/\/negevdesert.ch\/fr\/wp-json\/wp\/v2\/product"}],"about":[{"href":"https:\/\/negevdesert.ch\/fr\/wp-json\/wp\/v2\/types\/product"}],"replies":[{"embeddable":true,"href":"https:\/\/negevdesert.ch\/fr\/wp-json\/wp\/v2\/comments?post=808"}],"wp:featuredmedia":[{"embeddable":true,"href":"https:\/\/negevdesert.ch\/fr\/wp-json\/wp\/v2\/media\/809"}],"wp:attachment":[{"href":"https:\/\/negevdesert.ch\/fr\/wp-json\/wp\/v2\/media?parent=808"}],"wp:term":[{"taxonomy":"product_brand","embeddable":true,"href":"https:\/\/negevdesert.ch\/fr\/wp-json\/wp\/v2\/product_brand?post=808"},{"taxonomy":"product_cat","embeddable":true,"href":"https:\/\/negevdesert.ch\/fr\/wp-json\/wp\/v2\/product_cat?post=808"},{"taxonomy":"product_tag","embeddable":true,"href":"https:\/\/negevdesert.ch\/fr\/wp-json\/wp\/v2\/product_tag?post=808"}],"curies":[{"name":"wp","href":"https:\/\/api.w.org\/{rel}","templated":true}]}}