{"id":800,"date":"2018-07-30T09:57:25","date_gmt":"2018-07-30T06:57:25","guid":{"rendered":"http:\/\/negevdesert.ch\/product\/jerusalem-ein-kerem-mevushal-rose\/"},"modified":"2022-06-20T12:03:15","modified_gmt":"2022-06-20T10:03:15","slug":"jerusalem-ein-kerem-mevushal-rose","status":"publish","type":"product","link":"https:\/\/negevdesert.ch\/fr\/produit\/jerusalem-ein-kerem-mevushal-rose\/","title":{"rendered":"Jerusalem Ein Kerem \u00ab\u00a0Mevoushal\u00a0\u00bb &#8211; Ros\u00e9"},"content":{"rendered":"<h3 class=\"uppercase\"><span class=\"fancy-underline\"><strong>JERUSALEM WINERIES<\/strong><\/span><\/h3>\n<p class=\"uppercase\"><strong><em>EIN KEREM\u00a0<\/em><\/strong><\/p>\n<p>Mevoushal<\/p>\n<p><strong>Ann\u00e9e<\/strong>: 2019<\/p>\n<p dir=\"ltr\"><strong>Alcool:<\/strong>\u00a010.5%<\/p>\n<p dir=\"ltr\"><strong>Volume<\/strong>: 750ml<\/p>\n<p dir=\"ltr\"><strong>Suggestions d&rsquo;accompagnements:<\/strong> D\u00e9gustez ce bon ros\u00e9 cacher avec de la salade, fromages et poisson, \u00e9t\u00e9 comme hiver.<\/p>\n<p dir=\"ltr\"><strong><a href=\"https:\/\/en.wikipedia.org\/wiki\/Israel\" rel=\"nofollow noopener\" target=\"_blank\"><em>MADE IN ISRAEL \u2013 Monts de Jud\u00e9e<\/em><\/a><\/strong><\/p>\n<h4 style=\"text-align: center;\"><em><strong>Negev Desert<\/strong> \u2013 Vins et Epicerie fine cacher\/cacher d&rsquo;Isra\u00ebl\u00a0<\/em><br \/>\n<em><strong>Suisse<\/strong> \u2013 Gen\u00e8ve \u2013 Z\u00fcrich \u2013 B\u00e2le<\/em><\/h4>\n<div style='text-align:left' class='yasr-auto-insert-overall'><\/div><div style='text-align:left' class='yasr-auto-insert-visitor'><!--Yasr Visitor Votes Shortcode--><div id='yasr_visitor_votes_6f6d7cda6f695' class='yasr-visitor-votes'><div class=\"yasr-custom-text-vv-before yasr-custom-text-vv-before-800\">Click to rate this post!<\/div><div id='yasr-vv-second-row-container-6f6d7cda6f695'\r\n                                        class='yasr-vv-second-row-container'><div id='yasr-visitor-votes-rater-6f6d7cda6f695'\r\n                                      class='yasr-rater-stars-vv'\r\n                                      data-rater-postid='800'\r\n                                      data-rating='0'\r\n                                      data-rater-starsize='24'\r\n                                      data-rater-readonly='false'\r\n                                      data-rater-nonce='2217b64c0f'\r\n                                      data-issingular='false'\r\n                                    ><\/div><div class=\"yasr-vv-stats-text-container\" id=\"yasr-vv-stats-text-container-6f6d7cda6f695\"><svg xmlns=\"https:\/\/www.w3.org\/2000\/svg\" width=\"20\" height=\"20\"\r\n                                   class=\"yasr-dashicons-visitor-stats\"\r\n                                   data-postid=\"800\"\r\n                                   id=\"yasr-stats-dashicon-6f6d7cda6f695\">\r\n                                   <path d=\"M18 18v-16h-4v16h4zM12 18v-11h-4v11h4zM6 18v-8h-4v8h4z\"><\/path>\r\n                               <\/svg><span id=\"yasr-vv-text-container-6f6d7cda6f695\" class=\"yasr-vv-text-container\">[Total: <span id=\"yasr-vv-votes-number-container-6f6d7cda6f695\">0<\/span>  Average: <span id=\"yasr-vv-average-container-6f6d7cda6f695\">0<\/span>]<\/span><\/div><div id='yasr-vv-loader-6f6d7cda6f695' class='yasr-vv-container-loader'><\/div><\/div><div id='yasr-vv-bottom-container-6f6d7cda6f695' class='yasr-vv-bottom-container'><\/div><\/div><!--End Yasr Visitor Votes Shortcode--><\/div>","protected":false},"excerpt":{"rendered":"<h4><strong>Cabernet sauvignon &#038; merlot \u2013 demi-sec<\/strong><\/h4>\n<p><em><strong>2019<\/strong><\/em><\/p>\n<p>Mevoushal<\/p>\n","protected":false},"featured_media":801,"comment_status":"open","ping_status":"closed","template":"","meta":{"yasr_overall_rating":0,"yasr_post_is_review":"","yasr_auto_insert_disabled":"","yasr_review_type":""},"product_brand":[91],"product_cat":[70,60],"product_tag":[],"class_list":{"0":"post-800","1":"product","2":"type-product","3":"status-publish","4":"has-post-thumbnail","6":"product_brand-negev-desert-israeli-kosher-boutique-wine-geneva-switzerland-fr","7":"product_cat-rose-fr","8":"product_cat-vins-casher-cacher-de-niche-disrael-cacher-le-pessah","10":"first","11":"outofstock","12":"shipping-taxable","13":"purchasable","14":"product-type-simple"},"acf":[],"yasr_visitor_votes":{"stars_attributes":{"read_only":false,"span_bottom":false},"number_of_votes":0,"sum_votes":0},"_links":{"self":[{"href":"https:\/\/negevdesert.ch\/fr\/wp-json\/wp\/v2\/product\/800","targetHints":{"allow":["GET"]}}],"collection":[{"href":"https:\/\/negevdesert.ch\/fr\/wp-json\/wp\/v2\/product"}],"about":[{"href":"https:\/\/negevdesert.ch\/fr\/wp-json\/wp\/v2\/types\/product"}],"replies":[{"embeddable":true,"href":"https:\/\/negevdesert.ch\/fr\/wp-json\/wp\/v2\/comments?post=800"}],"wp:featuredmedia":[{"embeddable":true,"href":"https:\/\/negevdesert.ch\/fr\/wp-json\/wp\/v2\/media\/801"}],"wp:attachment":[{"href":"https:\/\/negevdesert.ch\/fr\/wp-json\/wp\/v2\/media?parent=800"}],"wp:term":[{"taxonomy":"product_brand","embeddable":true,"href":"https:\/\/negevdesert.ch\/fr\/wp-json\/wp\/v2\/product_brand?post=800"},{"taxonomy":"product_cat","embeddable":true,"href":"https:\/\/negevdesert.ch\/fr\/wp-json\/wp\/v2\/product_cat?post=800"},{"taxonomy":"product_tag","embeddable":true,"href":"https:\/\/negevdesert.ch\/fr\/wp-json\/wp\/v2\/product_tag?post=800"}],"curies":[{"name":"wp","href":"https:\/\/api.w.org\/{rel}","templated":true}]}}