{"id":7823,"date":"2020-03-14T19:09:17","date_gmt":"2020-03-14T17:09:17","guid":{"rendered":"https:\/\/www.negevdesert.ch\/?post_type=product&#038;p=7823"},"modified":"2026-03-30T21:06:46","modified_gmt":"2026-03-30T19:06:46","slug":"aviv-mini-matsa-casher-cacher-pessah-israel-2","status":"publish","type":"product","link":"https:\/\/negevdesert.ch\/fr\/produit\/aviv-mini-matsa-casher-cacher-pessah-israel-2\/","title":{"rendered":"AVIV &#8211; Matza\/pain azyme classique"},"content":{"rendered":"<h3 class=\"uppercase\"><span class=\"fancy-underline\" style=\"color: #f99b1c;\"><strong>Matzot AVIV<\/strong><\/span><\/h3>\n<p class=\"uppercase\"><span style=\"color: #00aae7;\"><strong><span style=\"font-size: 120%;\"><em> Matza\/pain azyme classique<\/em><\/span><\/strong><\/span><\/p>\n<p>454gr<br \/>\nCasher le&rsquo;Pessah<\/p>\n<p>Bo\u00eete de matza \/ pain azyme classique (nature) pour le Seder de Pessah et \u00e0 d\u00e9guster toute la semaine de Pessah. La matza classique peut \u00e9galement \u00eatre mang\u00e9e toute au long de l&rsquo;ann\u00e9e. A d\u00e9guster avec les tartinables orientales MOSHAV (olives vertes, citrons confit, etc).<\/p>\n<p dir=\"ltr\"><span style=\"color: #000000;\"><strong>PRODUIT EN <a style=\"color: #000000;\" href=\"https:\/\/fr.wikipedia.org\/wiki\/Isra\u00ebl\" rel=\"nofollow noopener\" target=\"_blank\">ISRA\u00cbL<\/a><em>\u00a0\u2013 BNEI BRAK <\/em><\/strong><\/span><\/p>\n<h5 class=\"alt-font\" style=\"text-align: center;\"><em><strong>Negev Desert<\/strong> \u2013 Vins et Epicerie fine cacher\/casher d&rsquo;Isra\u00ebl\u00a0<\/em><br \/>\n<em><strong>Suisse<\/strong> \u2013 Gen\u00e8ve \u2013 Z\u00fcrich \u2013 B\u00e2le<\/em><\/h5>\n<div style='text-align:left' class='yasr-auto-insert-overall'><\/div><div style='text-align:left' class='yasr-auto-insert-visitor'><!--Yasr Visitor Votes Shortcode--><div id='yasr_visitor_votes_6b9eb4675a812' class='yasr-visitor-votes'><div class=\"yasr-custom-text-vv-before yasr-custom-text-vv-before-7823\">Click to rate this post!<\/div><div id='yasr-vv-second-row-container-6b9eb4675a812'\r\n                                        class='yasr-vv-second-row-container'><div id='yasr-visitor-votes-rater-6b9eb4675a812'\r\n                                      class='yasr-rater-stars-vv'\r\n                                      data-rater-postid='7823'\r\n                                      data-rating='0'\r\n                                      data-rater-starsize='24'\r\n                                      data-rater-readonly='false'\r\n                                      data-rater-nonce='2217b64c0f'\r\n                                      data-issingular='false'\r\n                                    ><\/div><div class=\"yasr-vv-stats-text-container\" id=\"yasr-vv-stats-text-container-6b9eb4675a812\"><svg xmlns=\"https:\/\/www.w3.org\/2000\/svg\" width=\"20\" height=\"20\"\r\n                                   class=\"yasr-dashicons-visitor-stats\"\r\n                                   data-postid=\"7823\"\r\n                                   id=\"yasr-stats-dashicon-6b9eb4675a812\">\r\n                                   <path d=\"M18 18v-16h-4v16h4zM12 18v-11h-4v11h4zM6 18v-8h-4v8h4z\"><\/path>\r\n                               <\/svg><span id=\"yasr-vv-text-container-6b9eb4675a812\" class=\"yasr-vv-text-container\">[Total: <span id=\"yasr-vv-votes-number-container-6b9eb4675a812\">0<\/span>  Average: <span id=\"yasr-vv-average-container-6b9eb4675a812\">0<\/span>]<\/span><\/div><div id='yasr-vv-loader-6b9eb4675a812' class='yasr-vv-container-loader'><\/div><\/div><div id='yasr-vv-bottom-container-6b9eb4675a812' class='yasr-vv-bottom-container'><\/div><\/div><!--End Yasr Visitor Votes Shortcode--><\/div>","protected":false},"excerpt":{"rendered":"<p>Casher le&rsquo;Pessah.<br \/>\n100% Fabriqu\u00e9 en Isra\u00ebl.<br \/>\n450gr.<\/p>\n","protected":false},"featured_media":8722,"comment_status":"open","ping_status":"closed","template":"","meta":{"yasr_overall_rating":0,"yasr_post_is_review":"","yasr_auto_insert_disabled":"","yasr_review_type":""},"product_brand":[],"product_cat":[52],"product_tag":[215,218,217,216,219],"class_list":{"0":"post-7823","1":"product","2":"type-product","3":"status-publish","4":"has-post-thumbnail","6":"product_cat-magasin-en-ligne-casher-pessah","7":"product_tag-matza-classique","8":"product_tag-matza-suisse","9":"product_tag-matzot-suisse","10":"product_tag-pain-azyme-classique","11":"product_tag-pain-azyme-suisse","13":"first","14":"instock","15":"shipping-taxable","16":"purchasable","17":"product-type-simple"},"acf":[],"yasr_visitor_votes":{"stars_attributes":{"read_only":false,"span_bottom":false},"number_of_votes":0,"sum_votes":0},"_links":{"self":[{"href":"https:\/\/negevdesert.ch\/fr\/wp-json\/wp\/v2\/product\/7823","targetHints":{"allow":["GET"]}}],"collection":[{"href":"https:\/\/negevdesert.ch\/fr\/wp-json\/wp\/v2\/product"}],"about":[{"href":"https:\/\/negevdesert.ch\/fr\/wp-json\/wp\/v2\/types\/product"}],"replies":[{"embeddable":true,"href":"https:\/\/negevdesert.ch\/fr\/wp-json\/wp\/v2\/comments?post=7823"}],"wp:featuredmedia":[{"embeddable":true,"href":"https:\/\/negevdesert.ch\/fr\/wp-json\/wp\/v2\/media\/8722"}],"wp:attachment":[{"href":"https:\/\/negevdesert.ch\/fr\/wp-json\/wp\/v2\/media?parent=7823"}],"wp:term":[{"taxonomy":"product_brand","embeddable":true,"href":"https:\/\/negevdesert.ch\/fr\/wp-json\/wp\/v2\/product_brand?post=7823"},{"taxonomy":"product_cat","embeddable":true,"href":"https:\/\/negevdesert.ch\/fr\/wp-json\/wp\/v2\/product_cat?post=7823"},{"taxonomy":"product_tag","embeddable":true,"href":"https:\/\/negevdesert.ch\/fr\/wp-json\/wp\/v2\/product_tag?post=7823"}],"curies":[{"name":"wp","href":"https:\/\/api.w.org\/{rel}","templated":true}]}}