{"id":780,"date":"2018-08-30T11:54:51","date_gmt":"2018-08-30T08:54:51","guid":{"rendered":"http:\/\/negevdesert.ch\/product\/negev-seasoning-mix\/"},"modified":"2020-03-26T12:27:30","modified_gmt":"2020-03-26T10:27:30","slug":"negev-seasoning-mix","status":"publish","type":"product","link":"https:\/\/negevdesert.ch\/fr\/produit\/negev-seasoning-mix\/","title":{"rendered":"Negev Assaisonnement"},"content":{"rendered":"<figure id=\"attachment_4139\" class=\"wp-caption alignnone\" aria-describedby=\"caption-attachment-4139\"><figcaption id=\"caption-attachment-4139\" class=\"wp-caption-text\"><em><em><strong><a href=\"https:\/\/www.negevdesert.ch\/\">MOSHAV &#8211; ASSAISONNEMENT NEGEV<\/a><\/strong><\/em><\/em>&nbsp;<\/p>\n<p>Assaisonnement pour cuisiner des p\u00e2tes, pommes-de-terre, pizza et l\u00e9gumes<\/figcaption><\/figure>\n<ul>\n<li>SANS colorant<\/li>\n<li>SANS conservateur<\/li>\n<li>SANS ar\u00f4me artificiel<\/li>\n<li><em><strong>PRODUIT EN ISRA\u00cbL<\/strong><\/em> \u2013 Moshav Magen Shaul<\/li>\n<li>Cacher\/casher\/kasher<\/li>\n<li>150g<\/li>\n<\/ul>\n<p><span data-text-color=\"secondary\">Ingr\u00e9dients: m\u00e9lange d&rsquo;\u00e9pices, sel et herbes s\u00e9ch\u00e9es.<\/span><\/p>\n<p>Pr\u00e9sence possible de gluten, arachides et soja.<\/p>\n<p>A conserver au frais et au sec.<\/p>\n<p>&nbsp;<\/p>\n<h4 class=\"alt-font\" style=\"text-align: center;\"><em><strong>Negev Desert \u2013\u00a0<\/strong>Vins et \u00e9picerie fine cacher d\u2019Isra\u00ebl<\/em><br \/>\n<em><strong>Suisse \u2013\u00a0<\/strong>Gen\u00e8ve \u2013 Lausanne \u2013 Zurich \u2013 B\u00e2le<\/em><\/h4>\n<h4><\/h4>\n<h4><\/h4>\n<p>&nbsp;<\/p>\n<p>&nbsp;<\/p>\n<div style='text-align:left' class='yasr-auto-insert-overall'><\/div><div style='text-align:left' class='yasr-auto-insert-visitor'><!--Yasr Visitor Votes Shortcode--><div id='yasr_visitor_votes_3d62d8697a9ee' class='yasr-visitor-votes'><div class=\"yasr-custom-text-vv-before yasr-custom-text-vv-before-780\">Click to rate this post!<\/div><div id='yasr-vv-second-row-container-3d62d8697a9ee'\r\n                                        class='yasr-vv-second-row-container'><div id='yasr-visitor-votes-rater-3d62d8697a9ee'\r\n                                      class='yasr-rater-stars-vv'\r\n                                      data-rater-postid='780'\r\n                                      data-rating='0'\r\n                                      data-rater-starsize='24'\r\n                                      data-rater-readonly='false'\r\n                                      data-rater-nonce='2217b64c0f'\r\n                                      data-issingular='false'\r\n                                    ><\/div><div class=\"yasr-vv-stats-text-container\" id=\"yasr-vv-stats-text-container-3d62d8697a9ee\"><svg xmlns=\"https:\/\/www.w3.org\/2000\/svg\" width=\"20\" height=\"20\"\r\n                                   class=\"yasr-dashicons-visitor-stats\"\r\n                                   data-postid=\"780\"\r\n                                   id=\"yasr-stats-dashicon-3d62d8697a9ee\">\r\n                                   <path d=\"M18 18v-16h-4v16h4zM12 18v-11h-4v11h4zM6 18v-8h-4v8h4z\"><\/path>\r\n                               <\/svg><span id=\"yasr-vv-text-container-3d62d8697a9ee\" class=\"yasr-vv-text-container\">[Total: <span id=\"yasr-vv-votes-number-container-3d62d8697a9ee\">0<\/span>  Average: <span id=\"yasr-vv-average-container-3d62d8697a9ee\">0<\/span>]<\/span><\/div><div id='yasr-vv-loader-3d62d8697a9ee' class='yasr-vv-container-loader'><\/div><\/div><div id='yasr-vv-bottom-container-3d62d8697a9ee' class='yasr-vv-bottom-container'><\/div><\/div><!--End Yasr Visitor Votes Shortcode--><\/div>","protected":false},"excerpt":{"rendered":"<h4><strong>Pour les p\u00e2tes, pommes-de-terre, pizza et l\u00e9gumes<\/strong><\/h4>\n<h5><span data-text-color=\"primary\"><strong>*SANS COLORANT\/AR\u00d4ME ARTIFICIEL<\/strong><\/span><\/h5>\n<h5><span data-text-color=\"primary\"><strong>*SANS CONSERVATEUR<\/strong><\/span><\/h5>\n<h5><span data-text-color=\"primary\"><strong>*CACHER<\/strong><\/span><\/h5>\n<p>&nbsp;<\/p>\n<p>&nbsp;<\/p>\n","protected":false},"featured_media":4970,"comment_status":"open","ping_status":"closed","template":"","meta":{"yasr_overall_rating":0,"yasr_post_is_review":"","yasr_auto_insert_disabled":"","yasr_review_type":""},"product_brand":[],"product_cat":[56],"product_tag":[],"class_list":{"0":"post-780","1":"product","2":"type-product","3":"status-publish","4":"has-post-thumbnail","6":"product_cat-assaisonnements","8":"first","9":"instock","10":"shipping-taxable","11":"purchasable","12":"product-type-simple"},"acf":[],"yasr_visitor_votes":{"stars_attributes":{"read_only":false,"span_bottom":false},"number_of_votes":0,"sum_votes":0},"_links":{"self":[{"href":"https:\/\/negevdesert.ch\/fr\/wp-json\/wp\/v2\/product\/780","targetHints":{"allow":["GET"]}}],"collection":[{"href":"https:\/\/negevdesert.ch\/fr\/wp-json\/wp\/v2\/product"}],"about":[{"href":"https:\/\/negevdesert.ch\/fr\/wp-json\/wp\/v2\/types\/product"}],"replies":[{"embeddable":true,"href":"https:\/\/negevdesert.ch\/fr\/wp-json\/wp\/v2\/comments?post=780"}],"wp:featuredmedia":[{"embeddable":true,"href":"https:\/\/negevdesert.ch\/fr\/wp-json\/wp\/v2\/media\/4970"}],"wp:attachment":[{"href":"https:\/\/negevdesert.ch\/fr\/wp-json\/wp\/v2\/media?parent=780"}],"wp:term":[{"taxonomy":"product_brand","embeddable":true,"href":"https:\/\/negevdesert.ch\/fr\/wp-json\/wp\/v2\/product_brand?post=780"},{"taxonomy":"product_cat","embeddable":true,"href":"https:\/\/negevdesert.ch\/fr\/wp-json\/wp\/v2\/product_cat?post=780"},{"taxonomy":"product_tag","embeddable":true,"href":"https:\/\/negevdesert.ch\/fr\/wp-json\/wp\/v2\/product_tag?post=780"}],"curies":[{"name":"wp","href":"https:\/\/api.w.org\/{rel}","templated":true}]}}