{"id":7789,"date":"2020-03-12T19:12:08","date_gmt":"2020-03-12T17:12:08","guid":{"rendered":"https:\/\/www.negevdesert.ch\/?post_type=product&#038;p=7789"},"modified":"2023-08-31T11:53:34","modified_gmt":"2023-08-31T09:53:34","slug":"jerusalem-2900-cabernet-sauvignon-vins-casher-cacher-kacher-de-niche-israel-geneve-suisse","status":"publish","type":"product","link":"https:\/\/negevdesert.ch\/fr\/produit\/jerusalem-2900-cabernet-sauvignon-vins-casher-cacher-kacher-de-niche-israel-geneve-suisse\/","title":{"rendered":"Jerusalem 2900 &#8211; Cabernet Sauvignon -MEVOUSHAL"},"content":{"rendered":"<h3 class=\"uppercase\"><span class=\"fancy-underline\" style=\"color: #f99b1c; background-color: #ffffff;\" data-text-color=\"secondary\"><strong>Jerusalem wineries<\/strong><\/span><\/h3>\n<p class=\"uppercase\"><span data-text-color=\"primary\"><strong><em>2900 &#8211; Cabernet Sauvignon<br \/>\n<\/em><\/strong><\/span><\/p>\n<p><strong>Ann\u00e9e<\/strong> : 2018<\/p>\n<p><strong>Alcool <\/strong>: 13%<\/p>\n<p><strong>Volume<\/strong>\u00a0: 750ml<\/p>\n<p><strong>Caract\u00e8re<\/strong> : Couleur rouge riche et profonde, avec des ar\u00f4mes de baies et de vanille. En bouche, riche et fruit\u00e9un go\u00fbt de baies noires et de prunes. Ce vin a une structure \u00e9l\u00e9gante et une belle longueur.<\/p>\n<p><strong>Suggestions d\u2019accompagnements<\/strong> : A d\u00e9guster avec des viandes grill\u00e9es et des sauces savoureuses.<\/p>\n<p class=\"p1\"><strong>Temp\u00e9rature id\u00e9ale de service:<\/strong> 16 degr\u00e9s Celsius<\/p>\n<p><em>Ce vin est mevoushal, cacher LeMehadrin sans Orlah, Tevel ou Shvi\u2019it et la pri\u00e8re pour ce vin est \u201cPri Hagafen\u201d.<\/em><\/p>\n<p><em>Cacher\/casher le&rsquo;Pessah\/Pessach<\/em><\/p>\n<h4><span style=\"color: #000000;\"><strong><em>PRODUIT EN ISRA\u00cbL \u2013 <a style=\"color: #000000;\" href=\"https:\/\/fr.wikipedia.org\/wiki\/J%C3%A9rusalem\" rel=\"nofollow noopener\" target=\"_blank\">J\u00e9rusalem<\/a><\/em><\/strong><\/span><\/h4>\n<p>&nbsp;<\/p>\n<p>&nbsp;<\/p>\n<h4 class=\"alt-font\" style=\"text-align: center;\"><em><strong>Negev Desert \u2013<\/strong> Vins et \u00e9picerie fine cacher\/casher de niche d\u2019Isra\u00ebl<\/em><\/h4>\n<h4 class=\"alt-font\" style=\"text-align: center;\"><em><strong>Suisse \u2013\u00a0<\/strong>Gen\u00e8ve \u2013 Zurich \u2013 B\u00e2le<\/em><\/h4>\n<div style='text-align:left' class='yasr-auto-insert-overall'><\/div><div style='text-align:left' class='yasr-auto-insert-visitor'><!--Yasr Visitor Votes Shortcode--><div id='yasr_visitor_votes_339e8e74f786b' class='yasr-visitor-votes'><div class=\"yasr-custom-text-vv-before yasr-custom-text-vv-before-7789\">Click to rate this post!<\/div><div id='yasr-vv-second-row-container-339e8e74f786b'\r\n                                        class='yasr-vv-second-row-container'><div id='yasr-visitor-votes-rater-339e8e74f786b'\r\n                                      class='yasr-rater-stars-vv'\r\n                                      data-rater-postid='7789'\r\n                                      data-rating='0'\r\n                                      data-rater-starsize='24'\r\n                                      data-rater-readonly='false'\r\n                                      data-rater-nonce='31f212ff2e'\r\n                                      data-issingular='false'\r\n                                    ><\/div><div class=\"yasr-vv-stats-text-container\" id=\"yasr-vv-stats-text-container-339e8e74f786b\"><svg xmlns=\"https:\/\/www.w3.org\/2000\/svg\" width=\"20\" height=\"20\"\r\n                                   class=\"yasr-dashicons-visitor-stats\"\r\n                                   data-postid=\"7789\"\r\n                                   id=\"yasr-stats-dashicon-339e8e74f786b\">\r\n                                   <path d=\"M18 18v-16h-4v16h4zM12 18v-11h-4v11h4zM6 18v-8h-4v8h4z\"><\/path>\r\n                               <\/svg><span id=\"yasr-vv-text-container-339e8e74f786b\" class=\"yasr-vv-text-container\">[Total: <span id=\"yasr-vv-votes-number-container-339e8e74f786b\">0<\/span>  Average: <span id=\"yasr-vv-average-container-339e8e74f786b\">0<\/span>]<\/span><\/div><div id='yasr-vv-loader-339e8e74f786b' class='yasr-vv-container-loader'><\/div><\/div><div id='yasr-vv-bottom-container-339e8e74f786b' class='yasr-vv-bottom-container'><\/div><\/div><!--End Yasr Visitor Votes Shortcode--><\/div>","protected":false},"excerpt":{"rendered":"<h4><strong>100% Cabernet sauvignon \u2013 Sec<\/strong><\/h4>\n<p><em><strong>2018<\/strong><\/em><\/p>\n<p><span style=\"color: #f99b1c;\"><strong>MEVOUSHAL PREMIUM\u00a0 <\/strong><\/span><\/p>\n","protected":false},"featured_media":8835,"comment_status":"open","ping_status":"closed","template":"","meta":{"yasr_overall_rating":0,"yasr_post_is_review":"","yasr_auto_insert_disabled":"","yasr_review_type":""},"product_brand":[91],"product_cat":[60,66],"product_tag":[95],"class_list":{"0":"post-7789","1":"product","2":"type-product","3":"status-publish","4":"has-post-thumbnail","6":"product_brand-negev-desert-israeli-kosher-boutique-wine-geneva-switzerland-fr","7":"product_cat-vins-casher-cacher-de-niche-disrael-cacher-le-pessah","8":"product_cat-rouge-vin-cacher","9":"product_tag-vins-cacher-casher-kasher-israel","11":"first","12":"outofstock","13":"shipping-taxable","14":"purchasable","15":"product-type-simple"},"acf":[],"yasr_visitor_votes":{"stars_attributes":{"read_only":false,"span_bottom":false},"number_of_votes":0,"sum_votes":0},"_links":{"self":[{"href":"https:\/\/negevdesert.ch\/fr\/wp-json\/wp\/v2\/product\/7789","targetHints":{"allow":["GET"]}}],"collection":[{"href":"https:\/\/negevdesert.ch\/fr\/wp-json\/wp\/v2\/product"}],"about":[{"href":"https:\/\/negevdesert.ch\/fr\/wp-json\/wp\/v2\/types\/product"}],"replies":[{"embeddable":true,"href":"https:\/\/negevdesert.ch\/fr\/wp-json\/wp\/v2\/comments?post=7789"}],"wp:featuredmedia":[{"embeddable":true,"href":"https:\/\/negevdesert.ch\/fr\/wp-json\/wp\/v2\/media\/8835"}],"wp:attachment":[{"href":"https:\/\/negevdesert.ch\/fr\/wp-json\/wp\/v2\/media?parent=7789"}],"wp:term":[{"taxonomy":"product_brand","embeddable":true,"href":"https:\/\/negevdesert.ch\/fr\/wp-json\/wp\/v2\/product_brand?post=7789"},{"taxonomy":"product_cat","embeddable":true,"href":"https:\/\/negevdesert.ch\/fr\/wp-json\/wp\/v2\/product_cat?post=7789"},{"taxonomy":"product_tag","embeddable":true,"href":"https:\/\/negevdesert.ch\/fr\/wp-json\/wp\/v2\/product_tag?post=7789"}],"curies":[{"name":"wp","href":"https:\/\/api.w.org\/{rel}","templated":true}]}}