{"id":720,"date":"2018-11-04T14:45:26","date_gmt":"2018-11-04T12:45:26","guid":{"rendered":"http:\/\/negevdesert.ch\/product\/rn-ramon-malbec-2\/"},"modified":"2025-05-01T16:58:52","modified_gmt":"2025-05-01T14:58:52","slug":"negev-desert-vins-casher-de-niche-disrael-geneve-suisse-2","status":"publish","type":"product","link":"https:\/\/negevdesert.ch\/fr\/produit\/negev-desert-vins-casher-de-niche-disrael-geneve-suisse-2\/","title":{"rendered":"RN Ramon \u2013 Malbec"},"content":{"rendered":"<h4 class=\"uppercase\"><span class=\"fancy-underline\" style=\"color: #f99b1c; font-size: 100%;\">(rn) rAMat negev winery<\/span><\/h4>\n<p><span style=\"font-size: 120%;\" data-text-color=\"primary\"><em><strong>Ramon &#8211; Malbec<\/strong><\/em><\/span><\/p>\n<p><strong>Ann\u00e9e<\/strong>: 2020<\/p>\n<p><strong>Alcool:\u00a0<\/strong>13%<\/p>\n<p><strong>Volume: <\/strong>750ml<\/p>\n<p><strong>Maturit\u00e9:<\/strong>\u00a0<strong>20 mois<\/strong> dans de nouveaux f\u00fbts en ch\u00eanes fran\u00e7ais<\/p>\n<p><strong>Caract\u00e8re<\/strong>: La vari\u00e9t\u00e9 Malbec est surprenante dans le fait qu&rsquo;elle s&rsquo;adapte extraordinairement bien au d\u00e9sert du climat du N\u00e9guev en Isra\u00ebl. Ce grand vin de Malbec est moyennement cors\u00e9 \u00e0 cors\u00e9, avec un ar\u00f4me fort et une couleur profonde et envo\u00fbtante.<\/p>\n<p><strong>Suggestions d\u2019accompagnements:\u00a0<\/strong>Ce vin devrait \u00eatre accompagn\u00e9 de plats de viande grasse comme l&rsquo;entrec\u00f4te, les c\u00f4telettes d&rsquo;agneau, les p\u00e2tes au pesto et les \u00e9pinards.<\/p>\n<p><strong><a href=\"https:\/\/en.wikipedia.org\/wiki\/Israel\" rel=\"nofollow noopener\" target=\"_blank\"><em>PRODUIT EN ISRA\u00cbL \u2013 Moshav Kadesh Barnea<\/em><\/a><\/strong><\/p>\n<h4 class=\"alt-font\" style=\"text-align: center;\"><em><strong>Negev Desert \u2013<\/strong> Vins et \u00e9picerie fine cacher\/casher de niche d\u2019Isra\u00ebl<\/em><\/h4>\n<h4 class=\"alt-font\" style=\"text-align: center;\"><em><strong>Suisse \u2013\u00a0<\/strong>Gen\u00e8ve \u2013 Zurich \u2013 B\u00e2le<\/em><\/h4>\n<p>&nbsp;<\/p>\n<p>&nbsp;<\/p>\n<p>&nbsp;<\/p>\n<h5><\/h5>\n<h4><\/h4>\n<h6><\/h6>\n<div style='text-align:left' class='yasr-auto-insert-overall'><\/div><div style='text-align:left' class='yasr-auto-insert-visitor'><!--Yasr Visitor Votes Shortcode--><div id='yasr_visitor_votes_6a513e496c0ec' class='yasr-visitor-votes'><div class=\"yasr-custom-text-vv-before yasr-custom-text-vv-before-720\">Click to rate this post!<\/div><div id='yasr-vv-second-row-container-6a513e496c0ec'\r\n                                        class='yasr-vv-second-row-container'><div id='yasr-visitor-votes-rater-6a513e496c0ec'\r\n                                      class='yasr-rater-stars-vv'\r\n                                      data-rater-postid='720'\r\n                                      data-rating='0'\r\n                                      data-rater-starsize='24'\r\n                                      data-rater-readonly='false'\r\n                                      data-rater-nonce='2217b64c0f'\r\n                                      data-issingular='false'\r\n                                    ><\/div><div class=\"yasr-vv-stats-text-container\" id=\"yasr-vv-stats-text-container-6a513e496c0ec\"><svg xmlns=\"https:\/\/www.w3.org\/2000\/svg\" width=\"20\" height=\"20\"\r\n                                   class=\"yasr-dashicons-visitor-stats\"\r\n                                   data-postid=\"720\"\r\n                                   id=\"yasr-stats-dashicon-6a513e496c0ec\">\r\n                                   <path d=\"M18 18v-16h-4v16h4zM12 18v-11h-4v11h4zM6 18v-8h-4v8h4z\"><\/path>\r\n                               <\/svg><span id=\"yasr-vv-text-container-6a513e496c0ec\" class=\"yasr-vv-text-container\">[Total: <span id=\"yasr-vv-votes-number-container-6a513e496c0ec\">0<\/span>  Average: <span id=\"yasr-vv-average-container-6a513e496c0ec\">0<\/span>]<\/span><\/div><div id='yasr-vv-loader-6a513e496c0ec' class='yasr-vv-container-loader'><\/div><\/div><div id='yasr-vv-bottom-container-6a513e496c0ec' class='yasr-vv-bottom-container'><\/div><\/div><!--End Yasr Visitor Votes Shortcode--><\/div>","protected":false},"excerpt":{"rendered":"<h4><strong>100% Malbec \u2013 Sec<\/strong><\/h4>\n<p><span data-text-color=\"primary\"><em><strong>2020<\/strong><\/em><\/span><\/p>\n<h5><\/h5>\n<h6><\/h6>\n","protected":false},"featured_media":8857,"comment_status":"open","ping_status":"closed","template":"","meta":{"yasr_overall_rating":0,"yasr_post_is_review":"","yasr_auto_insert_disabled":"","yasr_review_type":""},"product_brand":[88],"product_cat":[66,60],"product_tag":[],"class_list":{"0":"post-720","1":"product","2":"type-product","3":"status-publish","4":"has-post-thumbnail","6":"product_brand-ramat-negev-winery-fr","7":"product_cat-rouge-vin-cacher","8":"product_cat-vins-casher-cacher-de-niche-disrael-cacher-le-pessah","10":"first","11":"instock","12":"shipping-taxable","13":"purchasable","14":"product-type-simple"},"acf":[],"yasr_visitor_votes":{"stars_attributes":{"read_only":false,"span_bottom":false},"number_of_votes":0,"sum_votes":0},"_links":{"self":[{"href":"https:\/\/negevdesert.ch\/fr\/wp-json\/wp\/v2\/product\/720","targetHints":{"allow":["GET"]}}],"collection":[{"href":"https:\/\/negevdesert.ch\/fr\/wp-json\/wp\/v2\/product"}],"about":[{"href":"https:\/\/negevdesert.ch\/fr\/wp-json\/wp\/v2\/types\/product"}],"replies":[{"embeddable":true,"href":"https:\/\/negevdesert.ch\/fr\/wp-json\/wp\/v2\/comments?post=720"}],"wp:featuredmedia":[{"embeddable":true,"href":"https:\/\/negevdesert.ch\/fr\/wp-json\/wp\/v2\/media\/8857"}],"wp:attachment":[{"href":"https:\/\/negevdesert.ch\/fr\/wp-json\/wp\/v2\/media?parent=720"}],"wp:term":[{"taxonomy":"product_brand","embeddable":true,"href":"https:\/\/negevdesert.ch\/fr\/wp-json\/wp\/v2\/product_brand?post=720"},{"taxonomy":"product_cat","embeddable":true,"href":"https:\/\/negevdesert.ch\/fr\/wp-json\/wp\/v2\/product_cat?post=720"},{"taxonomy":"product_tag","embeddable":true,"href":"https:\/\/negevdesert.ch\/fr\/wp-json\/wp\/v2\/product_tag?post=720"}],"curies":[{"name":"wp","href":"https:\/\/api.w.org\/{rel}","templated":true}]}}