{"id":4782,"date":"2019-10-21T10:45:56","date_gmt":"2019-11-07T15:45:19","guid":{"rendered":"https:\/\/www.negevdesert.ch\/?post_type=product&#038;p=4782"},"modified":"2026-03-28T21:22:06","modified_gmt":"2026-03-28T20:22:06","slug":"moshav-harissa-doux","status":"publish","type":"product","link":"https:\/\/negevdesert.ch\/fr\/produit\/moshav-harissa-doux\/","title":{"rendered":"MOSHAV &#8211; Harissa doux"},"content":{"rendered":"<figure id=\"attachment_4139\" aria-describedby=\"caption-attachment-4139\" style=\"width: 205px\" class=\"wp-caption alignnone\"><img decoding=\"async\" class=\"wp-image-4140 lazyload\" data-src=\"https:\/\/negevdesert.ch\/wp-content\/uploads\/2019\/10\/Moshav-Logo-300x300.png\" alt=\"kosher \/ Cacher \/ Koscher Switzerland \/ Suisse \/ Schweiz\" width=\"205\" height=\"205\" data-srcset=\"https:\/\/negevdesert.ch\/wp-content\/uploads\/2019\/10\/Moshav-Logo-300x300.png 300w, https:\/\/negevdesert.ch\/wp-content\/uploads\/2019\/10\/Moshav-Logo-150x150.png 150w, https:\/\/negevdesert.ch\/wp-content\/uploads\/2019\/10\/Moshav-Logo-768x768.png 768w, https:\/\/negevdesert.ch\/wp-content\/uploads\/2019\/10\/Moshav-Logo-1024x1024.png 1024w, https:\/\/negevdesert.ch\/wp-content\/uploads\/2019\/10\/Moshav-Logo-250x250.png 250w, https:\/\/negevdesert.ch\/wp-content\/uploads\/2019\/10\/Moshav-Logo-600x600.png 600w, https:\/\/negevdesert.ch\/wp-content\/uploads\/2019\/10\/Moshav-Logo-100x100.png 100w\" data-sizes=\"(max-width: 205px) 100vw, 205px\" src=\"data:image\/svg+xml;base64,PHN2ZyB3aWR0aD0iMSIgaGVpZ2h0PSIxIiB4bWxucz0iaHR0cDovL3d3dy53My5vcmcvMjAwMC9zdmciPjwvc3ZnPg==\" style=\"--smush-placeholder-width: 205px; --smush-placeholder-aspect-ratio: 205\/205;\" \/><figcaption id=\"caption-attachment-4139\" class=\"wp-caption-text\"><a href=\"https:\/\/www.negevdesert.ch\"><em><strong>MOSHAV\u00a0 &#8211; HARISSA DOUX<\/strong><\/em><\/a><\/figcaption><\/figure>\n<ul>\n<li>V\u00e9gan<\/li>\n<li>Produits naturels<\/li>\n<li>Pas de sucre ajout\u00e9<\/li>\n<li>Pas de MSG<\/li>\n<li><em><strong>PRODUIT EN ISRA\u00cbL<\/strong><\/em>\u00a0\u2013 Moshav Kadesh Barnea<\/li>\n<li>Cacher\/casher le&rsquo;Pessah\/Pessach\/Pessa&rsquo;h<\/li>\n<li>200g<\/li>\n<\/ul>\n<p><span data-text-color=\"secondary\">Ingr\u00e9dients: poivron doux s\u00e9ch\u00e9, huile d\u2019olive, huile de canola, eau, vinaigre<\/span><\/p>\n<p>&nbsp;<\/p>\n<h4 class=\"alt-font\" style=\"text-align: center;\"><em><strong>Negev Desert \u2013\u00a0<\/strong>Vins et \u00e9picerie fine cacher d&rsquo;Isra\u00ebl<\/em><br \/>\n<em><strong>Suisse \u2013 <\/strong>Gen\u00e8ve \u2013 Lausanne &#8211; Zurich \u2013 B\u00e2le<\/em><\/h4>\n<p>&nbsp;<\/p>\n<p>&nbsp;<\/p>\n<p>&nbsp;<\/p>\n<div style='text-align:left' class='yasr-auto-insert-overall'><\/div><div style='text-align:left' class='yasr-auto-insert-visitor'><!--Yasr Visitor Votes Shortcode--><div id='yasr_visitor_votes_cb896bdf3f71d' class='yasr-visitor-votes'><div class=\"yasr-custom-text-vv-before yasr-custom-text-vv-before-4782\">Click to rate this post!<\/div><div id='yasr-vv-second-row-container-cb896bdf3f71d'\r\n                                        class='yasr-vv-second-row-container'><div id='yasr-visitor-votes-rater-cb896bdf3f71d'\r\n                                      class='yasr-rater-stars-vv'\r\n                                      data-rater-postid='4782'\r\n                                      data-rating='0'\r\n                                      data-rater-starsize='24'\r\n                                      data-rater-readonly='false'\r\n                                      data-rater-nonce='2217b64c0f'\r\n                                      data-issingular='false'\r\n                                    ><\/div><div class=\"yasr-vv-stats-text-container\" id=\"yasr-vv-stats-text-container-cb896bdf3f71d\"><svg xmlns=\"https:\/\/www.w3.org\/2000\/svg\" width=\"20\" height=\"20\"\r\n                                   class=\"yasr-dashicons-visitor-stats\"\r\n                                   data-postid=\"4782\"\r\n                                   id=\"yasr-stats-dashicon-cb896bdf3f71d\">\r\n                                   <path d=\"M18 18v-16h-4v16h4zM12 18v-11h-4v11h4zM6 18v-8h-4v8h4z\"><\/path>\r\n                               <\/svg><span id=\"yasr-vv-text-container-cb896bdf3f71d\" class=\"yasr-vv-text-container\">[Total: <span id=\"yasr-vv-votes-number-container-cb896bdf3f71d\">0<\/span>  Average: <span id=\"yasr-vv-average-container-cb896bdf3f71d\">0<\/span>]<\/span><\/div><div id='yasr-vv-loader-cb896bdf3f71d' class='yasr-vv-container-loader'><\/div><\/div><div id='yasr-vv-bottom-container-cb896bdf3f71d' class='yasr-vv-bottom-container'><\/div><\/div><!--End Yasr Visitor Votes Shortcode--><\/div>","protected":false},"excerpt":{"rendered":"<h5><span data-text-color=\"primary\"><strong>*VEGAN<\/strong><\/span><\/h5>\n<h5><span data-text-color=\"primary\"><strong>*PRODUITS NATURELS<\/strong><\/span><\/h5>\n<h5><span data-text-color=\"primary\"><strong>*CACHER<\/strong><\/span><\/h5>\n","protected":false},"featured_media":4313,"comment_status":"open","ping_status":"closed","template":"","meta":{"yasr_overall_rating":0,"yasr_post_is_review":"","yasr_auto_insert_disabled":"","yasr_review_type":""},"product_brand":[],"product_cat":[54],"product_tag":[],"class_list":{"0":"post-4782","1":"product","2":"type-product","3":"status-publish","4":"has-post-thumbnail","6":"product_cat-sale","8":"first","9":"instock","10":"shipping-taxable","11":"purchasable","12":"product-type-simple"},"acf":[],"yasr_visitor_votes":{"stars_attributes":{"read_only":false,"span_bottom":false},"number_of_votes":0,"sum_votes":0},"_links":{"self":[{"href":"https:\/\/negevdesert.ch\/fr\/wp-json\/wp\/v2\/product\/4782","targetHints":{"allow":["GET"]}}],"collection":[{"href":"https:\/\/negevdesert.ch\/fr\/wp-json\/wp\/v2\/product"}],"about":[{"href":"https:\/\/negevdesert.ch\/fr\/wp-json\/wp\/v2\/types\/product"}],"replies":[{"embeddable":true,"href":"https:\/\/negevdesert.ch\/fr\/wp-json\/wp\/v2\/comments?post=4782"}],"wp:featuredmedia":[{"embeddable":true,"href":"https:\/\/negevdesert.ch\/fr\/wp-json\/wp\/v2\/media\/4313"}],"wp:attachment":[{"href":"https:\/\/negevdesert.ch\/fr\/wp-json\/wp\/v2\/media?parent=4782"}],"wp:term":[{"taxonomy":"product_brand","embeddable":true,"href":"https:\/\/negevdesert.ch\/fr\/wp-json\/wp\/v2\/product_brand?post=4782"},{"taxonomy":"product_cat","embeddable":true,"href":"https:\/\/negevdesert.ch\/fr\/wp-json\/wp\/v2\/product_cat?post=4782"},{"taxonomy":"product_tag","embeddable":true,"href":"https:\/\/negevdesert.ch\/fr\/wp-json\/wp\/v2\/product_tag?post=4782"}],"curies":[{"name":"wp","href":"https:\/\/api.w.org\/{rel}","templated":true}]}}