{"id":1402,"date":"2019-03-29T22:27:28","date_gmt":"2019-03-29T20:27:28","guid":{"rendered":"https:\/\/www.negevdesert.ch\/product\/rn-masada-malbec\/"},"modified":"2024-08-23T11:40:48","modified_gmt":"2024-08-23T09:40:48","slug":"rn-masada-malbec-vins-casher-cacher-de-niche-disrael-geneve-suisse","status":"publish","type":"product","link":"https:\/\/negevdesert.ch\/fr\/produit\/rn-masada-malbec-vins-casher-cacher-de-niche-disrael-geneve-suisse\/","title":{"rendered":"RN Masada Malbec"},"content":{"rendered":"<h4 class=\"uppercase\"><span class=\"fancy-underline\" style=\"color: #f99b1c; font-size: 100%;\">(rn) rAMat negev winery<\/span><\/h4>\n<p><span style=\"font-size: 120%;\" data-text-color=\"primary\"><em><strong>Masada &#8211; Malbec (rouge)<\/strong><\/em><\/span><\/p>\n<p><strong>Ann\u00e9e<\/strong> : 2023<\/p>\n<p><strong>Alcool\u00a0<\/strong>: 13.5%<\/p>\n<p><strong>Volume<\/strong>: 750ml<\/p>\n<p><strong>Maturit\u00e9<\/strong>: <strong>8<\/strong><strong>\u00a0mois<\/strong>\u00a0dans de f\u00fbts en ch\u00eanes am\u00e9ricains<\/p>\n<p><strong>Caract\u00e8re<\/strong>: Ce vin a des ar\u00f4mes concentr\u00e9s de m\u00fbre et de prune et des saveurs complexes de fruits qui combinent des parfums de caf\u00e9 et de chocolat. La finale est longue avec des tannins velout\u00e9s, mais sans agressivit\u00e9.<\/p>\n<p><strong>Suggestions d\u2019accompagnements<\/strong>: Ce vin accompagnera \u00e0 merveille les rago\u00fbts de viande, l&rsquo;agneau, la cuisine orientale et les fromages bleus.<\/p>\n<p><em>Casher\/cacher le\u2019Pessah\/Pessach\/Pessa\u2019h<\/em><\/p>\n<p><em><strong>PRODUIT EN ISRA\u00cbL<\/strong><\/em>\u00a0\u2013 Moshav Kadesh Barnea<\/p>\n<h5 class=\"alt-font\" style=\"text-align: center;\"><em><strong>Negev Desert \u2013<\/strong>\u00a0Vins cacher\/casher de niche d\u2019Isra\u00ebl<\/em><\/h5>\n<h5 class=\"alt-font\" style=\"text-align: center;\"><em><strong>Suisse \u2013\u00a0<\/strong>Gen\u00e8ve \u2013 Zurich \u2013 B\u00e2le<\/em><\/h5>\n<div style='text-align:left' class='yasr-auto-insert-overall'><\/div><div style='text-align:left' class='yasr-auto-insert-visitor'><!--Yasr Visitor Votes Shortcode--><div id='yasr_visitor_votes_3e68ac9b0c429' class='yasr-visitor-votes'><div class=\"yasr-custom-text-vv-before yasr-custom-text-vv-before-1402\">Click to rate this post!<\/div><div id='yasr-vv-second-row-container-3e68ac9b0c429'\r\n                                        class='yasr-vv-second-row-container'><div id='yasr-visitor-votes-rater-3e68ac9b0c429'\r\n                                      class='yasr-rater-stars-vv'\r\n                                      data-rater-postid='1402'\r\n                                      data-rating='5'\r\n                                      data-rater-starsize='24'\r\n                                      data-rater-readonly='false'\r\n                                      data-rater-nonce='31f212ff2e'\r\n                                      data-issingular='false'\r\n                                    ><\/div><div class=\"yasr-vv-stats-text-container\" id=\"yasr-vv-stats-text-container-3e68ac9b0c429\"><svg xmlns=\"https:\/\/www.w3.org\/2000\/svg\" width=\"20\" height=\"20\"\r\n                                   class=\"yasr-dashicons-visitor-stats\"\r\n                                   data-postid=\"1402\"\r\n                                   id=\"yasr-stats-dashicon-3e68ac9b0c429\">\r\n                                   <path d=\"M18 18v-16h-4v16h4zM12 18v-11h-4v11h4zM6 18v-8h-4v8h4z\"><\/path>\r\n                               <\/svg><span id=\"yasr-vv-text-container-3e68ac9b0c429\" class=\"yasr-vv-text-container\">[Total: <span id=\"yasr-vv-votes-number-container-3e68ac9b0c429\">1<\/span>  Average: <span id=\"yasr-vv-average-container-3e68ac9b0c429\">5<\/span>]<\/span><\/div><div id='yasr-vv-loader-3e68ac9b0c429' class='yasr-vv-container-loader'><\/div><\/div><div id='yasr-vv-bottom-container-3e68ac9b0c429' class='yasr-vv-bottom-container'><\/div><\/div><!--End Yasr Visitor Votes Shortcode--><\/div>","protected":false},"excerpt":{"rendered":"<h4>100 % Malbec &#8211; Sec<\/h4>\n<p><span style=\"font-size: 110%;\"><em><strong>2023<\/strong><\/em><\/span><\/p>\n","protected":false},"featured_media":8776,"comment_status":"open","ping_status":"closed","template":"","meta":{"yasr_overall_rating":0,"yasr_post_is_review":"","yasr_auto_insert_disabled":"","yasr_review_type":""},"product_brand":[88],"product_cat":[60,52,66],"product_tag":[],"class_list":{"0":"post-1402","1":"product","2":"type-product","3":"status-publish","4":"has-post-thumbnail","6":"product_brand-ramat-negev-winery-fr","7":"product_cat-vins-casher-cacher-de-niche-disrael-cacher-le-pessah","8":"product_cat-magasin-en-ligne-casher-pessah","9":"product_cat-rouge-vin-cacher","11":"first","12":"instock","13":"shipping-taxable","14":"purchasable","15":"product-type-simple"},"acf":[],"yasr_visitor_votes":{"stars_attributes":{"read_only":false,"span_bottom":false},"number_of_votes":1,"sum_votes":5},"_links":{"self":[{"href":"https:\/\/negevdesert.ch\/fr\/wp-json\/wp\/v2\/product\/1402","targetHints":{"allow":["GET"]}}],"collection":[{"href":"https:\/\/negevdesert.ch\/fr\/wp-json\/wp\/v2\/product"}],"about":[{"href":"https:\/\/negevdesert.ch\/fr\/wp-json\/wp\/v2\/types\/product"}],"replies":[{"embeddable":true,"href":"https:\/\/negevdesert.ch\/fr\/wp-json\/wp\/v2\/comments?post=1402"}],"wp:featuredmedia":[{"embeddable":true,"href":"https:\/\/negevdesert.ch\/fr\/wp-json\/wp\/v2\/media\/8776"}],"wp:attachment":[{"href":"https:\/\/negevdesert.ch\/fr\/wp-json\/wp\/v2\/media?parent=1402"}],"wp:term":[{"taxonomy":"product_brand","embeddable":true,"href":"https:\/\/negevdesert.ch\/fr\/wp-json\/wp\/v2\/product_brand?post=1402"},{"taxonomy":"product_cat","embeddable":true,"href":"https:\/\/negevdesert.ch\/fr\/wp-json\/wp\/v2\/product_cat?post=1402"},{"taxonomy":"product_tag","embeddable":true,"href":"https:\/\/negevdesert.ch\/fr\/wp-json\/wp\/v2\/product_tag?post=1402"}],"curies":[{"name":"wp","href":"https:\/\/api.w.org\/{rel}","templated":true}]}}