{"id":1396,"date":"2019-03-31T16:05:20","date_gmt":"2019-03-31T14:05:20","guid":{"rendered":"https:\/\/www.negevdesert.ch\/?post_type=product&#038;p=1396"},"modified":"2026-03-19T13:12:16","modified_gmt":"2026-03-19T12:12:16","slug":"masada-blanc-vins-casher-cacher-disrael-a-geneve-suisse","status":"publish","type":"product","link":"https:\/\/negevdesert.ch\/fr\/produit\/masada-blanc-vins-casher-cacher-disrael-a-geneve-suisse\/","title":{"rendered":"RN Masada blanc"},"content":{"rendered":"<h4 class=\"uppercase\"><span class=\"fancy-underline\" style=\"color: #f99b1c; font-size: 100%;\">(rn) rAMat negev winery<\/span><\/h4>\n<p><span style=\"font-size: 120%;\" data-text-color=\"primary\"><em><strong>Masada &#8211; Sauvignon Blanc<\/strong><\/em><\/span><\/p>\n<p><strong>Ann\u00e9e<\/strong> : 2021<\/p>\n<p><strong>Alcool\u00a0<\/strong>: 12.5%<\/p>\n<p><strong>Volume<\/strong>: 750ml<\/p>\n<p><strong>Caract\u00e8re<\/strong>: Ce vin a des notes de fruits tropicaux, de ch\u00e8vrefeuille, de poire, de p\u00eache blanche et de melon, d&rsquo;\u00e9corce d&rsquo;agrumes et d&rsquo;ar\u00f4mes de vanille. Go\u00fbtez ce vin d\u00e9licieux, et vous sentirez un go\u00fbt riche, m\u00fbr, doux et styl\u00e9 dans votre bouche. Ce vin est franc, rond et se termine par un souffle de fruits et de ch\u00eane \u00e9galement.<\/p>\n<p><strong>Suggestions d\u2019accompagnements<\/strong>: D\u00e9gustez ce vin avec du poisson, des sushis, des plats \u00e9pic\u00e9s et des plats de p\u00e2tes \u00e0 la cr\u00e8me.<\/p>\n<p><em>Casher\/cacher le\u2019Pessah\/Pessach\/Pessa\u2019h<\/em><\/p>\n<p><em><strong>PRODUIT EN ISRA\u00cbL<\/strong><\/em>\u00a0\u2013 Moshav Kadesh Barnea<\/p>\n<h5 class=\"alt-font\" style=\"text-align: center;\"><em><strong>Negev Desert \u2013<\/strong>\u00a0Vins cacher\/casher de niche d\u2019Isra\u00ebl<\/em><\/h5>\n<h5 class=\"alt-font\" style=\"text-align: center;\"><em><strong>Suisse \u2013\u00a0<\/strong>Gen\u00e8ve \u2013 Zurich \u2013 B\u00e2le<\/em><\/h5>\n<div style='text-align:left' class='yasr-auto-insert-overall'><\/div><div style='text-align:left' class='yasr-auto-insert-visitor'><!--Yasr Visitor Votes Shortcode--><div id='yasr_visitor_votes_e08390c30c620' class='yasr-visitor-votes'><div class=\"yasr-custom-text-vv-before yasr-custom-text-vv-before-1396\">Click to rate this post!<\/div><div id='yasr-vv-second-row-container-e08390c30c620'\r\n                                        class='yasr-vv-second-row-container'><div id='yasr-visitor-votes-rater-e08390c30c620'\r\n                                      class='yasr-rater-stars-vv'\r\n                                      data-rater-postid='1396'\r\n                                      data-rating='0'\r\n                                      data-rater-starsize='24'\r\n                                      data-rater-readonly='false'\r\n                                      data-rater-nonce='2217b64c0f'\r\n                                      data-issingular='false'\r\n                                    ><\/div><div class=\"yasr-vv-stats-text-container\" id=\"yasr-vv-stats-text-container-e08390c30c620\"><svg xmlns=\"https:\/\/www.w3.org\/2000\/svg\" width=\"20\" height=\"20\"\r\n                                   class=\"yasr-dashicons-visitor-stats\"\r\n                                   data-postid=\"1396\"\r\n                                   id=\"yasr-stats-dashicon-e08390c30c620\">\r\n                                   <path d=\"M18 18v-16h-4v16h4zM12 18v-11h-4v11h4zM6 18v-8h-4v8h4z\"><\/path>\r\n                               <\/svg><span id=\"yasr-vv-text-container-e08390c30c620\" class=\"yasr-vv-text-container\">[Total: <span id=\"yasr-vv-votes-number-container-e08390c30c620\">0<\/span>  Average: <span id=\"yasr-vv-average-container-e08390c30c620\">0<\/span>]<\/span><\/div><div id='yasr-vv-loader-e08390c30c620' class='yasr-vv-container-loader'><\/div><\/div><div id='yasr-vv-bottom-container-e08390c30c620' class='yasr-vv-bottom-container'><\/div><\/div><!--End Yasr Visitor Votes Shortcode--><\/div>","protected":false},"excerpt":{"rendered":"<h4><strong>100 % Sauvignon Blanc &#8211; Sec<\/strong><\/h4>\n<p><strong><em><span style=\"font-size: 110%;\">2021<\/span><\/em><\/strong><\/p>\n","protected":false},"featured_media":8772,"comment_status":"open","ping_status":"closed","template":"","meta":{"yasr_overall_rating":0,"yasr_post_is_review":"","yasr_auto_insert_disabled":"","yasr_review_type":""},"product_brand":[88],"product_cat":[60,68],"product_tag":[139,194,213,214,94],"class_list":{"0":"post-1396","1":"product","2":"type-product","3":"status-publish","4":"has-post-thumbnail","6":"product_brand-ramat-negev-winery-fr","7":"product_cat-vins-casher-cacher-de-niche-disrael-cacher-le-pessah","8":"product_cat-blanc","9":"product_tag-magasin-cacher-geneve","10":"product_tag-magasin-casher-en-line","11":"product_tag-masada","12":"product_tag-ramat-negev-winery-fr","13":"product_tag-vin-cacner-israel-casher-kasher-geneve-suisse","15":"first","16":"instock","17":"shipping-taxable","18":"purchasable","19":"product-type-simple"},"acf":[],"yasr_visitor_votes":{"stars_attributes":{"read_only":false,"span_bottom":false},"number_of_votes":0,"sum_votes":0},"_links":{"self":[{"href":"https:\/\/negevdesert.ch\/fr\/wp-json\/wp\/v2\/product\/1396","targetHints":{"allow":["GET"]}}],"collection":[{"href":"https:\/\/negevdesert.ch\/fr\/wp-json\/wp\/v2\/product"}],"about":[{"href":"https:\/\/negevdesert.ch\/fr\/wp-json\/wp\/v2\/types\/product"}],"replies":[{"embeddable":true,"href":"https:\/\/negevdesert.ch\/fr\/wp-json\/wp\/v2\/comments?post=1396"}],"wp:featuredmedia":[{"embeddable":true,"href":"https:\/\/negevdesert.ch\/fr\/wp-json\/wp\/v2\/media\/8772"}],"wp:attachment":[{"href":"https:\/\/negevdesert.ch\/fr\/wp-json\/wp\/v2\/media?parent=1396"}],"wp:term":[{"taxonomy":"product_brand","embeddable":true,"href":"https:\/\/negevdesert.ch\/fr\/wp-json\/wp\/v2\/product_brand?post=1396"},{"taxonomy":"product_cat","embeddable":true,"href":"https:\/\/negevdesert.ch\/fr\/wp-json\/wp\/v2\/product_cat?post=1396"},{"taxonomy":"product_tag","embeddable":true,"href":"https:\/\/negevdesert.ch\/fr\/wp-json\/wp\/v2\/product_tag?post=1396"}],"curies":[{"name":"wp","href":"https:\/\/api.w.org\/{rel}","templated":true}]}}