{"id":1260,"date":"2018-07-19T13:49:06","date_gmt":"2018-07-19T10:49:06","guid":{"rendered":"https:\/\/www.negevdesert.ch\/product\/halva-dattes-330gr\/"},"modified":"2022-04-02T14:09:11","modified_gmt":"2022-04-02T12:09:11","slug":"halva-dattes-250gr","status":"publish","type":"product","link":"https:\/\/negevdesert.ch\/fr\/produit\/halva-dattes-250gr\/","title":{"rendered":"P\u00e2te \u00e0 tartiner halva (s\u00e9same) &#038; Silan dattes"},"content":{"rendered":"<h3>KINNERET<\/h3>\n<p><span style=\"color: #002470; font-family: 'Nachlieli CLM',Arial; font-size: 100%;\">P\u00e2te \u00e0 tartiner halva (s\u00e9same) &amp; dattes\u00a0<\/span><\/p>\n<p>250gr<\/p>\n<p>Parv\u00e9 \/ Sans lactose<\/p>\n<p dir=\"ltr\" data-font-size=\"15\" data-font-size-type=\"px\" data-line-height=\"21px\">Casher\/cacher le\u2019Pessah\/Pessach\/Pessa\u2019h<\/p>\n<h5><a href=\"https:\/\/en.wikipedia.org\/wiki\/Israel\" rel=\"nofollow noopener\" target=\"_blank\"><strong><em>PRODUIT EN ISRA\u00cbL \u2013 Kinneret Farm, vall\u00e9e du Jourdan<\/em><\/strong><\/a><\/h5>\n<p>&nbsp;<\/p>\n<h5 class=\"alt-font\" style=\"text-align: center;\"><em><strong>Negev Desert \u2013<\/strong>\u00a0Vins et \u00e9picerie fine cacher\/casher de niche d\u2019Isra\u00ebl<\/em><\/h5>\n<h5 class=\"alt-font\" style=\"text-align: center;\"><em><strong>Suisse \u2013\u00a0<\/strong>Gen\u00e8ve \u2013 Zurich \u2013 B\u00e2le<\/em><\/h5>\n<p>&nbsp;<\/p>\n<div style='text-align:left' class='yasr-auto-insert-overall'><\/div><div style='text-align:left' class='yasr-auto-insert-visitor'><!--Yasr Visitor Votes Shortcode--><div id='yasr_visitor_votes_99e134e2a6843' class='yasr-visitor-votes'><div class=\"yasr-custom-text-vv-before yasr-custom-text-vv-before-1260\">Click to rate this post!<\/div><div id='yasr-vv-second-row-container-99e134e2a6843'\r\n                                        class='yasr-vv-second-row-container'><div id='yasr-visitor-votes-rater-99e134e2a6843'\r\n                                      class='yasr-rater-stars-vv'\r\n                                      data-rater-postid='1260'\r\n                                      data-rating='0'\r\n                                      data-rater-starsize='24'\r\n                                      data-rater-readonly='false'\r\n                                      data-rater-nonce='2217b64c0f'\r\n                                      data-issingular='false'\r\n                                    ><\/div><div class=\"yasr-vv-stats-text-container\" id=\"yasr-vv-stats-text-container-99e134e2a6843\"><svg xmlns=\"https:\/\/www.w3.org\/2000\/svg\" width=\"20\" height=\"20\"\r\n                                   class=\"yasr-dashicons-visitor-stats\"\r\n                                   data-postid=\"1260\"\r\n                                   id=\"yasr-stats-dashicon-99e134e2a6843\">\r\n                                   <path d=\"M18 18v-16h-4v16h4zM12 18v-11h-4v11h4zM6 18v-8h-4v8h4z\"><\/path>\r\n                               <\/svg><span id=\"yasr-vv-text-container-99e134e2a6843\" class=\"yasr-vv-text-container\">[Total: <span id=\"yasr-vv-votes-number-container-99e134e2a6843\">0<\/span>  Average: <span id=\"yasr-vv-average-container-99e134e2a6843\">0<\/span>]<\/span><\/div><div id='yasr-vv-loader-99e134e2a6843' class='yasr-vv-container-loader'><\/div><\/div><div id='yasr-vv-bottom-container-99e134e2a6843' class='yasr-vv-bottom-container'><\/div><\/div><!--End Yasr Visitor Votes Shortcode--><\/div>","protected":false},"excerpt":{"rendered":"<p>VEGAN<br \/>\n250gr<\/p>\n<p>Cacher le&rsquo;Pessah<\/p>\n<h5 class=\"alt-font\"><\/h5>\n","protected":false},"featured_media":8907,"comment_status":"open","ping_status":"closed","template":"","meta":{"yasr_overall_rating":0,"yasr_post_is_review":"","yasr_auto_insert_disabled":"","yasr_review_type":""},"product_brand":[],"product_cat":[58],"product_tag":[],"class_list":{"0":"post-1260","1":"product","2":"type-product","3":"status-publish","4":"has-post-thumbnail","6":"product_cat-sucre","8":"first","9":"outofstock","10":"shipping-taxable","11":"purchasable","12":"product-type-simple"},"acf":[],"yasr_visitor_votes":{"stars_attributes":{"read_only":false,"span_bottom":false},"number_of_votes":0,"sum_votes":0},"_links":{"self":[{"href":"https:\/\/negevdesert.ch\/fr\/wp-json\/wp\/v2\/product\/1260","targetHints":{"allow":["GET"]}}],"collection":[{"href":"https:\/\/negevdesert.ch\/fr\/wp-json\/wp\/v2\/product"}],"about":[{"href":"https:\/\/negevdesert.ch\/fr\/wp-json\/wp\/v2\/types\/product"}],"replies":[{"embeddable":true,"href":"https:\/\/negevdesert.ch\/fr\/wp-json\/wp\/v2\/comments?post=1260"}],"wp:featuredmedia":[{"embeddable":true,"href":"https:\/\/negevdesert.ch\/fr\/wp-json\/wp\/v2\/media\/8907"}],"wp:attachment":[{"href":"https:\/\/negevdesert.ch\/fr\/wp-json\/wp\/v2\/media?parent=1260"}],"wp:term":[{"taxonomy":"product_brand","embeddable":true,"href":"https:\/\/negevdesert.ch\/fr\/wp-json\/wp\/v2\/product_brand?post=1260"},{"taxonomy":"product_cat","embeddable":true,"href":"https:\/\/negevdesert.ch\/fr\/wp-json\/wp\/v2\/product_cat?post=1260"},{"taxonomy":"product_tag","embeddable":true,"href":"https:\/\/negevdesert.ch\/fr\/wp-json\/wp\/v2\/product_tag?post=1260"}],"curies":[{"name":"wp","href":"https:\/\/api.w.org\/{rel}","templated":true}]}}