{"id":1108,"date":"2019-01-06T12:51:41","date_gmt":"2019-01-06T10:51:41","guid":{"rendered":"http:\/\/negevdesert.ch\/?post_type=product&#038;p=1108"},"modified":"2026-03-29T16:01:42","modified_gmt":"2026-03-29T14:01:42","slug":"moshav-huile-dolive-extra-vierge-israel-cacher-epicerie-fine-2","status":"publish","type":"product","link":"https:\/\/negevdesert.ch\/fr\/produit\/moshav-huile-dolive-extra-vierge-israel-cacher-epicerie-fine-2\/","title":{"rendered":"\u00ab\u00a0Moshav\u00a0\u00bb Huile d&rsquo;olive extra vierge"},"content":{"rendered":"<h3 class=\"uppercase\"><span class=\"fancy-underline\" style=\"color: #f99b1c;\"><strong>MOSHAV<\/strong><\/span><\/h3>\n<p class=\"uppercase\"><span style=\"color: #00aae7;\"><strong><span style=\"font-size: 120%;\"><em>OLIVE OIL<br \/>\n<\/em><\/span><\/strong><\/span><\/p>\n<p>250ml<\/p>\n<p>Cette huile d\u2019olive est unique car seulement 1000 oliviers sont utilis\u00e9s pour la produire. Elle est r\u00e9colt\u00e9e \u00e0 la main par la famille Simhoni du moshav Bnei Hatarot au centre d\u2019Isra\u00ebl. Ce moshav exploite les olives isra\u00e9liennes Barnea.<\/p>\n<p><strong>Acidit\u00e9 maximale 0.5 %<\/strong><\/p>\n<p>Sans Pesticide et sans engrais<\/p>\n<p><em>Cacher le\u2019Pessah<\/em><\/p>\n<h5 class=\"alt-font\" style=\"text-align: center;\"><em><strong>Negev Desert<\/strong> \u2013 Vins et Epicerie fine cacher\/casher d&rsquo;Isra\u00ebl\u00a0<\/em><br \/>\n<em><strong>Suisse<\/strong> \u2013 Gen\u00e8ve \u2013 Z\u00fcrich \u2013 B\u00e2le<\/em><\/h5>\n<div style='text-align:left' class='yasr-auto-insert-overall'><\/div><div style='text-align:left' class='yasr-auto-insert-visitor'><!--Yasr Visitor Votes Shortcode--><div id='yasr_visitor_votes_99f9900f836da' class='yasr-visitor-votes'><div class=\"yasr-custom-text-vv-before yasr-custom-text-vv-before-1108\">Click to rate this post!<\/div><div id='yasr-vv-second-row-container-99f9900f836da'\r\n                                        class='yasr-vv-second-row-container'><div id='yasr-visitor-votes-rater-99f9900f836da'\r\n                                      class='yasr-rater-stars-vv'\r\n                                      data-rater-postid='1108'\r\n                                      data-rating='0'\r\n                                      data-rater-starsize='24'\r\n                                      data-rater-readonly='false'\r\n                                      data-rater-nonce='31f212ff2e'\r\n                                      data-issingular='false'\r\n                                    ><\/div><div class=\"yasr-vv-stats-text-container\" id=\"yasr-vv-stats-text-container-99f9900f836da\"><svg xmlns=\"https:\/\/www.w3.org\/2000\/svg\" width=\"20\" height=\"20\"\r\n                                   class=\"yasr-dashicons-visitor-stats\"\r\n                                   data-postid=\"1108\"\r\n                                   id=\"yasr-stats-dashicon-99f9900f836da\">\r\n                                   <path d=\"M18 18v-16h-4v16h4zM12 18v-11h-4v11h4zM6 18v-8h-4v8h4z\"><\/path>\r\n                               <\/svg><span id=\"yasr-vv-text-container-99f9900f836da\" class=\"yasr-vv-text-container\">[Total: <span id=\"yasr-vv-votes-number-container-99f9900f836da\">0<\/span>  Average: <span id=\"yasr-vv-average-container-99f9900f836da\">0<\/span>]<\/span><\/div><div id='yasr-vv-loader-99f9900f836da' class='yasr-vv-container-loader'><\/div><\/div><div id='yasr-vv-bottom-container-99f9900f836da' class='yasr-vv-bottom-container'><\/div><\/div><!--End Yasr Visitor Votes Shortcode--><\/div>","protected":false},"excerpt":{"rendered":"<h4><strong>MOSHAV <\/strong><\/h4>\n<p><strong>Huile d\u2019olive extra vierge d\u2019Isra\u00ebl<\/strong><\/p>\n<p>250ml<\/p>\n","protected":false},"featured_media":8760,"comment_status":"open","ping_status":"closed","template":"","meta":{"yasr_overall_rating":0,"yasr_post_is_review":"","yasr_auto_insert_disabled":"","yasr_review_type":""},"product_brand":[],"product_cat":[50,52],"product_tag":[137],"class_list":{"0":"post-1108","1":"product","2":"type-product","3":"status-publish","4":"has-post-thumbnail","6":"product_cat-huile-dolive","7":"product_cat-magasin-en-ligne-casher-pessah","8":"product_tag-vin-cacher","10":"first","11":"instock","12":"shipping-taxable","13":"purchasable","14":"product-type-simple"},"acf":[],"yasr_visitor_votes":{"stars_attributes":{"read_only":false,"span_bottom":false},"number_of_votes":0,"sum_votes":0},"_links":{"self":[{"href":"https:\/\/negevdesert.ch\/fr\/wp-json\/wp\/v2\/product\/1108","targetHints":{"allow":["GET"]}}],"collection":[{"href":"https:\/\/negevdesert.ch\/fr\/wp-json\/wp\/v2\/product"}],"about":[{"href":"https:\/\/negevdesert.ch\/fr\/wp-json\/wp\/v2\/types\/product"}],"replies":[{"embeddable":true,"href":"https:\/\/negevdesert.ch\/fr\/wp-json\/wp\/v2\/comments?post=1108"}],"wp:featuredmedia":[{"embeddable":true,"href":"https:\/\/negevdesert.ch\/fr\/wp-json\/wp\/v2\/media\/8760"}],"wp:attachment":[{"href":"https:\/\/negevdesert.ch\/fr\/wp-json\/wp\/v2\/media?parent=1108"}],"wp:term":[{"taxonomy":"product_brand","embeddable":true,"href":"https:\/\/negevdesert.ch\/fr\/wp-json\/wp\/v2\/product_brand?post=1108"},{"taxonomy":"product_cat","embeddable":true,"href":"https:\/\/negevdesert.ch\/fr\/wp-json\/wp\/v2\/product_cat?post=1108"},{"taxonomy":"product_tag","embeddable":true,"href":"https:\/\/negevdesert.ch\/fr\/wp-json\/wp\/v2\/product_tag?post=1108"}],"curies":[{"name":"wp","href":"https:\/\/api.w.org\/{rel}","templated":true}]}}