{"id":10160,"date":"2024-10-15T14:40:25","date_gmt":"2024-10-15T12:40:25","guid":{"rendered":"https:\/\/negevdesert.ch\/?post_type=product&#038;p=10160"},"modified":"2024-11-05T09:02:14","modified_gmt":"2024-11-05T08:02:14","slug":"vranken-demoiselle-champagne","status":"publish","type":"product","link":"https:\/\/negevdesert.ch\/fr\/produit\/vranken-demoiselle-champagne\/","title":{"rendered":"Vranken DEMOISELLE &#8211; Champagne + Coffret"},"content":{"rendered":"<p>Le Champagne Demoiselle de Vranken T\u00eate de Cuv\u00e9e Extra Ordinaire E.O. est une s\u00e9lection de raisins issus des meilleures parcelles avec une majorit\u00e9 de Chardonnay. Ce champagne qui f\u00eate ses 25 ans, marque les esprits par son design original, r\u00e9solument novateur, et le palais des d\u00e9gustateurs par ses qualit\u00e9s gustatives, qui versent plus vers la d\u00e9licatesse que vers la puissance. C\u2019est une \u00c2\u00ab t\u00eate de cuv\u00e9e \u00c2\u00bb, c\u2019est-\u00e0-dire que les jus les plus fins et fruit\u00e9s ont \u00e9t\u00e9 s\u00e9lectionn\u00e9s pour constituer cette cuv\u00e9e qu\u2019on ne retrouve que chez les connaisseurs. La couleur jaune-vert p\u00e2le de ce vin s\u00e9duit imm\u00e9diatement l\u2019\u00c5\u201cil, attestant de la pr\u00e9sence de chardonnay dans l\u2019assemblage. Sa clart\u00e9 brillante donne une d\u00e9finition aux bulles scintillantes qui s\u2019\u00e9l\u00e8vent sans cesse dans le verre.<\/p>\n<p>Champgane Cacher<\/p>\n<div style='text-align:left' class='yasr-auto-insert-overall'><\/div><div style='text-align:left' class='yasr-auto-insert-visitor'><!--Yasr Visitor Votes Shortcode--><div id='yasr_visitor_votes_f129684686cf7' class='yasr-visitor-votes'><div class=\"yasr-custom-text-vv-before yasr-custom-text-vv-before-10160\">Click to rate this post!<\/div><div id='yasr-vv-second-row-container-f129684686cf7'\r\n                                        class='yasr-vv-second-row-container'><div id='yasr-visitor-votes-rater-f129684686cf7'\r\n                                      class='yasr-rater-stars-vv'\r\n                                      data-rater-postid='10160'\r\n                                      data-rating='0'\r\n                                      data-rater-starsize='24'\r\n                                      data-rater-readonly='false'\r\n                                      data-rater-nonce='31f212ff2e'\r\n                                      data-issingular='false'\r\n                                    ><\/div><div class=\"yasr-vv-stats-text-container\" id=\"yasr-vv-stats-text-container-f129684686cf7\"><svg xmlns=\"https:\/\/www.w3.org\/2000\/svg\" width=\"20\" height=\"20\"\r\n                                   class=\"yasr-dashicons-visitor-stats\"\r\n                                   data-postid=\"10160\"\r\n                                   id=\"yasr-stats-dashicon-f129684686cf7\">\r\n                                   <path d=\"M18 18v-16h-4v16h4zM12 18v-11h-4v11h4zM6 18v-8h-4v8h4z\"><\/path>\r\n                               <\/svg><span id=\"yasr-vv-text-container-f129684686cf7\" class=\"yasr-vv-text-container\">[Total: <span id=\"yasr-vv-votes-number-container-f129684686cf7\">0<\/span>  Average: <span id=\"yasr-vv-average-container-f129684686cf7\">0<\/span>]<\/span><\/div><div id='yasr-vv-loader-f129684686cf7' class='yasr-vv-container-loader'><\/div><\/div><div id='yasr-vv-bottom-container-f129684686cf7' class='yasr-vv-bottom-container'><\/div><\/div><!--End Yasr Visitor Votes Shortcode--><\/div>","protected":false},"excerpt":{"rendered":"<p>Chardonnay, Pinot Noir &amp; Le Pinot Meunier<\/p>\n<p>Champagne Cacher\u00a0 &#8211; Prestige<\/p>\n","protected":false},"featured_media":10204,"comment_status":"open","ping_status":"closed","template":"","meta":{"yasr_overall_rating":0,"yasr_post_is_review":"","yasr_auto_insert_disabled":"","yasr_review_type":""},"product_brand":[],"product_cat":[62],"product_tag":[],"class_list":{"0":"post-10160","1":"product","2":"type-product","3":"status-publish","4":"has-post-thumbnail","6":"product_cat-negev-desert-champagne-cacher-casher-geneve-suisse","8":"first","9":"instock","10":"shipping-taxable","11":"purchasable","12":"product-type-simple"},"acf":[],"yasr_visitor_votes":{"stars_attributes":{"read_only":false,"span_bottom":false},"number_of_votes":0,"sum_votes":0},"_links":{"self":[{"href":"https:\/\/negevdesert.ch\/fr\/wp-json\/wp\/v2\/product\/10160","targetHints":{"allow":["GET"]}}],"collection":[{"href":"https:\/\/negevdesert.ch\/fr\/wp-json\/wp\/v2\/product"}],"about":[{"href":"https:\/\/negevdesert.ch\/fr\/wp-json\/wp\/v2\/types\/product"}],"replies":[{"embeddable":true,"href":"https:\/\/negevdesert.ch\/fr\/wp-json\/wp\/v2\/comments?post=10160"}],"wp:featuredmedia":[{"embeddable":true,"href":"https:\/\/negevdesert.ch\/fr\/wp-json\/wp\/v2\/media\/10204"}],"wp:attachment":[{"href":"https:\/\/negevdesert.ch\/fr\/wp-json\/wp\/v2\/media?parent=10160"}],"wp:term":[{"taxonomy":"product_brand","embeddable":true,"href":"https:\/\/negevdesert.ch\/fr\/wp-json\/wp\/v2\/product_brand?post=10160"},{"taxonomy":"product_cat","embeddable":true,"href":"https:\/\/negevdesert.ch\/fr\/wp-json\/wp\/v2\/product_cat?post=10160"},{"taxonomy":"product_tag","embeddable":true,"href":"https:\/\/negevdesert.ch\/fr\/wp-json\/wp\/v2\/product_tag?post=10160"}],"curies":[{"name":"wp","href":"https:\/\/api.w.org\/{rel}","templated":true}]}}