{"id":10137,"date":"2024-10-10T16:18:53","date_gmt":"2024-10-10T14:18:53","guid":{"rendered":"https:\/\/negevdesert.ch\/?post_type=product&#038;p=10137"},"modified":"2024-10-28T10:59:32","modified_gmt":"2024-10-28T09:59:32","slug":"pommery-champagne-cacher","status":"publish","type":"product","link":"https:\/\/negevdesert.ch\/fr\/produit\/pommery-champagne-cacher\/","title":{"rendered":"POMMERY Royal Brut &#8211; Champagne"},"content":{"rendered":"<h4 class=\"uppercase\"><span class=\"fancy-underline\" style=\"color: #f99b1c;\">pommery Champagne<\/span><\/h4>\n<div class=\"product-name\">\n<p><b>Couleur :<\/b> Blanc<\/p>\n<\/div>\n<p><strong>Alcool<\/strong> : 12%<\/p>\n<p><strong>Taille<\/strong> : 750ml<\/p>\n<p>Pommery Brut Royal est la cuv\u00e9e embl\u00e9matique de la maison Pommery, le coeur du style Pommery avec ces ma\u00eetres-mots :\u00a0fra\u00eecheur, vivacit\u00e9, finesse.<\/p>\n<p>Il est issu d\u2019un assemblage traditionnel champenois compos\u00e9 de Chardonnay, de Pinot Noir et de Pinot Meunier.<\/p>\n<p>En provenance de 40 villages s\u00e9lectionn\u00e9s de la C\u00f4te des Blancs et de la Montagne de Reims et d\u2019autres r\u00e9gions champenoises o\u00f9 le climat contribue \u00e0 la vivacit\u00e9 et \u00e0 la d\u00e9licatesse du raisin.<\/p>\n<p>&nbsp;<\/p>\n<p>Champagne Cacher<\/p>\n<p>&nbsp;<\/p>\n<div class=\"woocommerce-tabs container tabbed-content\">\n<div class=\"tab-panels\">\n<div id=\"tab-description\" class=\"panel entry-content active\">\n<h5 class=\"alt-font\" style=\"text-align: center;\">Negev Desert \u2013 Vins, Champagne et \u00e9picerie fine cacher\/casher<br \/>\nSuisse \u2013 Gen\u00e8ve \u2013 Zurich \u2013 B\u00e2le<\/h5>\n<\/div>\n<\/div>\n<\/div>\n<div style='text-align:left' class='yasr-auto-insert-overall'><\/div><div style='text-align:left' class='yasr-auto-insert-visitor'><!--Yasr Visitor Votes Shortcode--><div id='yasr_visitor_votes_7e966896d08dc' class='yasr-visitor-votes'><div class=\"yasr-custom-text-vv-before yasr-custom-text-vv-before-10137\">Click to rate this post!<\/div><div id='yasr-vv-second-row-container-7e966896d08dc'\r\n                                        class='yasr-vv-second-row-container'><div id='yasr-visitor-votes-rater-7e966896d08dc'\r\n                                      class='yasr-rater-stars-vv'\r\n                                      data-rater-postid='10137'\r\n                                      data-rating='0'\r\n                                      data-rater-starsize='24'\r\n                                      data-rater-readonly='false'\r\n                                      data-rater-nonce='2217b64c0f'\r\n                                      data-issingular='false'\r\n                                    ><\/div><div class=\"yasr-vv-stats-text-container\" id=\"yasr-vv-stats-text-container-7e966896d08dc\"><svg xmlns=\"https:\/\/www.w3.org\/2000\/svg\" width=\"20\" height=\"20\"\r\n                                   class=\"yasr-dashicons-visitor-stats\"\r\n                                   data-postid=\"10137\"\r\n                                   id=\"yasr-stats-dashicon-7e966896d08dc\">\r\n                                   <path d=\"M18 18v-16h-4v16h4zM12 18v-11h-4v11h4zM6 18v-8h-4v8h4z\"><\/path>\r\n                               <\/svg><span id=\"yasr-vv-text-container-7e966896d08dc\" class=\"yasr-vv-text-container\">[Total: <span id=\"yasr-vv-votes-number-container-7e966896d08dc\">0<\/span>  Average: <span id=\"yasr-vv-average-container-7e966896d08dc\">0<\/span>]<\/span><\/div><div id='yasr-vv-loader-7e966896d08dc' class='yasr-vv-container-loader'><\/div><\/div><div id='yasr-vv-bottom-container-7e966896d08dc' class='yasr-vv-bottom-container'><\/div><\/div><!--End Yasr Visitor Votes Shortcode--><\/div>","protected":false},"excerpt":{"rendered":"<p>Chardonnay, Pinot Noir &amp; Pinot Meunier.<\/p>\n<p>Champagne Premium Casher<\/p>\n","protected":false},"featured_media":10144,"comment_status":"open","ping_status":"closed","template":"","meta":{"yasr_overall_rating":0,"yasr_post_is_review":"","yasr_auto_insert_disabled":"","yasr_review_type":""},"product_brand":[],"product_cat":[62],"product_tag":[175,238,137],"class_list":{"0":"post-10137","1":"product","2":"type-product","3":"status-publish","4":"has-post-thumbnail","6":"product_cat-negev-desert-champagne-cacher-casher-geneve-suisse","7":"product_tag-cacher-lepessah","8":"product_tag-magasin-casher-en-ligne","9":"product_tag-vin-cacher","11":"first","12":"instock","13":"shipping-taxable","14":"purchasable","15":"product-type-simple"},"acf":[],"yasr_visitor_votes":{"stars_attributes":{"read_only":false,"span_bottom":false},"number_of_votes":0,"sum_votes":0},"_links":{"self":[{"href":"https:\/\/negevdesert.ch\/fr\/wp-json\/wp\/v2\/product\/10137","targetHints":{"allow":["GET"]}}],"collection":[{"href":"https:\/\/negevdesert.ch\/fr\/wp-json\/wp\/v2\/product"}],"about":[{"href":"https:\/\/negevdesert.ch\/fr\/wp-json\/wp\/v2\/types\/product"}],"replies":[{"embeddable":true,"href":"https:\/\/negevdesert.ch\/fr\/wp-json\/wp\/v2\/comments?post=10137"}],"wp:featuredmedia":[{"embeddable":true,"href":"https:\/\/negevdesert.ch\/fr\/wp-json\/wp\/v2\/media\/10144"}],"wp:attachment":[{"href":"https:\/\/negevdesert.ch\/fr\/wp-json\/wp\/v2\/media?parent=10137"}],"wp:term":[{"taxonomy":"product_brand","embeddable":true,"href":"https:\/\/negevdesert.ch\/fr\/wp-json\/wp\/v2\/product_brand?post=10137"},{"taxonomy":"product_cat","embeddable":true,"href":"https:\/\/negevdesert.ch\/fr\/wp-json\/wp\/v2\/product_cat?post=10137"},{"taxonomy":"product_tag","embeddable":true,"href":"https:\/\/negevdesert.ch\/fr\/wp-json\/wp\/v2\/product_tag?post=10137"}],"curies":[{"name":"wp","href":"https:\/\/api.w.org\/{rel}","templated":true}]}}