{"id":604,"date":"2018-12-10T09:57:58","date_gmt":"2018-12-10T07:57:58","guid":{"rendered":"http:\/\/negevdesert.ch\/?page_id=604"},"modified":"2020-04-13T15:50:21","modified_gmt":"2020-04-13T13:50:21","slug":"a-propos-de-nous","status":"publish","type":"page","link":"https:\/\/negevdesert.ch\/fr\/a-propos-de-nous\/","title":{"rendered":"Negev Desert"},"content":{"rendered":"\n<p><\/p>\n\n\n\n<p><\/p>\n\n\n\n<p><\/p>\n\n\n\n<p>TOUS NOS PRODUITS SONT CACHER!<\/p>\n\n\n\n<p>\u00ab\u00a0Negev Desert\u00a0\u00bb est un magasin en-ligne de produits isra\u00e9liens, jeune et dynamique, cr\u00e9\u00e9e en 2014 \u00e0 Gen\u00e8ve, en Suisse. Notre objectif est de partager avec notre client\u00e8le notre connaissance des diff\u00e9rentes r\u00e9gions d&rsquo;Isra\u00ebl telles que la Galil\u00e9e, J\u00e9rusalem, Bersheva, et d&rsquo;autres <a href=\"https:\/\/fr.wikipedia.org\/wiki\/Kibboutz\" rel=\"nofollow noopener\" target=\"_blank\">kibboutz<\/a>\/<a href=\"https:\/\/fr.wikipedia.org\/wiki\/Moshav\" rel=\"nofollow noopener\" target=\"_blank\">Moshav<\/a> \u00e0 travers le pays, ainsi que notre amour du vin et des produits d&rsquo;\u00e9picerie fine haut-de-gamme. Nous souhaitons partager avec nos clients l&rsquo;excellence des produits isra\u00e9liens haut de gamme, en particulier de la r\u00e9gion du d\u00e9sert. Nous nous consacrons \u00e0 la d\u00e9couverte de produits nouveaux et exceptionnels, sp\u00e9cifiquement le vin de la r\u00e9gion du N\u00e9guev qui est unique en son genre.<br>\u00ab\u00a0Negev Desert\u00a0\u00bb garantit que tous nos produits sont de la plus haute qualit\u00e9. Nous sommes fiers de pouvoir offrir au peuple suisse l&rsquo;occasion de d\u00e9couvrir le go\u00fbt de la Terre Sainte.<\/p>\n\n\n\n<p><strong>Tous nos produits sont uniques, casher et import\u00e9s exclusivement en Suisse par \u00ab\u00a0Negev Desert\u00a0\u00bb. Livraison dans toute la Suisse. <\/strong><\/p>\n\n\n<p><\/p>\n<p><!--StartFragment--><\/p>\n\n\n<p><\/p>\n\n\n\n<p><br><\/p>\n\n\n<p><!--EndFragment--><\/p>\n<p><\/p>\n<p><!--StartFragment--><\/p>\n<p><!--EndFragment--><\/p>\n<p><\/p>\n\n\n<p><\/p>\n<div style='text-align:left' class='yasr-auto-insert-overall'><\/div><div style='text-align:left' class='yasr-auto-insert-visitor'><!--Yasr Visitor Votes Shortcode--><div id='yasr_visitor_votes_92f64f1cfd0b8' class='yasr-visitor-votes'><div class=\"yasr-custom-text-vv-before yasr-custom-text-vv-before-604\">Click to rate this post!<\/div><div id='yasr-vv-second-row-container-92f64f1cfd0b8'\r\n                                        class='yasr-vv-second-row-container'><div id='yasr-visitor-votes-rater-92f64f1cfd0b8'\r\n                                      class='yasr-rater-stars-vv'\r\n                                      data-rater-postid='604'\r\n                                      data-rating='0'\r\n                                      data-rater-starsize='24'\r\n                                      data-rater-readonly='false'\r\n                                      data-rater-nonce='2217b64c0f'\r\n                                      data-issingular='false'\r\n                                    ><\/div><div class=\"yasr-vv-stats-text-container\" id=\"yasr-vv-stats-text-container-92f64f1cfd0b8\"><svg xmlns=\"https:\/\/www.w3.org\/2000\/svg\" width=\"20\" height=\"20\"\r\n                                   class=\"yasr-dashicons-visitor-stats\"\r\n                                   data-postid=\"604\"\r\n                                   id=\"yasr-stats-dashicon-92f64f1cfd0b8\">\r\n                                   <path d=\"M18 18v-16h-4v16h4zM12 18v-11h-4v11h4zM6 18v-8h-4v8h4z\"><\/path>\r\n                               <\/svg><span id=\"yasr-vv-text-container-92f64f1cfd0b8\" class=\"yasr-vv-text-container\">[Total: <span id=\"yasr-vv-votes-number-container-92f64f1cfd0b8\">0<\/span>  Average: <span id=\"yasr-vv-average-container-92f64f1cfd0b8\">0<\/span>]<\/span><\/div><div id='yasr-vv-loader-92f64f1cfd0b8' class='yasr-vv-container-loader'><\/div><\/div><div id='yasr-vv-bottom-container-92f64f1cfd0b8' class='yasr-vv-bottom-container'><\/div><\/div><!--End Yasr Visitor Votes Shortcode--><\/div>","protected":false},"excerpt":{"rendered":"<p>TOUS NOS PRODUITS SONT CACHER! \u00ab\u00a0Negev Desert\u00a0\u00bb est un magasin en-ligne de produits isra\u00e9liens, jeune et dynamique, cr\u00e9\u00e9e en 2014 \u00e0 Gen\u00e8ve, en Suisse. Notre objectif est de partager avec notre client\u00e8le notre connaissance des diff\u00e9rentes r\u00e9gions d&rsquo;Isra\u00ebl telles que la Galil\u00e9e, J\u00e9rusalem, Bersheva, et d&rsquo;autres kibboutz\/Moshav \u00e0 travers le pays, ainsi que notre amour [&#8230;]\n","protected":false},"author":1,"featured_media":0,"parent":0,"menu_order":0,"comment_status":"closed","ping_status":"closed","template":"","meta":{"yasr_overall_rating":0,"yasr_post_is_review":"","yasr_auto_insert_disabled":"","yasr_review_type":"","footnotes":""},"class_list":["post-604","page","type-page","status-publish","hentry"],"acf":[],"yasr_visitor_votes":{"stars_attributes":{"read_only":false,"span_bottom":false},"number_of_votes":0,"sum_votes":0},"_links":{"self":[{"href":"https:\/\/negevdesert.ch\/fr\/wp-json\/wp\/v2\/pages\/604","targetHints":{"allow":["GET"]}}],"collection":[{"href":"https:\/\/negevdesert.ch\/fr\/wp-json\/wp\/v2\/pages"}],"about":[{"href":"https:\/\/negevdesert.ch\/fr\/wp-json\/wp\/v2\/types\/page"}],"author":[{"embeddable":true,"href":"https:\/\/negevdesert.ch\/fr\/wp-json\/wp\/v2\/users\/1"}],"replies":[{"embeddable":true,"href":"https:\/\/negevdesert.ch\/fr\/wp-json\/wp\/v2\/comments?post=604"}],"version-history":[{"count":12,"href":"https:\/\/negevdesert.ch\/fr\/wp-json\/wp\/v2\/pages\/604\/revisions"}],"predecessor-version":[{"id":8182,"href":"https:\/\/negevdesert.ch\/fr\/wp-json\/wp\/v2\/pages\/604\/revisions\/8182"}],"wp:attachment":[{"href":"https:\/\/negevdesert.ch\/fr\/wp-json\/wp\/v2\/media?parent=604"}],"curies":[{"name":"wp","href":"https:\/\/api.w.org\/{rel}","templated":true}]}}