{"id":1116,"date":"2019-01-06T13:05:52","date_gmt":"2019-01-06T11:05:52","guid":{"rendered":"http:\/\/negevdesert.ch\/where-to-find-our-products\/"},"modified":"2020-03-26T23:07:35","modified_gmt":"2020-03-26T21:07:35","slug":"ou-nous-trouver","status":"publish","type":"page","link":"https:\/\/negevdesert.ch\/fr\/ou-nous-trouver\/","title":{"rendered":"O\u00d9 TROUVER NOS PRODUITS"},"content":{"rendered":"\n<h1><b>O\u00d9 TROUVER NOS PRODUITS CASHER:<\/b><\/h1>\n\n\n\n<ul class=\"wp-block-list\"><li>MANOR Gen\u00e8ve \u2013 Rue de Cornavin 6, 1201 Gen\u00e8ve<\/li><li>MANOR Vesenaz \u2013 Route de Thonon 40, 1222 Vesenaz<\/li><li>MANOR Chavannes \u2013 Chemin Industriel, 1279 Chavannes-de-Bogis<\/li><li>MANOR Lausanne &#8211; Rue Pichard 3, 1003 Lausanne<\/li><li>La Shoperie &#8211; Route de Malagnou 27, 1208 Gen\u00e8ve<\/li><li>Vinoth\u00e8que SA -Route de Florissant 78, 1206 Gen\u00e8ve<\/li><li>Butcher by Greg (Kolbo)- Avenue Juste-Olivier 7, 1006 Lausanne<\/li><\/ul>\n<div style='text-align:left' class='yasr-auto-insert-overall'><\/div><div style='text-align:left' class='yasr-auto-insert-visitor'><!--Yasr Visitor Votes Shortcode--><div id='yasr_visitor_votes_bf9fe40d6eff4' class='yasr-visitor-votes'><div class=\"yasr-custom-text-vv-before yasr-custom-text-vv-before-1116\">Click to rate this post!<\/div><div id='yasr-vv-second-row-container-bf9fe40d6eff4'\r\n                                        class='yasr-vv-second-row-container'><div id='yasr-visitor-votes-rater-bf9fe40d6eff4'\r\n                                      class='yasr-rater-stars-vv'\r\n                                      data-rater-postid='1116'\r\n                                      data-rating='0'\r\n                                      data-rater-starsize='24'\r\n                                      data-rater-readonly='false'\r\n                                      data-rater-nonce='2217b64c0f'\r\n                                      data-issingular='false'\r\n                                    ><\/div><div class=\"yasr-vv-stats-text-container\" id=\"yasr-vv-stats-text-container-bf9fe40d6eff4\"><svg xmlns=\"https:\/\/www.w3.org\/2000\/svg\" width=\"20\" height=\"20\"\r\n                                   class=\"yasr-dashicons-visitor-stats\"\r\n                                   data-postid=\"1116\"\r\n                                   id=\"yasr-stats-dashicon-bf9fe40d6eff4\">\r\n                                   <path d=\"M18 18v-16h-4v16h4zM12 18v-11h-4v11h4zM6 18v-8h-4v8h4z\"><\/path>\r\n                               <\/svg><span id=\"yasr-vv-text-container-bf9fe40d6eff4\" class=\"yasr-vv-text-container\">[Total: <span id=\"yasr-vv-votes-number-container-bf9fe40d6eff4\">0<\/span>  Average: <span id=\"yasr-vv-average-container-bf9fe40d6eff4\">0<\/span>]<\/span><\/div><div id='yasr-vv-loader-bf9fe40d6eff4' class='yasr-vv-container-loader'><\/div><\/div><div id='yasr-vv-bottom-container-bf9fe40d6eff4' class='yasr-vv-bottom-container'><\/div><\/div><!--End Yasr Visitor Votes Shortcode--><\/div>","protected":false},"excerpt":{"rendered":"<p>O\u00d9 TROUVER NOS PRODUITS CASHER: MANOR Gen\u00e8ve \u2013 Rue de Cornavin 6, 1201 Gen\u00e8ve MANOR Vesenaz \u2013 Route de Thonon 40, 1222 Vesenaz MANOR Chavannes \u2013 Chemin Industriel, 1279 Chavannes-de-Bogis MANOR Lausanne &#8211; Rue Pichard 3, 1003 Lausanne La Shoperie &#8211; Route de Malagnou 27, 1208 Gen\u00e8ve Vinoth\u00e8que SA -Route de Florissant 78, 1206 Gen\u00e8ve [&#8230;]\n","protected":false},"author":1,"featured_media":0,"parent":0,"menu_order":0,"comment_status":"closed","ping_status":"closed","template":"","meta":{"yasr_overall_rating":0,"yasr_post_is_review":"","yasr_auto_insert_disabled":"","yasr_review_type":"","footnotes":""},"class_list":["post-1116","page","type-page","status-publish","hentry"],"acf":[],"yasr_visitor_votes":{"stars_attributes":{"read_only":false,"span_bottom":false},"number_of_votes":0,"sum_votes":0},"_links":{"self":[{"href":"https:\/\/negevdesert.ch\/fr\/wp-json\/wp\/v2\/pages\/1116","targetHints":{"allow":["GET"]}}],"collection":[{"href":"https:\/\/negevdesert.ch\/fr\/wp-json\/wp\/v2\/pages"}],"about":[{"href":"https:\/\/negevdesert.ch\/fr\/wp-json\/wp\/v2\/types\/page"}],"author":[{"embeddable":true,"href":"https:\/\/negevdesert.ch\/fr\/wp-json\/wp\/v2\/users\/1"}],"replies":[{"embeddable":true,"href":"https:\/\/negevdesert.ch\/fr\/wp-json\/wp\/v2\/comments?post=1116"}],"version-history":[{"count":5,"href":"https:\/\/negevdesert.ch\/fr\/wp-json\/wp\/v2\/pages\/1116\/revisions"}],"predecessor-version":[{"id":7957,"href":"https:\/\/negevdesert.ch\/fr\/wp-json\/wp\/v2\/pages\/1116\/revisions\/7957"}],"wp:attachment":[{"href":"https:\/\/negevdesert.ch\/fr\/wp-json\/wp\/v2\/media?parent=1116"}],"curies":[{"name":"wp","href":"https:\/\/api.w.org\/{rel}","templated":true}]}}