{"id":10035,"date":"2024-07-08T07:09:13","date_gmt":"2024-07-08T05:09:13","guid":{"rendered":"https:\/\/negevdesert.ch\/?page_id=10035"},"modified":"2024-07-09T12:27:10","modified_gmt":"2024-07-09T10:27:10","slug":"conditions-generales","status":"publish","type":"page","link":"https:\/\/negevdesert.ch\/fr\/conditions-generales\/","title":{"rendered":"Conditions g\u00e9n\u00e9rales"},"content":{"rendered":"<div class=\"page-container\">\n<h1 class=\"terms-main-heading\"><span style=\"color: #f99b1c;\"><strong>MENTIONS LEGALES<\/strong><\/span><\/h1>\n<div class=\"business-info\">\n<h3>NEGEV DESERT, WEINSTEIN est l\u2019\u00e9diteur du site www.negevdesert.ch.<\/h3>\n<h4><strong>NEGEV DESERT, WEINSTEIN<\/strong><\/h4>\n<p>Chemin Taverney 4<br \/>\n1218 Le Grand-Saconnex \/ Gen\u00e8ve &#8211; Suisse<br \/>\nTel: <a href=\"tel:+41225352968\">+41 (0)22 535 29 68<\/a><br \/>\nE-mail: <a href=\"mailto:contact@negevdesert.ch\">contact@negevdesert.ch<\/a><\/p>\n<\/div>\n<h2 class=\"terms-sec-heading\">Interdiction de vente aux mineurs<\/h2>\n<p class=\"terms-para\">La vente de vin aux personnes de moins de 16 ans est interdite par la loi (18 ans si la commande contient des spiritueux).<br \/>\nEn validant sa commande, le client confirme avoir l\u2019\u00e2ge l\u00e9gal.<\/p>\n<h2 class=\"terms-sec-heading\">Droit de r\u00e9tractation<\/h2>\n<p class=\"terms-para\">L\u2019acheteur ne dispose d\u2019aucun droit de r\u00e9tractation, quel que soit le moyen de paiement choisi et ne peut pas restituer la marchandise command\u00e9e.<\/p>\n<h2 class=\"terms-sec-heading\">Protection des donn\u00e9es<\/h2>\n<p class=\"terms-para\">Toutes les donn\u00e9es priv\u00e9es que vous nous communiquez restent strictement confidentielles et trait\u00e9es en conformit\u00e9s avec le droit suisse.<\/p>\n<h2 class=\"terms-sec-heading\">Propri\u00e9t\u00e9 intellectuelle<\/h2>\n<p class=\"terms-para\">Aucun \u00e9l\u00e9ment du site ne peut \u00eatre reproduit, diffus\u00e9 ou publi\u00e9 enti\u00e8rement ou partiellement<br \/>\nsans autorisation \u00e9crite pr\u00e9alable du Passeur de NEGEV DESERT, WEINSTEIN<br \/>\nL\u2019usage de tout ou partie du site\u00a0www.negevdesert.ch, par t\u00e9l\u00e9chargement, reproduction, transmission, repr\u00e9sentation ou diffusion \u00e0 d\u2019autres fins que votre usage personnel et priv\u00e9 est strictement interdit.<\/p>\n<h1 class=\"terms-main-heading\"><span style=\"color: #f99b1c;\"><strong>CONDITIONS GENERALES DE VENTE<\/strong><\/span><\/h1>\n<h2 class=\"terms-sec-heading\">Prix<\/h2>\n<p class=\"terms-para\">Les prix s\u2019entendent \u00e0 l\u2019unit\u00e9 en francs suisses, TVA incluse (8.1 % ou 2.6%).<\/p>\n<h2 class=\"terms-sec-heading\">Disponibilit\u00e9 des produits<\/h2>\n<ul class=\"terms-list\">\n<li>La liste des produits disponibles est sous r\u00e9serve de vente entre-temps. NEGEV DESERT, WEINSTEIN s\u2019engage en cas d\u2019indisponibilit\u00e9 \u00e0 en informer l\u2019acheteur dans les plus brefs d\u00e9lais.<\/li>\n<li>Nous nous r\u00e9servons le droit de contingenter certains produits disponibles en quantit\u00e9 tr\u00e8s limit\u00e9e.<\/li>\n<\/ul>\n<h2 class=\"terms-sec-heading\">Paiement<\/h2>\n<p class=\"terms-para\">Les commandes sont payables d\u2019avance. Vous pouvez choisir parmi les moyens de paiement propos\u00e9s sur notre site.<br \/>\nLes vins restent la propri\u00e9t\u00e9 de NEGEV DESERT, WEINSTEIN jusqu\u2019au paiement complet de la commande.<\/p>\n<ul class=\"terms-list\">\n<li>Cartes de Cr\u00e9dit\u00a0: lors de l\u2019achat vous \u00eates redirig\u00e9 vers notre partenaire pour effectuer votre r\u00e8glement par carte en toute s\u00e9curit\u00e9, enti\u00e8rement crypt\u00e9 et prot\u00e9g\u00e9.<\/li>\n<li>Sur facture\u00a0: vous pouvez choisir de r\u00e9gler vos achats par virement bancaire. Il est important de noter que ce mode de paiement peut engendrer des d\u00e9lais de livraison plus longs. A r\u00e9ception du r\u00e8glement, votre commande sera pr\u00e9par\u00e9e et une facture acquitt\u00e9e vous sera envoy\u00e9e par mail.<\/li>\n<li>PayPal: lors d&rsquo;un achat via notre compte PayPal sous : contact@negevdesert.ch, vous serez redirig\u00e9 vers notre partenaire afin de s\u00e9curiser votre paiement et vous recevrez un e-mail de confirmation<\/li>\n<li>Twint<\/li>\n<\/ul>\n<div class=\"imp-info\">\n<div class=\"imp-info-inner\">Coordonn\u00e9es bancaires\u00a0: Postfinance SA<br \/>\nAdresse: Mingerstrasse 20, 3030, Bern, Switzerland<br \/>\nAccount Number: 49023197<br \/>\nIBAN: CH0909000000899463136 BIC\/SWIFT: POFICHBEXXX<\/div>\n<\/div>\n<h2 class=\"terms-sec-heading\">Validit\u00e9<\/h2>\n<p class=\"terms-para\">NEGEV DESERT, WEINSTEIN se r\u00e9serve le droit de modifier les prix, l\u2019assortiment et les conditions de vente sans pr\u00e9avis.<\/p>\n<h2 class=\"terms-sec-heading\">Bouteilles d\u00e9fectueuses<\/h2>\n<p class=\"terms-para\">Les vins bouchonn\u00e9s ou d\u00e9fectueux ne seront pas remplac\u00e9s. Les articles d\u00e9fectueux ne seront pas remplac\u00e9s.<\/p>\n<h2 class=\"terms-sec-heading\">Colis endommag\u00e9<\/h2>\n<p class=\"terms-para\">L\u2019int\u00e9gralit\u00e9 des articles doit \u00eatre v\u00e9rifi\u00e9e \u00e0 la r\u00e9ception de la marchandise. En cas d\u2019endommagement, nous vous prions de nous en informer par \u00e9crit dans les 8 jours. Pass\u00e9 ce d\u00e9lai, nous consid\u00e9rons la livraison comme conforme. Nous vous invitions \u00e0 refuser directement un colis qui appara\u00eet endommag\u00e9 aupr\u00e8s de la poste.<\/p>\n<h2 class=\"terms-sec-heading\">Conditions de livraison\u00a0(valable dans toute la Suisse):<\/h2>\n<ul class=\"terms-list\">\n<li>Nous ne pouvons prendre aucun engagement concernant les d\u00e9lais de livraison. Nous faisons de notre mieux pour vous livrer le plus rapidement possible.<\/li>\n<li>Nous ne livrons pas \u00e0 l&rsquo;\u00e9tranger.<\/li>\n<li>Frais de livraison 20CHF par commande. Livraison gratuite \u00e0 partir de 150CHF.<\/li>\n<li>Exp\u00e9dition par notre partenaire postal: Vinolog remis contre signature, le d\u00e9lai de livraison pr\u00e9vu est de 3 \u00e0 5 jours ouvrables apr\u00e8s l&rsquo;envoi de votre commande.<\/li>\n<li>Nous pouvons \u00e9galement \u00eatre amen\u00e9s \u00e0 faire appel \u00e0 un transporteur pour les commandes de grandes quantit\u00e9s.<\/li>\n<li>Livraisons \u00e0 Gen\u00e8ve : vous recevrez un email de confirmation lorsque votre commande sera pr\u00eate pour la livraison, g\u00e9n\u00e9ralement dans les 3 jours ouvrables.<\/li>\n<li>En fonction des tourn\u00e9es pr\u00e9vues, il est possible que votre commande soit d\u00e9pos\u00e9e chez vous par notre livreur. Dans ce cas, nous vous contacterons par t\u00e9l\u00e9phone pour nous assurer de votre pr\u00e9sence.<\/li>\n<\/ul>\n<h2 class=\"terms-sec-heading\">Confirmation de commande\u00a0:<\/h2>\n<p class=\"terms-para\">La vente est conclue une fois que le client a valid\u00e9 son panier d\u2019achat et qu\u2019une confirmation lui a \u00e9t\u00e9 envoy\u00e9e par courriel.<\/p>\n<h2 class=\"terms-sec-heading\">Annulation &amp; remboursement :<\/h2>\n<p class=\"terms-para\">Vous pouvez annuler votre commande pour quelque raison que ce soit jusqu&rsquo;\u00e0 24 heures apr\u00e8s avoir re\u00e7u votre confirmation de commande, \u00e0 condition que votre commande n&rsquo;ait pas encore \u00e9t\u00e9 exp\u00e9di\u00e9e. Nous vous rembourserons le prix de la commande, mais nous vous facturerons des frais de gestion s&rsquo;\u00e9levant \u00e0 5 % du prix total de votre commande.<\/p>\n<\/div>\n<div style='text-align:left' class='yasr-auto-insert-overall'><\/div><div style='text-align:left' class='yasr-auto-insert-visitor'><!--Yasr Visitor Votes Shortcode--><div id='yasr_visitor_votes_000c9d0e19164' class='yasr-visitor-votes'><div class=\"yasr-custom-text-vv-before yasr-custom-text-vv-before-10035\">Click to rate this post!<\/div><div id='yasr-vv-second-row-container-000c9d0e19164'\r\n                                        class='yasr-vv-second-row-container'><div id='yasr-visitor-votes-rater-000c9d0e19164'\r\n                                      class='yasr-rater-stars-vv'\r\n                                      data-rater-postid='10035'\r\n                                      data-rating='0'\r\n                                      data-rater-starsize='24'\r\n                                      data-rater-readonly='false'\r\n                                      data-rater-nonce='2217b64c0f'\r\n                                      data-issingular='false'\r\n                                    ><\/div><div class=\"yasr-vv-stats-text-container\" id=\"yasr-vv-stats-text-container-000c9d0e19164\"><svg xmlns=\"https:\/\/www.w3.org\/2000\/svg\" width=\"20\" height=\"20\"\r\n                                   class=\"yasr-dashicons-visitor-stats\"\r\n                                   data-postid=\"10035\"\r\n                                   id=\"yasr-stats-dashicon-000c9d0e19164\">\r\n                                   <path d=\"M18 18v-16h-4v16h4zM12 18v-11h-4v11h4zM6 18v-8h-4v8h4z\"><\/path>\r\n                               <\/svg><span id=\"yasr-vv-text-container-000c9d0e19164\" class=\"yasr-vv-text-container\">[Total: <span id=\"yasr-vv-votes-number-container-000c9d0e19164\">0<\/span>  Average: <span id=\"yasr-vv-average-container-000c9d0e19164\">0<\/span>]<\/span><\/div><div id='yasr-vv-loader-000c9d0e19164' class='yasr-vv-container-loader'><\/div><\/div><div id='yasr-vv-bottom-container-000c9d0e19164' class='yasr-vv-bottom-container'><\/div><\/div><!--End Yasr Visitor Votes Shortcode--><\/div>","protected":false},"excerpt":{"rendered":"<p>MENTIONS LEGALES NEGEV DESERT, WEINSTEIN est l\u2019\u00e9diteur du site www.negevdesert.ch. NEGEV DESERT, WEINSTEIN Chemin Taverney 4 1218 Le Grand-Saconnex \/ Gen\u00e8ve &#8211; Suisse Tel: +41 (0)22 535 29 68 E-mail: contact@negevdesert.ch Interdiction de vente aux mineurs La vente de vin aux personnes de moins de 16 ans est interdite par la loi (18 ans si [&#8230;]\n","protected":false},"author":2,"featured_media":0,"parent":0,"menu_order":0,"comment_status":"closed","ping_status":"closed","template":"page-blank.php","meta":{"yasr_overall_rating":0,"yasr_post_is_review":"","yasr_auto_insert_disabled":"","yasr_review_type":"","footnotes":""},"class_list":["post-10035","page","type-page","status-publish","hentry"],"acf":[],"yasr_visitor_votes":{"stars_attributes":{"read_only":false,"span_bottom":false},"number_of_votes":0,"sum_votes":0},"_links":{"self":[{"href":"https:\/\/negevdesert.ch\/fr\/wp-json\/wp\/v2\/pages\/10035","targetHints":{"allow":["GET"]}}],"collection":[{"href":"https:\/\/negevdesert.ch\/fr\/wp-json\/wp\/v2\/pages"}],"about":[{"href":"https:\/\/negevdesert.ch\/fr\/wp-json\/wp\/v2\/types\/page"}],"author":[{"embeddable":true,"href":"https:\/\/negevdesert.ch\/fr\/wp-json\/wp\/v2\/users\/2"}],"replies":[{"embeddable":true,"href":"https:\/\/negevdesert.ch\/fr\/wp-json\/wp\/v2\/comments?post=10035"}],"version-history":[{"count":3,"href":"https:\/\/negevdesert.ch\/fr\/wp-json\/wp\/v2\/pages\/10035\/revisions"}],"predecessor-version":[{"id":10047,"href":"https:\/\/negevdesert.ch\/fr\/wp-json\/wp\/v2\/pages\/10035\/revisions\/10047"}],"wp:attachment":[{"href":"https:\/\/negevdesert.ch\/fr\/wp-json\/wp\/v2\/media?parent=10035"}],"curies":[{"name":"wp","href":"https:\/\/api.w.org\/{rel}","templated":true}]}}