{"id":990,"date":"2018-06-01T10:54:48","date_gmt":"2018-06-01T07:54:48","guid":{"rendered":"http:\/\/negevdesert.ch\/product\/yaffo-hommage-rose\/"},"modified":"2024-06-18T15:17:57","modified_gmt":"2024-06-18T13:17:57","slug":"yaffo-winery-israeli-kosher-boutique-wine-geneva-switzerland","status":"publish","type":"product","link":"https:\/\/negevdesert.ch\/de\/produkt\/yaffo-winery-israeli-kosher-boutique-wine-geneva-switzerland\/","title":{"rendered":"Yaffo \u2013 Hommage Ros\u00e9"},"content":{"rendered":"<div class=\"product-description\">\n<h4 class=\"uppercase\"><span class=\"fancy-underline\"><strong>Yaffo Winery<\/strong><\/span><\/h4>\n<p><em><strong>Hommage Ros\u00e9<\/strong><\/em><\/p>\n<p><strong>Jahr<\/strong>: 2021<\/p>\n<p><strong>Alkohol<\/strong>: 12.4%<\/p>\n<p><strong>Gr\u00f6\u00dfe: <\/strong>750ml<\/p>\n<div>\n<div>\n<p><strong>Charakter:<\/strong> Ein halbtrockener Wein aus 100% Merlottrauben, der durch kalte G\u00e4rung hergestellt wird, um das Aroma und den feinen Geschmack von Erdbeeren und s\u00fc\u00dfen Fr\u00fcchten zu bewahren, die diesen Wein zu einer angenehmen Sommerwahl machen.<\/p>\n<p class=\"p1\"><strong>Servieren von Vorschl\u00e4gen:<\/strong>\u00a0Genie\u00dfen Sie diesen Wein zu K\u00e4se.\u00a0Dar\u00fcber hinaus ist es aufgrund seiner zarten S\u00fc\u00dfe m\u00f6glich, ihn mit gut gew\u00fcrzten Lebensmitteln sowie mit Fisch und Wurstwaren zu kombinieren.<\/p>\n<p><strong>Serviertemperatur:<\/strong> 8 Grad Celsius<\/p>\n<p><strong>Farbe:<\/strong> Eine hellorange-rosa Farbe.<\/p>\n<\/div>\n<\/div>\n<h3 class=\"LC20lb MBeuO DKV0Md\">Weine aus Israel- Moshav Kadesh Barnea<\/h3>\n<\/div>\n<p>&nbsp;<\/p>\n<p>&nbsp;<\/p>\n<p>&nbsp;<\/p>\n<div class=\"product-description\">\n<h3 style=\"text-align: center;\"><em>Negev Desert &#8211; Israelischer Koscher weine &#8211; Online kaufen<\/em><br \/>\n<em>Schweiz &#8211; Genf &#8211; Z\u00fcrich &#8211; Basel<\/em><\/h3>\n<p>&nbsp;<\/p>\n<div>\n<div>\n<p>&nbsp;<\/p>\n<\/div>\n<div>\n<h5><\/h5>\n<\/div>\n<p>&nbsp;<\/p>\n<\/div>\n<\/div>\n<div style='text-align:left' class='yasr-auto-insert-overall'><\/div><div style='text-align:left' class='yasr-auto-insert-visitor'><!--Yasr Visitor Votes Shortcode--><div id='yasr_visitor_votes_9e0ee64a49e55' class='yasr-visitor-votes'><div class=\"yasr-custom-text-vv-before yasr-custom-text-vv-before-990\">Click to rate this post!<\/div><div id='yasr-vv-second-row-container-9e0ee64a49e55'\r\n                                        class='yasr-vv-second-row-container'><div id='yasr-visitor-votes-rater-9e0ee64a49e55'\r\n                                      class='yasr-rater-stars-vv'\r\n                                      data-rater-postid='990'\r\n                                      data-rating='0'\r\n                                      data-rater-starsize='24'\r\n                                      data-rater-readonly='false'\r\n                                      data-rater-nonce='2217b64c0f'\r\n                                      data-issingular='false'\r\n                                    ><\/div><div class=\"yasr-vv-stats-text-container\" id=\"yasr-vv-stats-text-container-9e0ee64a49e55\"><svg xmlns=\"https:\/\/www.w3.org\/2000\/svg\" width=\"20\" height=\"20\"\r\n                                   class=\"yasr-dashicons-visitor-stats\"\r\n                                   data-postid=\"990\"\r\n                                   id=\"yasr-stats-dashicon-9e0ee64a49e55\">\r\n                                   <path d=\"M18 18v-16h-4v16h4zM12 18v-11h-4v11h4zM6 18v-8h-4v8h4z\"><\/path>\r\n                               <\/svg><span id=\"yasr-vv-text-container-9e0ee64a49e55\" class=\"yasr-vv-text-container\">[Total: <span id=\"yasr-vv-votes-number-container-9e0ee64a49e55\">0<\/span>  Average: <span id=\"yasr-vv-average-container-9e0ee64a49e55\">0<\/span>]<\/span><\/div><div id='yasr-vv-loader-9e0ee64a49e55' class='yasr-vv-container-loader'><\/div><\/div><div id='yasr-vv-bottom-container-9e0ee64a49e55' class='yasr-vv-bottom-container'><\/div><\/div><!--End Yasr Visitor Votes Shortcode--><\/div>","protected":false},"excerpt":{"rendered":"<div class=\"box-9\">\n<div class=\"product-description\">\n<h4><strong>100% Merlot &#8211; Halbtrocken<\/strong><\/h4>\n<p><em><strong><span style=\"font-size: 110%;\">2021<\/span><\/strong><\/em><\/p>\n<\/div>\n<div><\/div>\n<\/div>\n","protected":false},"featured_media":994,"comment_status":"open","ping_status":"closed","template":"","meta":{"yasr_overall_rating":0,"yasr_post_is_review":"","yasr_auto_insert_disabled":"","yasr_review_type":""},"product_brand":[89],"product_cat":[61,71],"product_tag":[],"class_list":{"0":"post-990","1":"product","2":"type-product","3":"status-publish","4":"has-post-thumbnail","6":"product_brand-yaffo-winery-de","7":"product_cat-israelischer-koscher-boutique-wein","8":"product_cat-rose-de","10":"first","11":"outofstock","12":"shipping-taxable","13":"purchasable","14":"product-type-simple"},"acf":[],"yasr_visitor_votes":{"stars_attributes":{"read_only":false,"span_bottom":false},"number_of_votes":0,"sum_votes":0},"_links":{"self":[{"href":"https:\/\/negevdesert.ch\/de\/wp-json\/wp\/v2\/product\/990","targetHints":{"allow":["GET"]}}],"collection":[{"href":"https:\/\/negevdesert.ch\/de\/wp-json\/wp\/v2\/product"}],"about":[{"href":"https:\/\/negevdesert.ch\/de\/wp-json\/wp\/v2\/types\/product"}],"replies":[{"embeddable":true,"href":"https:\/\/negevdesert.ch\/de\/wp-json\/wp\/v2\/comments?post=990"}],"wp:featuredmedia":[{"embeddable":true,"href":"https:\/\/negevdesert.ch\/de\/wp-json\/wp\/v2\/media\/994"}],"wp:attachment":[{"href":"https:\/\/negevdesert.ch\/de\/wp-json\/wp\/v2\/media?parent=990"}],"wp:term":[{"taxonomy":"product_brand","embeddable":true,"href":"https:\/\/negevdesert.ch\/de\/wp-json\/wp\/v2\/product_brand?post=990"},{"taxonomy":"product_cat","embeddable":true,"href":"https:\/\/negevdesert.ch\/de\/wp-json\/wp\/v2\/product_cat?post=990"},{"taxonomy":"product_tag","embeddable":true,"href":"https:\/\/negevdesert.ch\/de\/wp-json\/wp\/v2\/product_tag?post=990"}],"curies":[{"name":"wp","href":"https:\/\/api.w.org\/{rel}","templated":true}]}}