{"id":982,"date":"2018-06-01T11:11:00","date_gmt":"2018-06-01T08:11:00","guid":{"rendered":"http:\/\/negevdesert.ch\/product\/rn-kadesh-rose\/"},"modified":"2025-05-02T20:49:59","modified_gmt":"2025-05-02T18:49:59","slug":"negev-desert-kosher-boutique-wine-geneva-switzerland","status":"publish","type":"product","link":"https:\/\/negevdesert.ch\/de\/produkt\/negev-desert-kosher-boutique-wine-geneva-switzerland\/","title":{"rendered":"RN Kadesh \u2013 Ros\u00e9"},"content":{"rendered":"<h4 class=\"uppercase\"><span class=\"fancy-underline\" style=\"color: #f99b1c; font-size: 100%;\">(rn) rAMat negev winery<\/span><\/h4>\n<p><span style=\"font-size: 120%;\" data-text-color=\"primary\"><em><strong>Kadesh &#8211; Ros\u00e9<\/strong><\/em><\/span><\/p>\n<p>Jahr: 2021<\/p>\n<p>Alkohol: 13%.<\/p>\n<p>Gr\u00f6\u00dfe: 750ml<\/p>\n<p>Charakter: Erfrischend, jung und blumig; Grapefruit-, Beeren- und Pfirsicharomen sind zu sp\u00fcren.<\/p>\n<p>Servieren von Vorschl\u00e4gen: Genie\u00dfen Sie diesen Wein zu K\u00e4se. Dar\u00fcber hinaus ist es aufgrund seiner zarten S\u00fc\u00dfe m\u00f6glich, ihn mit gut gew\u00fcrzten Speisen zu kombinieren.<\/p>\n<p>Serviertemperatur: 8 Grad Celsius<\/p>\n<p>Farbe: Durch den kurzen Kontakt mit den Traubenschalen wird eine klare, hellrosa-orange Farbe erreicht.<\/p>\n<p>&nbsp;<\/p>\n<h4 style=\"text-align: center;\"><em><strong>Negev Desert \u2013<\/strong> Israelischer Koscherer Boutique-Wein<br \/>\n<\/em><\/h4>\n<h4 style=\"text-align: center;\"><em><strong>Schweiz\u2013 <\/strong>Genf \u2013 Z\u00fcrich \u2013 Basel<\/em><\/h4>\n<p>&nbsp;<\/p>\n<div style='text-align:left' class='yasr-auto-insert-overall'><\/div><div style='text-align:left' class='yasr-auto-insert-visitor'><!--Yasr Visitor Votes Shortcode--><div id='yasr_visitor_votes_900ec6968bdce' class='yasr-visitor-votes'><div class=\"yasr-custom-text-vv-before yasr-custom-text-vv-before-982\">Click to rate this post!<\/div><div id='yasr-vv-second-row-container-900ec6968bdce'\r\n                                        class='yasr-vv-second-row-container'><div id='yasr-visitor-votes-rater-900ec6968bdce'\r\n                                      class='yasr-rater-stars-vv'\r\n                                      data-rater-postid='982'\r\n                                      data-rating='0'\r\n                                      data-rater-starsize='24'\r\n                                      data-rater-readonly='false'\r\n                                      data-rater-nonce='31f212ff2e'\r\n                                      data-issingular='false'\r\n                                    ><\/div><div class=\"yasr-vv-stats-text-container\" id=\"yasr-vv-stats-text-container-900ec6968bdce\"><svg xmlns=\"https:\/\/www.w3.org\/2000\/svg\" width=\"20\" height=\"20\"\r\n                                   class=\"yasr-dashicons-visitor-stats\"\r\n                                   data-postid=\"982\"\r\n                                   id=\"yasr-stats-dashicon-900ec6968bdce\">\r\n                                   <path d=\"M18 18v-16h-4v16h4zM12 18v-11h-4v11h4zM6 18v-8h-4v8h4z\"><\/path>\r\n                               <\/svg><span id=\"yasr-vv-text-container-900ec6968bdce\" class=\"yasr-vv-text-container\">[Total: <span id=\"yasr-vv-votes-number-container-900ec6968bdce\">0<\/span>  Average: <span id=\"yasr-vv-average-container-900ec6968bdce\">0<\/span>]<\/span><\/div><div id='yasr-vv-loader-900ec6968bdce' class='yasr-vv-container-loader'><\/div><\/div><div id='yasr-vv-bottom-container-900ec6968bdce' class='yasr-vv-bottom-container'><\/div><\/div><!--End Yasr Visitor Votes Shortcode--><\/div>","protected":false},"excerpt":{"rendered":"<h4 dir=\"ltr\"><strong>Cabernet Sauvignon &amp; Malbec &#8211;<\/strong><\/h4>\n<h4 dir=\"ltr\"><strong>Trocken<\/strong><\/h4>\n<p dir=\"ltr\"><span style=\"font-size: 110%;\"><em><strong>2021<\/strong><\/em><\/span><\/p>\n<p dir=\"ltr\">\n","protected":false},"featured_media":8765,"comment_status":"open","ping_status":"closed","template":"","meta":{"yasr_overall_rating":0,"yasr_post_is_review":"","yasr_auto_insert_disabled":"","yasr_review_type":""},"product_brand":[87],"product_cat":[61,53,71],"product_tag":[147],"class_list":{"0":"post-982","1":"product","2":"type-product","3":"status-publish","4":"has-post-thumbnail","6":"product_brand-ramat-negev-winery-de","7":"product_cat-israelischer-koscher-boutique-wein","8":"product_cat-andere-produkte","9":"product_cat-rose-de","10":"product_tag-koscher-pessach","12":"first","13":"instock","14":"shipping-taxable","15":"purchasable","16":"product-type-simple"},"acf":[],"yasr_visitor_votes":{"stars_attributes":{"read_only":false,"span_bottom":false},"number_of_votes":0,"sum_votes":0},"_links":{"self":[{"href":"https:\/\/negevdesert.ch\/de\/wp-json\/wp\/v2\/product\/982","targetHints":{"allow":["GET"]}}],"collection":[{"href":"https:\/\/negevdesert.ch\/de\/wp-json\/wp\/v2\/product"}],"about":[{"href":"https:\/\/negevdesert.ch\/de\/wp-json\/wp\/v2\/types\/product"}],"replies":[{"embeddable":true,"href":"https:\/\/negevdesert.ch\/de\/wp-json\/wp\/v2\/comments?post=982"}],"wp:featuredmedia":[{"embeddable":true,"href":"https:\/\/negevdesert.ch\/de\/wp-json\/wp\/v2\/media\/8765"}],"wp:attachment":[{"href":"https:\/\/negevdesert.ch\/de\/wp-json\/wp\/v2\/media?parent=982"}],"wp:term":[{"taxonomy":"product_brand","embeddable":true,"href":"https:\/\/negevdesert.ch\/de\/wp-json\/wp\/v2\/product_brand?post=982"},{"taxonomy":"product_cat","embeddable":true,"href":"https:\/\/negevdesert.ch\/de\/wp-json\/wp\/v2\/product_cat?post=982"},{"taxonomy":"product_tag","embeddable":true,"href":"https:\/\/negevdesert.ch\/de\/wp-json\/wp\/v2\/product_tag?post=982"}],"curies":[{"name":"wp","href":"https:\/\/api.w.org\/{rel}","templated":true}]}}