{"id":976,"date":"2018-06-01T11:30:17","date_gmt":"2018-06-01T08:30:17","guid":{"rendered":"http:\/\/negevdesert.ch\/product\/rn-kadesh-negev\/"},"modified":"2026-03-20T18:51:58","modified_gmt":"2026-03-20T17:51:58","slug":"rn-kadesh-negev-koschere-weine-aus-israel","status":"publish","type":"product","link":"https:\/\/negevdesert.ch\/de\/produkt\/rn-kadesh-negev-koschere-weine-aus-israel\/","title":{"rendered":"RN Kadesh \u2013 Negev"},"content":{"rendered":"<h4 class=\"uppercase\"><span class=\"fancy-underline\" style=\"color: #f99b1c; font-size: 100%;\">\u00a0rAMat negev (rn) winery<\/span><\/h4>\n<p><span style=\"font-size: 120%;\" data-text-color=\"primary\"><em><strong>Kadesh &#8211; Negev<\/strong><\/em><\/span><\/p>\n<p><strong>Jahr<\/strong>: 2024<\/p>\n<p><strong>Alkoholgehalt :<\/strong>\u00a013.5%.<\/p>\n<p><strong>Volumen<\/strong>: 750ml<\/p>\n<p><strong>Reifung<\/strong>: 10 Monate in F\u00e4ssern aus amerikanischer Eiche.<\/p>\n<p><strong>Charakter:<\/strong> Vollmundig, mit weichen Tanninen, einer sch\u00f6nen Balance zwischen dem Geschmack der Trauben und den Eichenf\u00e4ssern. Am Gaumen Geschmack von roten Fr\u00fcchten, ger\u00f6steten Kr\u00e4utern, schwarzen Oliven und dunkler Schokolade.<\/p>\n<p><strong>Serviervorschlag<\/strong>: Dank seiner erfrischenden S\u00e4ure ist er ein idealer Begleiter zu Fleisch, K\u00e4se und Gerichten mit hohem Fettgehalt. Aufgrund ihrer mittleren Gr\u00f6\u00dfe passt sie au\u00dferdem gut zu Nudel- und Fischgerichten.<\/p>\n<p>koscher le&#8217;Pessach\/Pessach<\/p>\n<h3 class=\"LC20lb MBeuO DKV0Md\">Weine aus Israel- Moshav Kadesh Barnea<\/h3>\n<p style=\"text-align: center;\">Negev Desert &#8211; koschere weine aus Israel &#8211; Online kaufen<br \/>\nSchweiz &#8211; Genf &#8211; Z\u00fcrich &#8211; Basel<\/p>\n<p>&nbsp;<\/p>\n<div style='text-align:left' class='yasr-auto-insert-overall'><\/div><div style='text-align:left' class='yasr-auto-insert-visitor'><!--Yasr Visitor Votes Shortcode--><div id='yasr_visitor_votes_a99b628a5fc66' class='yasr-visitor-votes'><div class=\"yasr-custom-text-vv-before yasr-custom-text-vv-before-976\">Click to rate this post!<\/div><div id='yasr-vv-second-row-container-a99b628a5fc66'\r\n                                        class='yasr-vv-second-row-container'><div id='yasr-visitor-votes-rater-a99b628a5fc66'\r\n                                      class='yasr-rater-stars-vv'\r\n                                      data-rater-postid='976'\r\n                                      data-rating='0'\r\n                                      data-rater-starsize='24'\r\n                                      data-rater-readonly='false'\r\n                                      data-rater-nonce='31f212ff2e'\r\n                                      data-issingular='false'\r\n                                    ><\/div><div class=\"yasr-vv-stats-text-container\" id=\"yasr-vv-stats-text-container-a99b628a5fc66\"><svg xmlns=\"https:\/\/www.w3.org\/2000\/svg\" width=\"20\" height=\"20\"\r\n                                   class=\"yasr-dashicons-visitor-stats\"\r\n                                   data-postid=\"976\"\r\n                                   id=\"yasr-stats-dashicon-a99b628a5fc66\">\r\n                                   <path d=\"M18 18v-16h-4v16h4zM12 18v-11h-4v11h4zM6 18v-8h-4v8h4z\"><\/path>\r\n                               <\/svg><span id=\"yasr-vv-text-container-a99b628a5fc66\" class=\"yasr-vv-text-container\">[Total: <span id=\"yasr-vv-votes-number-container-a99b628a5fc66\">0<\/span>  Average: <span id=\"yasr-vv-average-container-a99b628a5fc66\">0<\/span>]<\/span><\/div><div id='yasr-vv-loader-a99b628a5fc66' class='yasr-vv-container-loader'><\/div><\/div><div id='yasr-vv-bottom-container-a99b628a5fc66' class='yasr-vv-bottom-container'><\/div><\/div><!--End Yasr Visitor Votes Shortcode--><\/div>","protected":false},"excerpt":{"rendered":"<p>50% Cabernet Sauvignon, 30% Shiraz &amp; 20% Cabernet Franc &#8211; <strong><span style=\"color: #0000ff;\">2024<\/span><\/strong><span style=\"color: #282828;\"> &#8211;<\/span> Trocken<\/p>\n","protected":false},"featured_media":8819,"comment_status":"open","ping_status":"closed","template":"","meta":{"yasr_overall_rating":0,"yasr_post_is_review":"","yasr_auto_insert_disabled":"","yasr_review_type":""},"product_brand":[87],"product_cat":[61,67],"product_tag":[147],"class_list":{"0":"post-976","1":"product","2":"type-product","3":"status-publish","4":"has-post-thumbnail","6":"product_brand-ramat-negev-winery-de","7":"product_cat-israelischer-koscher-boutique-wein","8":"product_cat-rot","9":"product_tag-koscher-pessach","11":"first","12":"instock","13":"shipping-taxable","14":"purchasable","15":"product-type-simple"},"acf":[],"yasr_visitor_votes":{"stars_attributes":{"read_only":false,"span_bottom":false},"number_of_votes":0,"sum_votes":0},"_links":{"self":[{"href":"https:\/\/negevdesert.ch\/de\/wp-json\/wp\/v2\/product\/976","targetHints":{"allow":["GET"]}}],"collection":[{"href":"https:\/\/negevdesert.ch\/de\/wp-json\/wp\/v2\/product"}],"about":[{"href":"https:\/\/negevdesert.ch\/de\/wp-json\/wp\/v2\/types\/product"}],"replies":[{"embeddable":true,"href":"https:\/\/negevdesert.ch\/de\/wp-json\/wp\/v2\/comments?post=976"}],"wp:featuredmedia":[{"embeddable":true,"href":"https:\/\/negevdesert.ch\/de\/wp-json\/wp\/v2\/media\/8819"}],"wp:attachment":[{"href":"https:\/\/negevdesert.ch\/de\/wp-json\/wp\/v2\/media?parent=976"}],"wp:term":[{"taxonomy":"product_brand","embeddable":true,"href":"https:\/\/negevdesert.ch\/de\/wp-json\/wp\/v2\/product_brand?post=976"},{"taxonomy":"product_cat","embeddable":true,"href":"https:\/\/negevdesert.ch\/de\/wp-json\/wp\/v2\/product_cat?post=976"},{"taxonomy":"product_tag","embeddable":true,"href":"https:\/\/negevdesert.ch\/de\/wp-json\/wp\/v2\/product_tag?post=976"}],"curies":[{"name":"wp","href":"https:\/\/api.w.org\/{rel}","templated":true}]}}