{"id":958,"date":"2018-06-01T12:35:14","date_gmt":"2018-06-01T09:35:14","guid":{"rendered":"http:\/\/negevdesert.ch\/product\/rn-kadesh-merlot\/"},"modified":"2025-03-23T11:50:24","modified_gmt":"2025-03-23T10:50:24","slug":"negev-desert-israelischer-koscherer-boutique-wein-schweiz-genf-zuerich-basel","status":"publish","type":"product","link":"https:\/\/negevdesert.ch\/de\/produkt\/negev-desert-israelischer-koscherer-boutique-wein-schweiz-genf-zuerich-basel\/","title":{"rendered":"RN Kadesh \u2013 Merlot"},"content":{"rendered":"<h4 class=\"uppercase\"><span style=\"color: #282828;\"><strong><span class=\"fancy-underline\">(RN) RAMAT NEGEV WINERY<\/span><\/strong><\/span><\/h4>\n<p><span style=\"color: #282828; font-size: 120%;\"><strong><em>Kadesh<\/em> Rotwein &#8211; Merlot<\/strong><\/span><\/p>\n<p><strong>Jahr<\/strong> : 2023<\/p>\n<p><strong>Alkohol:\u00a0<\/strong>13.5%<\/p>\n<p><strong>Gr\u00f6\u00dfe<\/strong> : 750ml<\/p>\n<p><strong>Alterung<\/strong>: In amerikanischen Eichenf\u00e4ssern f\u00fcr <strong>10 Monate<\/strong><\/p>\n<p><strong>Charakter<\/strong>: Tiefe, kr\u00e4ftige und klare rote Farbe mit weichen Tanninen und zarter S\u00e4ure.<\/p>\n<p><strong>Servieren von Vorschl\u00e4gen:<\/strong>Dieser Wein passt hervorragend zu Hartk\u00e4se und fettarmem Fleisch wie Lendenbraten und Huhn. Ein mittelgro\u00dfer K\u00f6rper und eine zarte S\u00e4ure erm\u00f6glichen es auch, ihn mit leichten Gerichten wie Pasta und Lachs zu kombinieren.<\/p>\n<p>Wein Aus Israel<\/p>\n<p>&nbsp;<\/p>\n<h4 class=\"alt-font\" style=\"text-align: center;\"><strong>NEGEV DESERT<\/strong> &#8211; Israelischer koscherer Boutique-Wein<\/h4>\n<h4 class=\"alt-font\" style=\"text-align: center;\"><strong>Schweiz<\/strong> &#8211; Genf &#8211; Z\u00fcrich &#8211; Basel<\/h4>\n<div style='text-align:left' class='yasr-auto-insert-overall'><\/div><div style='text-align:left' class='yasr-auto-insert-visitor'><!--Yasr Visitor Votes Shortcode--><div id='yasr_visitor_votes_e9e9876b607a4' class='yasr-visitor-votes'><div class=\"yasr-custom-text-vv-before yasr-custom-text-vv-before-958\">Click to rate this post!<\/div><div id='yasr-vv-second-row-container-e9e9876b607a4'\r\n                                        class='yasr-vv-second-row-container'><div id='yasr-visitor-votes-rater-e9e9876b607a4'\r\n                                      class='yasr-rater-stars-vv'\r\n                                      data-rater-postid='958'\r\n                                      data-rating='0'\r\n                                      data-rater-starsize='24'\r\n                                      data-rater-readonly='false'\r\n                                      data-rater-nonce='2217b64c0f'\r\n                                      data-issingular='false'\r\n                                    ><\/div><div class=\"yasr-vv-stats-text-container\" id=\"yasr-vv-stats-text-container-e9e9876b607a4\"><svg xmlns=\"https:\/\/www.w3.org\/2000\/svg\" width=\"20\" height=\"20\"\r\n                                   class=\"yasr-dashicons-visitor-stats\"\r\n                                   data-postid=\"958\"\r\n                                   id=\"yasr-stats-dashicon-e9e9876b607a4\">\r\n                                   <path d=\"M18 18v-16h-4v16h4zM12 18v-11h-4v11h4zM6 18v-8h-4v8h4z\"><\/path>\r\n                               <\/svg><span id=\"yasr-vv-text-container-e9e9876b607a4\" class=\"yasr-vv-text-container\">[Total: <span id=\"yasr-vv-votes-number-container-e9e9876b607a4\">0<\/span>  Average: <span id=\"yasr-vv-average-container-e9e9876b607a4\">0<\/span>]<\/span><\/div><div id='yasr-vv-loader-e9e9876b607a4' class='yasr-vv-container-loader'><\/div><\/div><div id='yasr-vv-bottom-container-e9e9876b607a4' class='yasr-vv-bottom-container'><\/div><\/div><!--End Yasr Visitor Votes Shortcode--><\/div>","protected":false},"excerpt":{"rendered":"<h4><strong>100% Merlot &#8211; Trockener<\/strong><\/h4>\n<p><span style=\"font-size: 110%;\" data-text-color=\"primary\"><em><strong>2023<\/strong><\/em><\/span><\/p>\n","protected":false},"featured_media":8822,"comment_status":"open","ping_status":"closed","template":"","meta":{"yasr_overall_rating":0,"yasr_post_is_review":"","yasr_auto_insert_disabled":"","yasr_review_type":""},"product_brand":[87],"product_cat":[61,67],"product_tag":[],"class_list":{"0":"post-958","1":"product","2":"type-product","3":"status-publish","4":"has-post-thumbnail","6":"product_brand-ramat-negev-winery-de","7":"product_cat-israelischer-koscher-boutique-wein","8":"product_cat-rot","10":"first","11":"instock","12":"shipping-taxable","13":"purchasable","14":"product-type-simple"},"acf":[],"yasr_visitor_votes":{"stars_attributes":{"read_only":false,"span_bottom":false},"number_of_votes":0,"sum_votes":0},"_links":{"self":[{"href":"https:\/\/negevdesert.ch\/de\/wp-json\/wp\/v2\/product\/958","targetHints":{"allow":["GET"]}}],"collection":[{"href":"https:\/\/negevdesert.ch\/de\/wp-json\/wp\/v2\/product"}],"about":[{"href":"https:\/\/negevdesert.ch\/de\/wp-json\/wp\/v2\/types\/product"}],"replies":[{"embeddable":true,"href":"https:\/\/negevdesert.ch\/de\/wp-json\/wp\/v2\/comments?post=958"}],"wp:featuredmedia":[{"embeddable":true,"href":"https:\/\/negevdesert.ch\/de\/wp-json\/wp\/v2\/media\/8822"}],"wp:attachment":[{"href":"https:\/\/negevdesert.ch\/de\/wp-json\/wp\/v2\/media?parent=958"}],"wp:term":[{"taxonomy":"product_brand","embeddable":true,"href":"https:\/\/negevdesert.ch\/de\/wp-json\/wp\/v2\/product_brand?post=958"},{"taxonomy":"product_cat","embeddable":true,"href":"https:\/\/negevdesert.ch\/de\/wp-json\/wp\/v2\/product_cat?post=958"},{"taxonomy":"product_tag","embeddable":true,"href":"https:\/\/negevdesert.ch\/de\/wp-json\/wp\/v2\/product_tag?post=958"}],"curies":[{"name":"wp","href":"https:\/\/api.w.org\/{rel}","templated":true}]}}