{"id":945,"date":"2018-06-01T12:39:32","date_gmt":"2018-06-01T09:39:32","guid":{"rendered":"http:\/\/negevdesert.ch\/product\/yaffo-hommage-chardonnay\/"},"modified":"2026-03-14T23:25:23","modified_gmt":"2026-03-14T22:25:23","slug":"negev-desert-israeli-kosher-boutique-wine-geneva-switzerland-2","status":"publish","type":"product","link":"https:\/\/negevdesert.ch\/de\/produkt\/negev-desert-israeli-kosher-boutique-wine-geneva-switzerland-2\/","title":{"rendered":"Yaffo \u2013 Hommage Chardonnay"},"content":{"rendered":"<h4 class=\"uppercase\"><span class=\"fancy-underline\"><strong>YAFFO WINERY<\/strong><\/span><\/h4>\n<p><span style=\"color: #282828; font-size: 120%;\"><strong>Hommage Chardonnay<\/strong><\/span><\/p>\n<p><strong>Jahr:<\/strong> 2023<\/p>\n<p><strong>Alkohol:<\/strong> 12,5%.<\/p>\n<p><strong>Gr\u00f6\u00dfe:<\/strong> 750ml<\/p>\n<p><strong>Charakter:<\/strong> Noten von tropischen Fr\u00fcchten, Gei\u00dfblatt, Birne, wei\u00dfem Pfirsich und Melone, Zitrusschale und Vanillearomen bringen Ihnen einen reichen, \u00fcppigen, reifen, s\u00fc\u00dfen, gestylten Wein, der nach vorne, rund ist und mit einem Hauch von Frucht und Eiche endet.<\/p>\n<p><strong>Servieren von Vorschl\u00e4gen:<\/strong>\u00a0Genie\u00dfen Sie diesen Wein zu Fisch, Sushi, scharfen Gerichten und cremigen Nudelgerichten.<\/p>\n<p><strong>Serviertemperatur:<\/strong> 8-10 Grad Celsius<\/p>\n<p>Die handgelesenen Chardonnay-Trauben stammen aus Qualit\u00e4tsparzellen in Weinbergen im Ellah-Tal neben dem Weingut und in Weinbergen in der Region Ramot Menashe nord\u00f6stlich von Zichron Yakov.<\/p>\n<p><strong><span style=\"font-size: 90%;\"><em>Negev Desert \u2013 Israelischer koscherer Boutique-Wein \u2013 Genf, Schweiz<\/em><\/span><\/strong><\/p>\n<div>\n<div>\n<h5><\/h5>\n<\/div>\n<\/div>\n<div style='text-align:left' class='yasr-auto-insert-overall'><\/div><div style='text-align:left' class='yasr-auto-insert-visitor'><!--Yasr Visitor Votes Shortcode--><div id='yasr_visitor_votes_2e276e99c7180' class='yasr-visitor-votes'><div class=\"yasr-custom-text-vv-before yasr-custom-text-vv-before-945\">Click to rate this post!<\/div><div id='yasr-vv-second-row-container-2e276e99c7180'\r\n                                        class='yasr-vv-second-row-container'><div id='yasr-visitor-votes-rater-2e276e99c7180'\r\n                                      class='yasr-rater-stars-vv'\r\n                                      data-rater-postid='945'\r\n                                      data-rating='0'\r\n                                      data-rater-starsize='24'\r\n                                      data-rater-readonly='false'\r\n                                      data-rater-nonce='31f212ff2e'\r\n                                      data-issingular='false'\r\n                                    ><\/div><div class=\"yasr-vv-stats-text-container\" id=\"yasr-vv-stats-text-container-2e276e99c7180\"><svg xmlns=\"https:\/\/www.w3.org\/2000\/svg\" width=\"20\" height=\"20\"\r\n                                   class=\"yasr-dashicons-visitor-stats\"\r\n                                   data-postid=\"945\"\r\n                                   id=\"yasr-stats-dashicon-2e276e99c7180\">\r\n                                   <path d=\"M18 18v-16h-4v16h4zM12 18v-11h-4v11h4zM6 18v-8h-4v8h4z\"><\/path>\r\n                               <\/svg><span id=\"yasr-vv-text-container-2e276e99c7180\" class=\"yasr-vv-text-container\">[Total: <span id=\"yasr-vv-votes-number-container-2e276e99c7180\">0<\/span>  Average: <span id=\"yasr-vv-average-container-2e276e99c7180\">0<\/span>]<\/span><\/div><div id='yasr-vv-loader-2e276e99c7180' class='yasr-vv-container-loader'><\/div><\/div><div id='yasr-vv-bottom-container-2e276e99c7180' class='yasr-vv-bottom-container'><\/div><\/div><!--End Yasr Visitor Votes Shortcode--><\/div>","protected":false},"excerpt":{"rendered":"<h4><strong>100% Chardonnay &#8211; Trockener<\/strong><\/h4>\n<p><span style=\"font-size: 110%;\"><strong>2023<\/strong><\/span><\/p>\n","protected":false},"featured_media":10736,"comment_status":"open","ping_status":"closed","template":"","meta":{"yasr_overall_rating":0,"yasr_post_is_review":"","yasr_auto_insert_disabled":"","yasr_review_type":""},"product_brand":[89],"product_cat":[61,69],"product_tag":[147],"class_list":{"0":"post-945","1":"product","2":"type-product","3":"status-publish","4":"has-post-thumbnail","6":"product_brand-yaffo-winery-de","7":"product_cat-israelischer-koscher-boutique-wein","8":"product_cat-weiss","9":"product_tag-koscher-pessach","11":"first","12":"instock","13":"shipping-taxable","14":"purchasable","15":"product-type-simple"},"acf":[],"yasr_visitor_votes":{"stars_attributes":{"read_only":false,"span_bottom":false},"number_of_votes":0,"sum_votes":0},"_links":{"self":[{"href":"https:\/\/negevdesert.ch\/de\/wp-json\/wp\/v2\/product\/945","targetHints":{"allow":["GET"]}}],"collection":[{"href":"https:\/\/negevdesert.ch\/de\/wp-json\/wp\/v2\/product"}],"about":[{"href":"https:\/\/negevdesert.ch\/de\/wp-json\/wp\/v2\/types\/product"}],"replies":[{"embeddable":true,"href":"https:\/\/negevdesert.ch\/de\/wp-json\/wp\/v2\/comments?post=945"}],"wp:featuredmedia":[{"embeddable":true,"href":"https:\/\/negevdesert.ch\/de\/wp-json\/wp\/v2\/media\/10736"}],"wp:attachment":[{"href":"https:\/\/negevdesert.ch\/de\/wp-json\/wp\/v2\/media?parent=945"}],"wp:term":[{"taxonomy":"product_brand","embeddable":true,"href":"https:\/\/negevdesert.ch\/de\/wp-json\/wp\/v2\/product_brand?post=945"},{"taxonomy":"product_cat","embeddable":true,"href":"https:\/\/negevdesert.ch\/de\/wp-json\/wp\/v2\/product_cat?post=945"},{"taxonomy":"product_tag","embeddable":true,"href":"https:\/\/negevdesert.ch\/de\/wp-json\/wp\/v2\/product_tag?post=945"}],"curies":[{"name":"wp","href":"https:\/\/api.w.org\/{rel}","templated":true}]}}