{"id":939,"date":"2018-06-02T21:07:12","date_gmt":"2018-06-02T18:07:12","guid":{"rendered":"http:\/\/negevdesert.ch\/product\/neve-midbar-lavan\/"},"modified":"2024-08-23T11:18:06","modified_gmt":"2024-08-23T09:18:06","slug":"negev-desert-israelischer-koscherer-boutique-wein-genf-schweiz","status":"publish","type":"product","link":"https:\/\/negevdesert.ch\/de\/produkt\/negev-desert-israelischer-koscherer-boutique-wein-genf-schweiz\/","title":{"rendered":"Neve Midbar Lavan"},"content":{"rendered":"<div class=\"product-description\">\n<div>\n<p>RN Neve Midbar Lavan<\/p>\n<p>Jahr 2023<br \/>\n13% Alc.<\/p>\n<p>Eine Mischung aus 80% Chardonnay und 20% Sauvignon blanc &#8211; trocken.<\/p>\n<p>Ein fast transparenter gelblich-gr\u00fcner Wein, der trocken ist und eine angenehme S\u00e4ure aufweist. Neve Midbar wei\u00df passt hervorragend zu Fisch- und H\u00fchnergerichten. Es hat auch einen besonderen Nachgeschmack und Duft von tropischen Fr\u00fcchten und schmeckt daher k\u00f6stlich zu gew\u00fcrzten Gerichten und asiatischer K\u00fcche.<\/p>\n<h5><em>Negev Desert &#8211; Israelischer koscherer Boutique-Wein &#8211; Genf, Schweiz<\/em><\/h5>\n<p>&nbsp;<\/p>\n<\/div>\n<\/div>\n<div style='text-align:left' class='yasr-auto-insert-overall'><\/div><div style='text-align:left' class='yasr-auto-insert-visitor'><!--Yasr Visitor Votes Shortcode--><div id='yasr_visitor_votes_69de39b18e45c' class='yasr-visitor-votes'><div class=\"yasr-custom-text-vv-before yasr-custom-text-vv-before-939\">Click to rate this post!<\/div><div id='yasr-vv-second-row-container-69de39b18e45c'\r\n                                        class='yasr-vv-second-row-container'><div id='yasr-visitor-votes-rater-69de39b18e45c'\r\n                                      class='yasr-rater-stars-vv'\r\n                                      data-rater-postid='939'\r\n                                      data-rating='0'\r\n                                      data-rater-starsize='24'\r\n                                      data-rater-readonly='false'\r\n                                      data-rater-nonce='31f212ff2e'\r\n                                      data-issingular='false'\r\n                                    ><\/div><div class=\"yasr-vv-stats-text-container\" id=\"yasr-vv-stats-text-container-69de39b18e45c\"><svg xmlns=\"https:\/\/www.w3.org\/2000\/svg\" width=\"20\" height=\"20\"\r\n                                   class=\"yasr-dashicons-visitor-stats\"\r\n                                   data-postid=\"939\"\r\n                                   id=\"yasr-stats-dashicon-69de39b18e45c\">\r\n                                   <path d=\"M18 18v-16h-4v16h4zM12 18v-11h-4v11h4zM6 18v-8h-4v8h4z\"><\/path>\r\n                               <\/svg><span id=\"yasr-vv-text-container-69de39b18e45c\" class=\"yasr-vv-text-container\">[Total: <span id=\"yasr-vv-votes-number-container-69de39b18e45c\">0<\/span>  Average: <span id=\"yasr-vv-average-container-69de39b18e45c\">0<\/span>]<\/span><\/div><div id='yasr-vv-loader-69de39b18e45c' class='yasr-vv-container-loader'><\/div><\/div><div id='yasr-vv-bottom-container-69de39b18e45c' class='yasr-vv-bottom-container'><\/div><\/div><!--End Yasr Visitor Votes Shortcode--><\/div>","protected":false},"excerpt":{"rendered":"<div class=\"box-9\">\n<div class=\"product-description\">\n<p><strong>Chardonnay &amp; Sauvignon blanc\u00a0&#8211; Trockener &#8211; 2023<\/strong><\/p>\n<div><\/div>\n<\/div>\n<div><\/div>\n<\/div>\n","protected":false},"featured_media":8631,"comment_status":"open","ping_status":"closed","template":"","meta":{"yasr_overall_rating":0,"yasr_post_is_review":"","yasr_auto_insert_disabled":"","yasr_review_type":""},"product_brand":[87],"product_cat":[61,69],"product_tag":[],"class_list":{"0":"post-939","1":"product","2":"type-product","3":"status-publish","4":"has-post-thumbnail","6":"product_brand-ramat-negev-winery-de","7":"product_cat-israelischer-koscher-boutique-wein","8":"product_cat-weiss","10":"first","11":"outofstock","12":"shipping-taxable","13":"purchasable","14":"product-type-simple"},"acf":[],"yasr_visitor_votes":{"stars_attributes":{"read_only":false,"span_bottom":false},"number_of_votes":0,"sum_votes":0},"_links":{"self":[{"href":"https:\/\/negevdesert.ch\/de\/wp-json\/wp\/v2\/product\/939","targetHints":{"allow":["GET"]}}],"collection":[{"href":"https:\/\/negevdesert.ch\/de\/wp-json\/wp\/v2\/product"}],"about":[{"href":"https:\/\/negevdesert.ch\/de\/wp-json\/wp\/v2\/types\/product"}],"replies":[{"embeddable":true,"href":"https:\/\/negevdesert.ch\/de\/wp-json\/wp\/v2\/comments?post=939"}],"wp:featuredmedia":[{"embeddable":true,"href":"https:\/\/negevdesert.ch\/de\/wp-json\/wp\/v2\/media\/8631"}],"wp:attachment":[{"href":"https:\/\/negevdesert.ch\/de\/wp-json\/wp\/v2\/media?parent=939"}],"wp:term":[{"taxonomy":"product_brand","embeddable":true,"href":"https:\/\/negevdesert.ch\/de\/wp-json\/wp\/v2\/product_brand?post=939"},{"taxonomy":"product_cat","embeddable":true,"href":"https:\/\/negevdesert.ch\/de\/wp-json\/wp\/v2\/product_cat?post=939"},{"taxonomy":"product_tag","embeddable":true,"href":"https:\/\/negevdesert.ch\/de\/wp-json\/wp\/v2\/product_tag?post=939"}],"curies":[{"name":"wp","href":"https:\/\/api.w.org\/{rel}","templated":true}]}}