{"id":935,"date":"2018-06-02T21:09:12","date_gmt":"2018-06-02T18:09:12","guid":{"rendered":"http:\/\/negevdesert.ch\/product\/rn-neve-midbar-adom\/"},"modified":"2025-05-02T21:00:36","modified_gmt":"2025-05-02T19:00:36","slug":"negev-desert-israelischer-koscherer-boutique-wein-genf-schweiz-2","status":"publish","type":"product","link":"https:\/\/negevdesert.ch\/de\/produkt\/negev-desert-israelischer-koscherer-boutique-wein-genf-schweiz-2\/","title":{"rendered":"RN Neve Midbar Adom &#8211; Rotwein"},"content":{"rendered":"<p>RN Neve Midbar<\/p>\n<p>Jahr 2023<\/p>\n<p>14% Alc.<\/p>\n<p>Reifezeit: 14 Monate in franz\u00f6sischen und amerikanischen Eichenf\u00e4ssern.<br \/>\nDer lila Rouge ist sauber und sauber mit einem mittleren bis vollen Geschmack. Geschmack nach Pflaumen, Heidelbeeren und Kirschen, mit Spuren von Schokolade, Kr\u00e4utern und gr\u00fcnen Oliven. Ausgepr\u00e4gte, aber s\u00fc\u00dfe Tannine. Dieser Wein passt hervorragend zu Lammkoteletts, Rindfleischsteak oder Lammeintopf.<\/p>\n<p>WEIN AUS ISRAEL<\/p>\n<h5><em>Negev Desert &#8211; Israelischer koscherer Boutique-Wein &#8211; Genf, Schweiz<\/em><\/h5>\n<div style='text-align:left' class='yasr-auto-insert-overall'><\/div><div style='text-align:left' class='yasr-auto-insert-visitor'><!--Yasr Visitor Votes Shortcode--><div id='yasr_visitor_votes_2971312d96abb' class='yasr-visitor-votes'><div class=\"yasr-custom-text-vv-before yasr-custom-text-vv-before-935\">Click to rate this post!<\/div><div id='yasr-vv-second-row-container-2971312d96abb'\r\n                                        class='yasr-vv-second-row-container'><div id='yasr-visitor-votes-rater-2971312d96abb'\r\n                                      class='yasr-rater-stars-vv'\r\n                                      data-rater-postid='935'\r\n                                      data-rating='0'\r\n                                      data-rater-starsize='24'\r\n                                      data-rater-readonly='false'\r\n                                      data-rater-nonce='f81a6b2000'\r\n                                      data-issingular='false'\r\n                                    ><\/div><div class=\"yasr-vv-stats-text-container\" id=\"yasr-vv-stats-text-container-2971312d96abb\"><svg xmlns=\"https:\/\/www.w3.org\/2000\/svg\" width=\"20\" height=\"20\"\r\n                                   class=\"yasr-dashicons-visitor-stats\"\r\n                                   data-postid=\"935\"\r\n                                   id=\"yasr-stats-dashicon-2971312d96abb\">\r\n                                   <path d=\"M18 18v-16h-4v16h4zM12 18v-11h-4v11h4zM6 18v-8h-4v8h4z\"><\/path>\r\n                               <\/svg><span id=\"yasr-vv-text-container-2971312d96abb\" class=\"yasr-vv-text-container\">[Total: <span id=\"yasr-vv-votes-number-container-2971312d96abb\">0<\/span>  Average: <span id=\"yasr-vv-average-container-2971312d96abb\">0<\/span>]<\/span><\/div><div id='yasr-vv-loader-2971312d96abb' class='yasr-vv-container-loader'><\/div><\/div><div id='yasr-vv-bottom-container-2971312d96abb' class='yasr-vv-bottom-container'><\/div><\/div><!--End Yasr Visitor Votes Shortcode--><\/div>","protected":false},"excerpt":{"rendered":"<h4><b>Cabernet Sauvignon<\/b><b> &amp; Petit Verdort \u00a0&#8211; <\/b><\/h4>\n<h4><b>Trocke<\/b><b>ner\u00a0<\/b><\/h4>\n<h4><b> <\/b><strong>2023<\/strong><\/h4>\n","protected":false},"featured_media":10518,"comment_status":"open","ping_status":"closed","template":"","meta":{"yasr_overall_rating":0,"yasr_post_is_review":"","yasr_auto_insert_disabled":"","yasr_review_type":""},"product_brand":[87],"product_cat":[61,67],"product_tag":[],"class_list":{"0":"post-935","1":"product","2":"type-product","3":"status-publish","4":"has-post-thumbnail","6":"product_brand-ramat-negev-winery-de","7":"product_cat-israelischer-koscher-boutique-wein","8":"product_cat-rot","10":"first","11":"instock","12":"shipping-taxable","13":"purchasable","14":"product-type-simple"},"acf":[],"yasr_visitor_votes":{"stars_attributes":{"read_only":false,"span_bottom":false},"number_of_votes":0,"sum_votes":0},"_links":{"self":[{"href":"https:\/\/negevdesert.ch\/de\/wp-json\/wp\/v2\/product\/935","targetHints":{"allow":["GET"]}}],"collection":[{"href":"https:\/\/negevdesert.ch\/de\/wp-json\/wp\/v2\/product"}],"about":[{"href":"https:\/\/negevdesert.ch\/de\/wp-json\/wp\/v2\/types\/product"}],"replies":[{"embeddable":true,"href":"https:\/\/negevdesert.ch\/de\/wp-json\/wp\/v2\/comments?post=935"}],"wp:featuredmedia":[{"embeddable":true,"href":"https:\/\/negevdesert.ch\/de\/wp-json\/wp\/v2\/media\/10518"}],"wp:attachment":[{"href":"https:\/\/negevdesert.ch\/de\/wp-json\/wp\/v2\/media?parent=935"}],"wp:term":[{"taxonomy":"product_brand","embeddable":true,"href":"https:\/\/negevdesert.ch\/de\/wp-json\/wp\/v2\/product_brand?post=935"},{"taxonomy":"product_cat","embeddable":true,"href":"https:\/\/negevdesert.ch\/de\/wp-json\/wp\/v2\/product_cat?post=935"},{"taxonomy":"product_tag","embeddable":true,"href":"https:\/\/negevdesert.ch\/de\/wp-json\/wp\/v2\/product_tag?post=935"}],"curies":[{"name":"wp","href":"https:\/\/api.w.org\/{rel}","templated":true}]}}