{"id":909,"date":"2018-07-11T23:10:23","date_gmt":"2018-07-11T20:10:23","guid":{"rendered":"http:\/\/negevdesert.ch\/product\/rn-ramon-petit-verdot\/"},"modified":"2025-03-02T19:50:41","modified_gmt":"2025-03-02T18:50:41","slug":"rn-ramon-petit-verdot","status":"publish","type":"product","link":"https:\/\/negevdesert.ch\/de\/produkt\/rn-ramon-petit-verdot\/","title":{"rendered":"RN Ramon \u2013 Petit Verdot"},"content":{"rendered":"<p>Jahr 2020<\/p>\n<p>14% Alc.<\/p>\n<p><strong>100% Petit Verdot &#8211; BEST-SELLER !<\/strong><\/p>\n<p><strong>Reifung:<\/strong> 18 Monate in neuen franz\u00f6sischen Eichenf\u00e4ssern.<\/p>\n<p>Dieser Wein hat eine kr\u00e4ftige, feste violett-schwarze Farbe, einen vollen K\u00f6rper, feste Tannine und einen guten S\u00e4uregehalt. Er passt hervorragend zu fettreichen Fleischgerichten wie Entrecote, Lendenbraten, Kalbfleisch, Lamm und W\u00fcrstchen. W\u00fcrziges Essen passt gut zu Petit Verdot und ist perfekt f\u00fcr eine Vielzahl von Hart- und Halbweichk\u00e4se.<\/p>\n<h5><em>Negev Desert &#8211; Koschere Weine aus Israel &#8211; Genf, Schweiz<\/em><\/h5>\n<div style='text-align:left' class='yasr-auto-insert-overall'><\/div><div style='text-align:left' class='yasr-auto-insert-visitor'><!--Yasr Visitor Votes Shortcode--><div id='yasr_visitor_votes_dc76e80b12c90' class='yasr-visitor-votes'><div class=\"yasr-custom-text-vv-before yasr-custom-text-vv-before-909\">Click to rate this post!<\/div><div id='yasr-vv-second-row-container-dc76e80b12c90'\r\n                                        class='yasr-vv-second-row-container'><div id='yasr-visitor-votes-rater-dc76e80b12c90'\r\n                                      class='yasr-rater-stars-vv'\r\n                                      data-rater-postid='909'\r\n                                      data-rating='0'\r\n                                      data-rater-starsize='24'\r\n                                      data-rater-readonly='false'\r\n                                      data-rater-nonce='2217b64c0f'\r\n                                      data-issingular='false'\r\n                                    ><\/div><div class=\"yasr-vv-stats-text-container\" id=\"yasr-vv-stats-text-container-dc76e80b12c90\"><svg xmlns=\"https:\/\/www.w3.org\/2000\/svg\" width=\"20\" height=\"20\"\r\n                                   class=\"yasr-dashicons-visitor-stats\"\r\n                                   data-postid=\"909\"\r\n                                   id=\"yasr-stats-dashicon-dc76e80b12c90\">\r\n                                   <path d=\"M18 18v-16h-4v16h4zM12 18v-11h-4v11h4zM6 18v-8h-4v8h4z\"><\/path>\r\n                               <\/svg><span id=\"yasr-vv-text-container-dc76e80b12c90\" class=\"yasr-vv-text-container\">[Total: <span id=\"yasr-vv-votes-number-container-dc76e80b12c90\">0<\/span>  Average: <span id=\"yasr-vv-average-container-dc76e80b12c90\">0<\/span>]<\/span><\/div><div id='yasr-vv-loader-dc76e80b12c90' class='yasr-vv-container-loader'><\/div><\/div><div id='yasr-vv-bottom-container-dc76e80b12c90' class='yasr-vv-bottom-container'><\/div><\/div><!--End Yasr Visitor Votes Shortcode--><\/div>","protected":false},"excerpt":{"rendered":"<h4>100% Petit Verdot &#8211; trockener &#8211; 2022<\/h4>\n","protected":false},"featured_media":8637,"comment_status":"open","ping_status":"closed","template":"","meta":{"yasr_overall_rating":0,"yasr_post_is_review":"","yasr_auto_insert_disabled":"","yasr_review_type":""},"product_brand":[87],"product_cat":[61,67],"product_tag":[],"class_list":{"0":"post-909","1":"product","2":"type-product","3":"status-publish","4":"has-post-thumbnail","6":"product_brand-ramat-negev-winery-de","7":"product_cat-israelischer-koscher-boutique-wein","8":"product_cat-rot","10":"first","11":"instock","12":"shipping-taxable","13":"purchasable","14":"product-type-simple"},"acf":[],"yasr_visitor_votes":{"stars_attributes":{"read_only":false,"span_bottom":false},"number_of_votes":0,"sum_votes":0},"_links":{"self":[{"href":"https:\/\/negevdesert.ch\/de\/wp-json\/wp\/v2\/product\/909","targetHints":{"allow":["GET"]}}],"collection":[{"href":"https:\/\/negevdesert.ch\/de\/wp-json\/wp\/v2\/product"}],"about":[{"href":"https:\/\/negevdesert.ch\/de\/wp-json\/wp\/v2\/types\/product"}],"replies":[{"embeddable":true,"href":"https:\/\/negevdesert.ch\/de\/wp-json\/wp\/v2\/comments?post=909"}],"wp:featuredmedia":[{"embeddable":true,"href":"https:\/\/negevdesert.ch\/de\/wp-json\/wp\/v2\/media\/8637"}],"wp:attachment":[{"href":"https:\/\/negevdesert.ch\/de\/wp-json\/wp\/v2\/media?parent=909"}],"wp:term":[{"taxonomy":"product_brand","embeddable":true,"href":"https:\/\/negevdesert.ch\/de\/wp-json\/wp\/v2\/product_brand?post=909"},{"taxonomy":"product_cat","embeddable":true,"href":"https:\/\/negevdesert.ch\/de\/wp-json\/wp\/v2\/product_cat?post=909"},{"taxonomy":"product_tag","embeddable":true,"href":"https:\/\/negevdesert.ch\/de\/wp-json\/wp\/v2\/product_tag?post=909"}],"curies":[{"name":"wp","href":"https:\/\/api.w.org\/{rel}","templated":true}]}}