{"id":895,"date":"2018-07-12T00:04:29","date_gmt":"2018-07-11T21:04:29","guid":{"rendered":"http:\/\/negevdesert.ch\/product\/yaffo-heritage\/"},"modified":"2026-03-14T12:16:56","modified_gmt":"2026-03-14T11:16:56","slug":"yaffo-winery-heritage-negev-desert-kosher-boutique-wine-geneva-switzerland","status":"publish","type":"product","link":"https:\/\/negevdesert.ch\/de\/produkt\/yaffo-winery-heritage-negev-desert-kosher-boutique-wine-geneva-switzerland\/","title":{"rendered":"Yaffo \u2013 H\u00e9ritage"},"content":{"rendered":"<div class=\"the-blend\">\n<h4 class=\"blend uppercase\"><span class=\"fancy-underline\"><strong>YaFFO WINERY<\/strong><\/span><\/h4>\n<p class=\"blend\"><span style=\"font-size: 120%;\"><em><strong>H\u00e9ritage &#8211; <span style=\"font-size: 80%;\">Die Premium-Mischung des Weingutes Yaffo<\/span><\/strong><\/em><\/span><\/p>\n<\/div>\n<div class=\"stats\">\n<p><strong>Jahr<\/strong> : 2022<\/p>\n<p><strong>Alkohol:<\/strong> 13.9%<\/p>\n<p><strong>Gr\u00f6\u00dfe<\/strong>: 750ml<\/p>\n<p><strong>Reifung<\/strong>: <strong>24 Monate<\/strong> lang in franz\u00f6sischen Eichenf\u00e4ssern.<\/p>\n<p><strong>Charakter<\/strong>: Eine Mischung aus Cabernet Sauvignon und Shiraz, die die Eichenalterung mit Gew\u00fcrzen und Zimtnoten widerspiegelt, die schwarze Fr\u00fcchte, Tabak und einen Hauch von Lakritz hervorheben, der im Abgang zum Vorschein kommt. Lang, rund und gro\u00dfz\u00fcgig.<\/p>\n<p><strong>Servieren von Vorschl\u00e4gen<\/strong>: Eine ausgezeichnete Erg\u00e4nzung zu reichhaltigen Lebensmitteln wie Lammschulter oder Roastbeef.<\/p>\n<p><span data-text-color=\"primary\">&#8222;H\u00e9ritage&#8220; ist der Spitzenwein von Yaffo Winery. Der Prozess beginnt bei der Auswahl der Trauben, setzt sich mit akribischen Produktionsstandards fort und endet bei einem guten Wein..<\/span><\/p>\n<div dir=\"ltr\">WEIN AUS ISRAEL &#8211; ROT<\/div>\n<div dir=\"ltr\"><span style=\"font-size: 80%;\"><em>Negev Desert &#8211; Israelischer koscherer Boutique-Wein &#8211; Genf, Schweiz<\/em><\/span><\/div>\n<h5><\/h5>\n<\/div>\n<div style='text-align:left' class='yasr-auto-insert-overall'><\/div><div style='text-align:left' class='yasr-auto-insert-visitor'><!--Yasr Visitor Votes Shortcode--><div id='yasr_visitor_votes_71d794e471600' class='yasr-visitor-votes'><div class=\"yasr-custom-text-vv-before yasr-custom-text-vv-before-895\">Click to rate this post!<\/div><div id='yasr-vv-second-row-container-71d794e471600'\r\n                                        class='yasr-vv-second-row-container'><div id='yasr-visitor-votes-rater-71d794e471600'\r\n                                      class='yasr-rater-stars-vv'\r\n                                      data-rater-postid='895'\r\n                                      data-rating='0'\r\n                                      data-rater-starsize='24'\r\n                                      data-rater-readonly='false'\r\n                                      data-rater-nonce='2217b64c0f'\r\n                                      data-issingular='false'\r\n                                    ><\/div><div class=\"yasr-vv-stats-text-container\" id=\"yasr-vv-stats-text-container-71d794e471600\"><svg xmlns=\"https:\/\/www.w3.org\/2000\/svg\" width=\"20\" height=\"20\"\r\n                                   class=\"yasr-dashicons-visitor-stats\"\r\n                                   data-postid=\"895\"\r\n                                   id=\"yasr-stats-dashicon-71d794e471600\">\r\n                                   <path d=\"M18 18v-16h-4v16h4zM12 18v-11h-4v11h4zM6 18v-8h-4v8h4z\"><\/path>\r\n                               <\/svg><span id=\"yasr-vv-text-container-71d794e471600\" class=\"yasr-vv-text-container\">[Total: <span id=\"yasr-vv-votes-number-container-71d794e471600\">0<\/span>  Average: <span id=\"yasr-vv-average-container-71d794e471600\">0<\/span>]<\/span><\/div><div id='yasr-vv-loader-71d794e471600' class='yasr-vv-container-loader'><\/div><\/div><div id='yasr-vv-bottom-container-71d794e471600' class='yasr-vv-bottom-container'><\/div><\/div><!--End Yasr Visitor Votes Shortcode--><\/div>","protected":false},"excerpt":{"rendered":"<section class=\"av_textblock_section\">\n<div class=\"avia_textblock \">\n<div dir=\"ltr\">\n<h4><strong>Cabernet Sauvignon &amp; Syrah &#8211; Trockener<\/strong><\/h4>\n<p><em><span style=\"font-size: 110%;\"><strong>2022<\/strong><\/span><\/em><\/p>\n<p class=\"p1\">\n<\/div>\n<\/div>\n<\/section>\n","protected":false},"featured_media":10006,"comment_status":"open","ping_status":"closed","template":"","meta":{"yasr_overall_rating":0,"yasr_post_is_review":"","yasr_auto_insert_disabled":"","yasr_review_type":""},"product_brand":[89],"product_cat":[61,67],"product_tag":[],"class_list":{"0":"post-895","1":"product","2":"type-product","3":"status-publish","4":"has-post-thumbnail","6":"product_brand-yaffo-winery-de","7":"product_cat-israelischer-koscher-boutique-wein","8":"product_cat-rot","10":"first","11":"instock","12":"shipping-taxable","13":"purchasable","14":"product-type-simple"},"acf":[],"yasr_visitor_votes":{"stars_attributes":{"read_only":false,"span_bottom":false},"number_of_votes":0,"sum_votes":0},"_links":{"self":[{"href":"https:\/\/negevdesert.ch\/de\/wp-json\/wp\/v2\/product\/895","targetHints":{"allow":["GET"]}}],"collection":[{"href":"https:\/\/negevdesert.ch\/de\/wp-json\/wp\/v2\/product"}],"about":[{"href":"https:\/\/negevdesert.ch\/de\/wp-json\/wp\/v2\/types\/product"}],"replies":[{"embeddable":true,"href":"https:\/\/negevdesert.ch\/de\/wp-json\/wp\/v2\/comments?post=895"}],"wp:featuredmedia":[{"embeddable":true,"href":"https:\/\/negevdesert.ch\/de\/wp-json\/wp\/v2\/media\/10006"}],"wp:attachment":[{"href":"https:\/\/negevdesert.ch\/de\/wp-json\/wp\/v2\/media?parent=895"}],"wp:term":[{"taxonomy":"product_brand","embeddable":true,"href":"https:\/\/negevdesert.ch\/de\/wp-json\/wp\/v2\/product_brand?post=895"},{"taxonomy":"product_cat","embeddable":true,"href":"https:\/\/negevdesert.ch\/de\/wp-json\/wp\/v2\/product_cat?post=895"},{"taxonomy":"product_tag","embeddable":true,"href":"https:\/\/negevdesert.ch\/de\/wp-json\/wp\/v2\/product_tag?post=895"}],"curies":[{"name":"wp","href":"https:\/\/api.w.org\/{rel}","templated":true}]}}