{"id":8887,"date":"2022-02-24T13:39:35","date_gmt":"2022-02-24T12:39:35","guid":{"rendered":"https:\/\/negevdesert.ch\/product\/aviv-gluten-israel-free-kosher-matzo-for-pessah-switzerland-2\/"},"modified":"2026-03-19T12:29:08","modified_gmt":"2026-03-19T11:29:08","slug":"aviv-glutenfreies-matzenmehl-mazzen-koscher-fur-pessach","status":"publish","type":"product","link":"https:\/\/negevdesert.ch\/de\/produkt\/aviv-glutenfreies-matzenmehl-mazzen-koscher-fur-pessach\/","title":{"rendered":"AVIV &#8211; Glutenfrei Matzemehl\/Mazzemehl"},"content":{"rendered":"<h3 class=\"uppercase\"><span class=\"fancy-underline\" style=\"color: #f99b1c;\"><strong>Matzot AVIV<\/strong><\/span><\/h3>\n<p class=\"uppercase\"><span style=\"color: #00aae7;\"><strong><span style=\"font-size: 120%;\"><em> Glutenfrei Matzemehl\/Mazzemehl <\/em><\/span><\/strong><\/span><\/p>\n<p>300gr<br \/>\nkoscher f\u00fcr Pessach<\/p>\n<p>Glutenfreies Matzenmehl wird aus Tapiokast\u00e4rke, Kartoffelst\u00e4rke und Kartoffelmehl hergestellt. Perfekt f\u00fcr Gefilte Fish, Kneidelach (Matzeb\u00e4llchen) und zum Backen von Kuchen\/Keksen, die GLUTENFREI sind.<\/p>\n<p dir=\"ltr\"><span style=\"color: #000000;\"><strong>MADE IN <a style=\"color: #000000;\" href=\"https:\/\/de.wikipedia.org\/wiki\/Bnei_Berak\" rel=\"nofollow noopener\" target=\"_blank\">ISRAEL<\/a><em>\u00a0\u2013 BNEI BERAK <\/em><\/strong><\/span><\/p>\n<h4 class=\"alt-font\" style=\"text-align: center;\"><span style=\"font-size: 100%;\"><strong>Negev Desert<\/strong> &#8211; Qualit\u00e4t koscher Weine aus Israel\u00a0<\/span><\/h4>\n<h4 class=\"alt-font\" style=\"text-align: center;\"><span style=\"font-size: 75%;\"><span style=\"font-size: 100%;\"><strong>Schweiz<\/strong> &#8211; Genf &#8211; Z\u00fcrich &#8211; Basel<\/span><\/span><\/h4>\n<div style='text-align:left' class='yasr-auto-insert-overall'><\/div><div style='text-align:left' class='yasr-auto-insert-visitor'><!--Yasr Visitor Votes Shortcode--><div id='yasr_visitor_votes_43b6489b2109e' class='yasr-visitor-votes'><div class=\"yasr-custom-text-vv-before yasr-custom-text-vv-before-8887\">Click to rate this post!<\/div><div id='yasr-vv-second-row-container-43b6489b2109e'\r\n                                        class='yasr-vv-second-row-container'><div id='yasr-visitor-votes-rater-43b6489b2109e'\r\n                                      class='yasr-rater-stars-vv'\r\n                                      data-rater-postid='8887'\r\n                                      data-rating='0'\r\n                                      data-rater-starsize='24'\r\n                                      data-rater-readonly='false'\r\n                                      data-rater-nonce='31f212ff2e'\r\n                                      data-issingular='false'\r\n                                    ><\/div><div class=\"yasr-vv-stats-text-container\" id=\"yasr-vv-stats-text-container-43b6489b2109e\"><svg xmlns=\"https:\/\/www.w3.org\/2000\/svg\" width=\"20\" height=\"20\"\r\n                                   class=\"yasr-dashicons-visitor-stats\"\r\n                                   data-postid=\"8887\"\r\n                                   id=\"yasr-stats-dashicon-43b6489b2109e\">\r\n                                   <path d=\"M18 18v-16h-4v16h4zM12 18v-11h-4v11h4zM6 18v-8h-4v8h4z\"><\/path>\r\n                               <\/svg><span id=\"yasr-vv-text-container-43b6489b2109e\" class=\"yasr-vv-text-container\">[Total: <span id=\"yasr-vv-votes-number-container-43b6489b2109e\">0<\/span>  Average: <span id=\"yasr-vv-average-container-43b6489b2109e\">0<\/span>]<\/span><\/div><div id='yasr-vv-loader-43b6489b2109e' class='yasr-vv-container-loader'><\/div><\/div><div id='yasr-vv-bottom-container-43b6489b2109e' class='yasr-vv-bottom-container'><\/div><\/div><!--End Yasr Visitor Votes Shortcode--><\/div>","protected":false},"excerpt":{"rendered":"<p>Koscher f\u00fcr Pessah<br \/>\n*100% Made in Israel<\/p>\n<p>300gr.<\/p>\n","protected":false},"featured_media":8802,"comment_status":"open","ping_status":"closed","template":"","meta":{"yasr_overall_rating":0,"yasr_post_is_review":"","yasr_auto_insert_disabled":"","yasr_review_type":""},"product_brand":[],"product_cat":[53],"product_tag":[107,256],"class_list":{"0":"post-8887","1":"product","2":"type-product","3":"status-publish","4":"has-post-thumbnail","6":"product_cat-andere-produkte","7":"product_tag-aviv-matza-pain-azyme-sans-gluten-cacher-casher-kasher-le-pessah-israel-de","8":"product_tag-kosher-for-passover-fr-de","10":"first","11":"instock","12":"shipping-taxable","13":"purchasable","14":"product-type-simple"},"acf":[],"yasr_visitor_votes":{"stars_attributes":{"read_only":false,"span_bottom":false},"number_of_votes":0,"sum_votes":0},"_links":{"self":[{"href":"https:\/\/negevdesert.ch\/de\/wp-json\/wp\/v2\/product\/8887","targetHints":{"allow":["GET"]}}],"collection":[{"href":"https:\/\/negevdesert.ch\/de\/wp-json\/wp\/v2\/product"}],"about":[{"href":"https:\/\/negevdesert.ch\/de\/wp-json\/wp\/v2\/types\/product"}],"replies":[{"embeddable":true,"href":"https:\/\/negevdesert.ch\/de\/wp-json\/wp\/v2\/comments?post=8887"}],"wp:featuredmedia":[{"embeddable":true,"href":"https:\/\/negevdesert.ch\/de\/wp-json\/wp\/v2\/media\/8802"}],"wp:attachment":[{"href":"https:\/\/negevdesert.ch\/de\/wp-json\/wp\/v2\/media?parent=8887"}],"wp:term":[{"taxonomy":"product_brand","embeddable":true,"href":"https:\/\/negevdesert.ch\/de\/wp-json\/wp\/v2\/product_brand?post=8887"},{"taxonomy":"product_cat","embeddable":true,"href":"https:\/\/negevdesert.ch\/de\/wp-json\/wp\/v2\/product_cat?post=8887"},{"taxonomy":"product_tag","embeddable":true,"href":"https:\/\/negevdesert.ch\/de\/wp-json\/wp\/v2\/product_tag?post=8887"}],"curies":[{"name":"wp","href":"https:\/\/api.w.org\/{rel}","templated":true}]}}