{"id":8867,"date":"2022-02-25T12:18:16","date_gmt":"2022-02-25T11:18:16","guid":{"rendered":"https:\/\/negevdesert.ch\/product\/yaffo-image\/"},"modified":"2025-11-03T09:53:17","modified_gmt":"2025-11-03T08:53:17","slug":"yaffo-image","status":"publish","type":"product","link":"https:\/\/negevdesert.ch\/de\/produkt\/yaffo-image\/","title":{"rendered":"YAFFO &#8211; Image"},"content":{"rendered":"<div class=\"the-blend\">\n<h4 class=\"uppercase\"><span class=\"fancy-underline\" style=\"color: #f99b1c; font-size: 100%;\">YAFFO wineRY<\/span><\/h4>\n<p><span style=\"font-size: 120%;\" data-text-color=\"primary\"><em><strong>IMAGE &#8211; RotWein- L&#8217;assemblage premium du vignoble Yaffo\u00a0<\/strong><\/em><\/span><\/p>\n<\/div>\n<div class=\"stats\">\n<p class=\"p1\"><strong>Ann\u00e9e<\/strong> : 2021<\/p>\n<p class=\"p1\"><strong>Alcool:<\/strong>\u00a014%<\/p>\n<p><strong>Volume<\/strong>: 750ml<\/p>\n<p><strong>Maturit\u00e9:<\/strong>\u00a0<strong>24 mois<\/strong> dans des f\u00fbts en ch\u00eane fran\u00e7ais<\/p>\n<\/div>\n<p><em>Casher\/cacher le\u2019Pessah\/Pessach\/Pessa\u2019h<\/em><\/p>\n<p><strong><a href=\"https:\/\/en.wikipedia.org\/wiki\/Israel\" rel=\"nofollow noopener\" target=\"_blank\"><em>PRODUIT EN ISRA\u00cbL \u2013 vall\u00e9e de Ella<\/em><\/a><\/strong><\/p>\n<p>WEIN AUS ISRAEL &#8211; KOSCHER<\/p>\n<h5 class=\"alt-font\" style=\"text-align: center;\"><strong><em>Negev Desert \u2013 Israelischer koscherer Wein, Schweiz<\/em><\/strong><\/h5>\n<h5 class=\"alt-font\" style=\"text-align: center;\"><strong><em>\u00a0Online Koschere Gesch\u00e4fte<\/em><\/strong><\/h5>\n<h5 style=\"text-align: center;\"><\/h5>\n<div style='text-align:left' class='yasr-auto-insert-overall'><\/div><div style='text-align:left' class='yasr-auto-insert-visitor'><!--Yasr Visitor Votes Shortcode--><div id='yasr_visitor_votes_29acb529ed612' class='yasr-visitor-votes'><div class=\"yasr-custom-text-vv-before yasr-custom-text-vv-before-8867\">Click to rate this post!<\/div><div id='yasr-vv-second-row-container-29acb529ed612'\r\n                                        class='yasr-vv-second-row-container'><div id='yasr-visitor-votes-rater-29acb529ed612'\r\n                                      class='yasr-rater-stars-vv'\r\n                                      data-rater-postid='8867'\r\n                                      data-rating='0'\r\n                                      data-rater-starsize='24'\r\n                                      data-rater-readonly='false'\r\n                                      data-rater-nonce='2217b64c0f'\r\n                                      data-issingular='false'\r\n                                    ><\/div><div class=\"yasr-vv-stats-text-container\" id=\"yasr-vv-stats-text-container-29acb529ed612\"><svg xmlns=\"https:\/\/www.w3.org\/2000\/svg\" width=\"20\" height=\"20\"\r\n                                   class=\"yasr-dashicons-visitor-stats\"\r\n                                   data-postid=\"8867\"\r\n                                   id=\"yasr-stats-dashicon-29acb529ed612\">\r\n                                   <path d=\"M18 18v-16h-4v16h4zM12 18v-11h-4v11h4zM6 18v-8h-4v8h4z\"><\/path>\r\n                               <\/svg><span id=\"yasr-vv-text-container-29acb529ed612\" class=\"yasr-vv-text-container\">[Total: <span id=\"yasr-vv-votes-number-container-29acb529ed612\">0<\/span>  Average: <span id=\"yasr-vv-average-container-29acb529ed612\">0<\/span>]<\/span><\/div><div id='yasr-vv-loader-29acb529ed612' class='yasr-vv-container-loader'><\/div><\/div><div id='yasr-vv-bottom-container-29acb529ed612' class='yasr-vv-bottom-container'><\/div><\/div><!--End Yasr Visitor Votes Shortcode--><\/div>","protected":false},"excerpt":{"rendered":"<p>Cabernet sauvignon &amp; Malbec &#8211; Trocken &#8211; 2021<\/p>\n","protected":false},"featured_media":8865,"comment_status":"open","ping_status":"closed","template":"","meta":{"yasr_overall_rating":0,"yasr_post_is_review":"","yasr_auto_insert_disabled":"","yasr_review_type":""},"product_brand":[89],"product_cat":[61,67],"product_tag":[],"class_list":{"0":"post-8867","1":"product","2":"type-product","3":"status-publish","4":"has-post-thumbnail","6":"product_brand-yaffo-winery-de","7":"product_cat-israelischer-koscher-boutique-wein","8":"product_cat-rot","10":"first","11":"instock","12":"shipping-taxable","13":"purchasable","14":"product-type-simple"},"acf":[],"yasr_visitor_votes":{"stars_attributes":{"read_only":false,"span_bottom":false},"number_of_votes":0,"sum_votes":0},"_links":{"self":[{"href":"https:\/\/negevdesert.ch\/de\/wp-json\/wp\/v2\/product\/8867","targetHints":{"allow":["GET"]}}],"collection":[{"href":"https:\/\/negevdesert.ch\/de\/wp-json\/wp\/v2\/product"}],"about":[{"href":"https:\/\/negevdesert.ch\/de\/wp-json\/wp\/v2\/types\/product"}],"replies":[{"embeddable":true,"href":"https:\/\/negevdesert.ch\/de\/wp-json\/wp\/v2\/comments?post=8867"}],"wp:featuredmedia":[{"embeddable":true,"href":"https:\/\/negevdesert.ch\/de\/wp-json\/wp\/v2\/media\/8865"}],"wp:attachment":[{"href":"https:\/\/negevdesert.ch\/de\/wp-json\/wp\/v2\/media?parent=8867"}],"wp:term":[{"taxonomy":"product_brand","embeddable":true,"href":"https:\/\/negevdesert.ch\/de\/wp-json\/wp\/v2\/product_brand?post=8867"},{"taxonomy":"product_cat","embeddable":true,"href":"https:\/\/negevdesert.ch\/de\/wp-json\/wp\/v2\/product_cat?post=8867"},{"taxonomy":"product_tag","embeddable":true,"href":"https:\/\/negevdesert.ch\/de\/wp-json\/wp\/v2\/product_tag?post=8867"}],"curies":[{"name":"wp","href":"https:\/\/api.w.org\/{rel}","templated":true}]}}