{"id":8681,"date":"2022-02-14T15:06:30","date_gmt":"2022-02-14T14:06:30","guid":{"rendered":"https:\/\/negevdesert.ch\/product\/negev-desert-moshav-koscheres_olivenoel_extra_vergine_aus_israel\/"},"modified":"2024-02-01T11:31:41","modified_gmt":"2024-02-01T10:31:41","slug":"negev-desert-moshav-koscheres_olivenoel_extra_vergine_aus_israel","status":"publish","type":"product","link":"https:\/\/negevdesert.ch\/de\/produkt\/negev-desert-moshav-koscheres_olivenoel_extra_vergine_aus_israel\/","title":{"rendered":"MOSHAV &#8211; Oliven\u00f6l extra vergine &#8211; 500ml"},"content":{"rendered":"<h3 class=\"uppercase\"><span class=\"fancy-underline\" style=\"color: #f99b1c;\"><strong>MOSHAV <\/strong><\/span><\/h3>\n<p>Huile d\u2019olive extra vierge d\u2019Isra\u00ebl<\/p>\n<p>Dieses Oliven\u00f6l ist einzigartig, da nur 1000 Olivenb\u00e4ume f\u00fcr seine Herstellung verwendet werden. Es wird von der Familie Simhoni aus dem Moschaw Bnei Hatarot in Zentralisrael von Hand geerntet. Dieser Moschaw baut die israelischen Barnea-Oliven ab.<\/p>\n<p>Maximaler S\u00e4uregehalt 0.5 %<\/p>\n<p>Koscher f\u00fcr Pessach<\/p>\n<h5><a href=\"https:\/\/de.frwiki.wiki\/wiki\/Bnei_Atarot\" rel=\"nofollow noopener\" target=\"_blank\"><strong><em>PRODUZIERT IN ISRAEL \u2013 Simchoni Farm, Moshav Bnei Atarot<\/em><\/strong><\/a><\/h5>\n<p>&nbsp;<\/p>\n<h4 class=\"alt-font\" style=\"text-align: center;\"><span style=\"font-size: 100%;\"><strong>Negev Desert<\/strong> &#8211; Qualit\u00e4t koscher Weine aus Israel\u00a0<\/span><\/h4>\n<h4 class=\"alt-font\" style=\"text-align: center;\"><span style=\"font-size: 75%;\"><span style=\"font-size: 100%;\"><strong>Schweiz<\/strong> &#8211; Genf &#8211; Z\u00fcrich &#8211; Basel<\/span><\/span><\/h4>\n<div style='text-align:left' class='yasr-auto-insert-overall'><\/div><div style='text-align:left' class='yasr-auto-insert-visitor'><!--Yasr Visitor Votes Shortcode--><div id='yasr_visitor_votes_e6786470eee94' class='yasr-visitor-votes'><div class=\"yasr-custom-text-vv-before yasr-custom-text-vv-before-8681\">Click to rate this post!<\/div><div id='yasr-vv-second-row-container-e6786470eee94'\r\n                                        class='yasr-vv-second-row-container'><div id='yasr-visitor-votes-rater-e6786470eee94'\r\n                                      class='yasr-rater-stars-vv'\r\n                                      data-rater-postid='8681'\r\n                                      data-rating='0'\r\n                                      data-rater-starsize='24'\r\n                                      data-rater-readonly='false'\r\n                                      data-rater-nonce='2217b64c0f'\r\n                                      data-issingular='false'\r\n                                    ><\/div><div class=\"yasr-vv-stats-text-container\" id=\"yasr-vv-stats-text-container-e6786470eee94\"><svg xmlns=\"https:\/\/www.w3.org\/2000\/svg\" width=\"20\" height=\"20\"\r\n                                   class=\"yasr-dashicons-visitor-stats\"\r\n                                   data-postid=\"8681\"\r\n                                   id=\"yasr-stats-dashicon-e6786470eee94\">\r\n                                   <path d=\"M18 18v-16h-4v16h4zM12 18v-11h-4v11h4zM6 18v-8h-4v8h4z\"><\/path>\r\n                               <\/svg><span id=\"yasr-vv-text-container-e6786470eee94\" class=\"yasr-vv-text-container\">[Total: <span id=\"yasr-vv-votes-number-container-e6786470eee94\">0<\/span>  Average: <span id=\"yasr-vv-average-container-e6786470eee94\">0<\/span>]<\/span><\/div><div id='yasr-vv-loader-e6786470eee94' class='yasr-vv-container-loader'><\/div><\/div><div id='yasr-vv-bottom-container-e6786470eee94' class='yasr-vv-bottom-container'><\/div><\/div><!--End Yasr Visitor Votes Shortcode--><\/div>","protected":false},"excerpt":{"rendered":"<p>Oliven\u00f6l extra vergine.<br \/>\n<span style=\"font-size: 110%;\"><em><strong>100% Made in Israel<\/strong><\/em><\/span><\/p>\n","protected":false},"featured_media":8678,"comment_status":"open","ping_status":"closed","template":"","meta":{"yasr_overall_rating":0,"yasr_post_is_review":"","yasr_auto_insert_disabled":"","yasr_review_type":""},"product_brand":[],"product_cat":[51],"product_tag":[],"class_list":{"0":"post-8681","1":"product","2":"type-product","3":"status-publish","4":"has-post-thumbnail","6":"product_cat-olivenol","8":"first","9":"outofstock","10":"shipping-taxable","11":"purchasable","12":"product-type-simple"},"acf":[],"yasr_visitor_votes":{"stars_attributes":{"read_only":false,"span_bottom":false},"number_of_votes":0,"sum_votes":0},"_links":{"self":[{"href":"https:\/\/negevdesert.ch\/de\/wp-json\/wp\/v2\/product\/8681","targetHints":{"allow":["GET"]}}],"collection":[{"href":"https:\/\/negevdesert.ch\/de\/wp-json\/wp\/v2\/product"}],"about":[{"href":"https:\/\/negevdesert.ch\/de\/wp-json\/wp\/v2\/types\/product"}],"replies":[{"embeddable":true,"href":"https:\/\/negevdesert.ch\/de\/wp-json\/wp\/v2\/comments?post=8681"}],"wp:featuredmedia":[{"embeddable":true,"href":"https:\/\/negevdesert.ch\/de\/wp-json\/wp\/v2\/media\/8678"}],"wp:attachment":[{"href":"https:\/\/negevdesert.ch\/de\/wp-json\/wp\/v2\/media?parent=8681"}],"wp:term":[{"taxonomy":"product_brand","embeddable":true,"href":"https:\/\/negevdesert.ch\/de\/wp-json\/wp\/v2\/product_brand?post=8681"},{"taxonomy":"product_cat","embeddable":true,"href":"https:\/\/negevdesert.ch\/de\/wp-json\/wp\/v2\/product_cat?post=8681"},{"taxonomy":"product_tag","embeddable":true,"href":"https:\/\/negevdesert.ch\/de\/wp-json\/wp\/v2\/product_tag?post=8681"}],"curies":[{"name":"wp","href":"https:\/\/api.w.org\/{rel}","templated":true}]}}